{"id":5369,"date":"2026-04-22T15:48:30","date_gmt":"2026-04-22T18:48:30","guid":{"rendered":"https:\/\/energisaprev.com.br\/relatorioanual2025\/?page_id=5369"},"modified":"2026-04-29T21:20:40","modified_gmt":"2026-04-30T00:20:40","slug":"mensagem-do-conselho-deliberativo","status":"publish","type":"page","link":"https:\/\/energisaprev.com.br\/relatorioanual2025\/institucional\/mensagem-do-conselho-deliberativo\/","title":{"rendered":"Mensagem do Conselho Deliberativo"},"content":{"rendered":"\t\t<div data-elementor-type=\"wp-page\" data-elementor-id=\"5369\" class=\"elementor elementor-5369\">\n\t\t\t\t\t\t<section data-particle_enable=\"false\" data-particle-mobile-disabled=\"false\" class=\"elementor-section elementor-top-section elementor-element elementor-element-363c53aa elementor-section-boxed elementor-section-height-default elementor-section-height-default\" data-id=\"363c53aa\" data-element_type=\"section\" data-e-type=\"section\">\n\t\t\t\t\t\t<div class=\"elementor-container elementor-column-gap-default\">\n\t\t\t\t\t<div class=\"elementor-column elementor-col-100 elementor-top-column elementor-element elementor-element-3d982667\" data-id=\"3d982667\" data-element_type=\"column\" data-e-type=\"column\">\n\t\t\t<div class=\"elementor-widget-wrap elementor-element-populated\">\n\t\t\t\t\t\t<div class=\"elementor-element elementor-element-32b1fd75 elementor-widget elementor-widget-text-editor\" data-id=\"32b1fd75\" data-element_type=\"widget\" data-e-type=\"widget\" data-widget_type=\"text-editor.default\">\n\t\t\t\t<div class=\"elementor-widget-container\">\n\t\t\t\t\t\t\t\t\t<div class=\"page\" title=\"Page 5\"><p>O Conselho Deliberativo exerce um papel fundamental na estrutura de governan\u00e7a da EnergisaPrev, sendo respons\u00e1vel por orientar estrategicamente a entidade e decidir sobre temas essenciais \u00e0 solidez institucional.<\/p><p>\u00a0<\/p><p>Ao longo do exerc\u00edcio 2025, atuamos de forma conjunta na an\u00e1lise e aprova\u00e7\u00e3o de decis\u00f5es-chave para a gest\u00e3o. Entre os principais temas deliberados, estiveram a Pol\u00edtica de Investimentos, a moderniza\u00e7\u00e3o dos planos e o equacionamento, sempre prezando pelo equil\u00edbrio atuarial e seguran\u00e7a dos benef\u00edcios.<\/p><p>\u00a0<\/p><p>Tamb\u00e9m foram avaliados e aprovados instrumentos fundamentais para a administra\u00e7\u00e3o, como o or\u00e7amento anual e o plano de custeio \u2014 que define as contribui\u00e7\u00f5es necess\u00e1rias para garantir o pagamento dos benef\u00edcios e a sustentabilidade dos planos \u2014, viabilizando a efici\u00eancia do Plano de Gest\u00e3o Administrativa (PGA), respons\u00e1vel por organizar e suportar todas as despesas administrativas da entidade.<\/p><p>\u00a0<\/p><p>Outro aspecto relevante da atua\u00e7\u00e3o do Conselho refere-se \u00e0 aprova\u00e7\u00e3o do ciclo do planejamento estrat\u00e9gico, assegurando que as diretrizes institucionais estejam alinhadas \u00e0 miss\u00e3o da entidade e \u00e0s necessidades de longo prazo dos participantes.<\/p><p>\u00a0<\/p><p>Adicionalmente, o Conselho manteve aten\u00e7\u00e3o cont\u00ednua ao fortalecimento dos controles internos e \u00e0 gest\u00e3o de riscos, acompanhando pr\u00e1ticas e instrumentos que asseguram maior seguran\u00e7a, conformidade e mitiga\u00e7\u00e3o de riscos nos processos da entidade, em linha com as melhores pr\u00e1ticas de governan\u00e7a.<\/p><p>\u00a0<\/p><p>Reafirmamos nossa preocupa\u00e7\u00e3o com uma governan\u00e7a s\u00f3lida, perene, transparente e respons\u00e1vel, pautada pela atua\u00e7\u00e3o t\u00e9cnica e pelo di\u00e1logo permanente entre os \u00f3rg\u00e3os estatut\u00e1rios, a fim de preservar a sustentabilidade dos planos e a confian\u00e7a depositada na Funda\u00e7\u00e3o.<\/p><\/div>\t\t\t\t\t\t\t\t<\/div>\n\t\t\t\t<\/div>\n\t\t\t\t\t<\/div>\n\t\t<\/div>\n\t\t\t\t\t<\/div>\n\t\t<\/section>\n\t\t\t\t<\/div>\n\t\t","protected":false},"excerpt":{"rendered":"<p>O Conselho Deliberativo exerce um papel fundamental na estrutura de governan\u00e7a da EnergisaPrev, sendo respons\u00e1vel por orientar estrategicamente a entidade e decidir sobre temas essenciais \u00e0 solidez institucional. Ao longo do exerc\u00edcio 2025, atuamos de forma conjunta na an\u00e1lise e aprova\u00e7\u00e3o de decis\u00f5es-chave para a gest\u00e3o. Entre os principais temas deliberados, estiveram a Pol\u00edtica de [&hellip;]<\/p>\n","protected":false},"author":1,"featured_media":6045,"parent":184,"menu_order":19,"comment_status":"closed","ping_status":"closed","template":"","meta":{"footnotes":""},"class_list":["post-5369","page","type-page","status-publish","has-post-thumbnail","hentry"],"acf":[],"yoast_head":"<!-- This site is optimized with the Yoast SEO plugin v27.5 - https:\/\/yoast.com\/product\/yoast-seo-wordpress\/ -->\n<title>Mensagem do Conselho Deliberativo - Relat\u00f3rio Anual<\/title>\n<meta name=\"robots\" content=\"index, follow, max-snippet:-1, max-image-preview:large, max-video-preview:-1\" \/>\n<link rel=\"canonical\" href=\"https:\/\/energisaprev.com.br\/relatorioanual2025\/institucional\/mensagem-do-conselho-deliberativo\/\" \/>\n<meta property=\"og:locale\" content=\"pt_BR\" \/>\n<meta property=\"og:type\" content=\"article\" \/>\n<meta property=\"og:title\" content=\"Mensagem do Conselho Deliberativo - Relat\u00f3rio Anual\" \/>\n<meta property=\"og:description\" content=\"O Conselho Deliberativo exerce um papel fundamental na estrutura de governan\u00e7a da EnergisaPrev, sendo respons\u00e1vel por orientar estrategicamente a entidade e decidir sobre temas essenciais \u00e0 solidez institucional. Ao longo do exerc\u00edcio 2025, atuamos de forma conjunta na an\u00e1lise e aprova\u00e7\u00e3o de decis\u00f5es-chave para a gest\u00e3o. Entre os principais temas deliberados, estiveram a Pol\u00edtica de [&hellip;]\" \/>\n<meta property=\"og:url\" content=\"https:\/\/energisaprev.com.br\/relatorioanual2025\/institucional\/mensagem-do-conselho-deliberativo\/\" \/>\n<meta property=\"og:site_name\" content=\"Relat\u00f3rio Anual\" \/>\n<meta property=\"article:modified_time\" content=\"2026-04-30T00:20:40+00:00\" \/>\n<meta property=\"og:image\" content=\"https:\/\/energisaprev.com.br\/relatorioanual2025\/wp-content\/uploads\/2026\/04\/webbanner-cd.webp\" \/>\n\t<meta property=\"og:image:width\" content=\"860\" \/>\n\t<meta property=\"og:image:height\" content=\"334\" \/>\n\t<meta property=\"og:image:type\" content=\"image\/webp\" \/>\n<meta name=\"twitter:card\" content=\"summary_large_image\" \/>\n<meta name=\"twitter:label1\" content=\"Est. tempo de leitura\" \/>\n\t<meta name=\"twitter:data1\" content=\"2 minutos\" \/>\n<script type=\"application\/ld+json\" class=\"yoast-schema-graph\">{\"@context\":\"https:\\\/\\\/schema.org\",\"@graph\":[{\"@type\":\"WebPage\",\"@id\":\"https:\\\/\\\/energisaprev.com.br\\\/relatorioanual2025\\\/institucional\\\/mensagem-do-conselho-deliberativo\\\/\",\"url\":\"https:\\\/\\\/energisaprev.com.br\\\/relatorioanual2025\\\/institucional\\\/mensagem-do-conselho-deliberativo\\\/\",\"name\":\"Mensagem do Conselho Deliberativo - Relat\u00f3rio Anual\",\"isPartOf\":{\"@id\":\"https:\\\/\\\/energisaprev.com.br\\\/relatorioanual2025\\\/#website\"},\"primaryImageOfPage\":{\"@id\":\"https:\\\/\\\/energisaprev.com.br\\\/relatorioanual2025\\\/institucional\\\/mensagem-do-conselho-deliberativo\\\/#primaryimage\"},\"image\":{\"@id\":\"https:\\\/\\\/energisaprev.com.br\\\/relatorioanual2025\\\/institucional\\\/mensagem-do-conselho-deliberativo\\\/#primaryimage\"},\"thumbnailUrl\":\"https:\\\/\\\/energisaprev.com.br\\\/relatorioanual2025\\\/wp-content\\\/uploads\\\/2026\\\/04\\\/webbanner-cd.webp\",\"datePublished\":\"2026-04-22T18:48:30+00:00\",\"dateModified\":\"2026-04-30T00:20:40+00:00\",\"breadcrumb\":{\"@id\":\"https:\\\/\\\/energisaprev.com.br\\\/relatorioanual2025\\\/institucional\\\/mensagem-do-conselho-deliberativo\\\/#breadcrumb\"},\"inLanguage\":\"pt-BR\",\"potentialAction\":[{\"@type\":\"ReadAction\",\"target\":[\"https:\\\/\\\/energisaprev.com.br\\\/relatorioanual2025\\\/institucional\\\/mensagem-do-conselho-deliberativo\\\/\"]}]},{\"@type\":\"ImageObject\",\"inLanguage\":\"pt-BR\",\"@id\":\"https:\\\/\\\/energisaprev.com.br\\\/relatorioanual2025\\\/institucional\\\/mensagem-do-conselho-deliberativo\\\/#primaryimage\",\"url\":\"https:\\\/\\\/energisaprev.com.br\\\/relatorioanual2025\\\/wp-content\\\/uploads\\\/2026\\\/04\\\/webbanner-cd.webp\",\"contentUrl\":\"https:\\\/\\\/energisaprev.com.br\\\/relatorioanual2025\\\/wp-content\\\/uploads\\\/2026\\\/04\\\/webbanner-cd.webp\",\"width\":860,\"height\":334},{\"@type\":\"BreadcrumbList\",\"@id\":\"https:\\\/\\\/energisaprev.com.br\\\/relatorioanual2025\\\/institucional\\\/mensagem-do-conselho-deliberativo\\\/#breadcrumb\",\"itemListElement\":[{\"@type\":\"ListItem\",\"position\":1,\"name\":\"In\u00edcio\",\"item\":\"https:\\\/\\\/energisaprev.com.br\\\/relatorioanual2025\\\/\"},{\"@type\":\"ListItem\",\"position\":2,\"name\":\"Institucional\",\"item\":\"https:\\\/\\\/energisaprev.com.br\\\/relatorioanual2025\\\/institucional\\\/\"},{\"@type\":\"ListItem\",\"position\":3,\"name\":\"Mensagem do Conselho Deliberativo\"}]},{\"@type\":\"WebSite\",\"@id\":\"https:\\\/\\\/energisaprev.com.br\\\/relatorioanual2025\\\/#website\",\"url\":\"https:\\\/\\\/energisaprev.com.br\\\/relatorioanual2025\\\/\",\"name\":\"Relat\u00f3rio Anual\",\"description\":\"\",\"potentialAction\":[{\"@type\":\"SearchAction\",\"target\":{\"@type\":\"EntryPoint\",\"urlTemplate\":\"https:\\\/\\\/energisaprev.com.br\\\/relatorioanual2025\\\/?s={search_term_string}\"},\"query-input\":{\"@type\":\"PropertyValueSpecification\",\"valueRequired\":true,\"valueName\":\"search_term_string\"}}],\"inLanguage\":\"pt-BR\"}]}<\/script>\n<!-- \/ Yoast SEO plugin. -->","yoast_head_json":{"title":"Mensagem do Conselho Deliberativo - Relat\u00f3rio Anual","robots":{"index":"index","follow":"follow","max-snippet":"max-snippet:-1","max-image-preview":"max-image-preview:large","max-video-preview":"max-video-preview:-1"},"canonical":"https:\/\/energisaprev.com.br\/relatorioanual2025\/institucional\/mensagem-do-conselho-deliberativo\/","og_locale":"pt_BR","og_type":"article","og_title":"Mensagem do Conselho Deliberativo - Relat\u00f3rio Anual","og_description":"O Conselho Deliberativo exerce um papel fundamental na estrutura de governan\u00e7a da EnergisaPrev, sendo respons\u00e1vel por orientar estrategicamente a entidade e decidir sobre temas essenciais \u00e0 solidez institucional. Ao longo do exerc\u00edcio 2025, atuamos de forma conjunta na an\u00e1lise e aprova\u00e7\u00e3o de decis\u00f5es-chave para a gest\u00e3o. Entre os principais temas deliberados, estiveram a Pol\u00edtica de [&hellip;]","og_url":"https:\/\/energisaprev.com.br\/relatorioanual2025\/institucional\/mensagem-do-conselho-deliberativo\/","og_site_name":"Relat\u00f3rio Anual","article_modified_time":"2026-04-30T00:20:40+00:00","og_image":[{"width":860,"height":334,"url":"https:\/\/energisaprev.com.br\/relatorioanual2025\/wp-content\/uploads\/2026\/04\/webbanner-cd.webp","type":"image\/webp"}],"twitter_card":"summary_large_image","twitter_misc":{"Est. tempo de leitura":"2 minutos"},"schema":{"@context":"https:\/\/schema.org","@graph":[{"@type":"WebPage","@id":"https:\/\/energisaprev.com.br\/relatorioanual2025\/institucional\/mensagem-do-conselho-deliberativo\/","url":"https:\/\/energisaprev.com.br\/relatorioanual2025\/institucional\/mensagem-do-conselho-deliberativo\/","name":"Mensagem do Conselho Deliberativo - Relat\u00f3rio Anual","isPartOf":{"@id":"https:\/\/energisaprev.com.br\/relatorioanual2025\/#website"},"primaryImageOfPage":{"@id":"https:\/\/energisaprev.com.br\/relatorioanual2025\/institucional\/mensagem-do-conselho-deliberativo\/#primaryimage"},"image":{"@id":"https:\/\/energisaprev.com.br\/relatorioanual2025\/institucional\/mensagem-do-conselho-deliberativo\/#primaryimage"},"thumbnailUrl":"https:\/\/energisaprev.com.br\/relatorioanual2025\/wp-content\/uploads\/2026\/04\/webbanner-cd.webp","datePublished":"2026-04-22T18:48:30+00:00","dateModified":"2026-04-30T00:20:40+00:00","breadcrumb":{"@id":"https:\/\/energisaprev.com.br\/relatorioanual2025\/institucional\/mensagem-do-conselho-deliberativo\/#breadcrumb"},"inLanguage":"pt-BR","potentialAction":[{"@type":"ReadAction","target":["https:\/\/energisaprev.com.br\/relatorioanual2025\/institucional\/mensagem-do-conselho-deliberativo\/"]}]},{"@type":"ImageObject","inLanguage":"pt-BR","@id":"https:\/\/energisaprev.com.br\/relatorioanual2025\/institucional\/mensagem-do-conselho-deliberativo\/#primaryimage","url":"https:\/\/energisaprev.com.br\/relatorioanual2025\/wp-content\/uploads\/2026\/04\/webbanner-cd.webp","contentUrl":"https:\/\/energisaprev.com.br\/relatorioanual2025\/wp-content\/uploads\/2026\/04\/webbanner-cd.webp","width":860,"height":334},{"@type":"BreadcrumbList","@id":"https:\/\/energisaprev.com.br\/relatorioanual2025\/institucional\/mensagem-do-conselho-deliberativo\/#breadcrumb","itemListElement":[{"@type":"ListItem","position":1,"name":"In\u00edcio","item":"https:\/\/energisaprev.com.br\/relatorioanual2025\/"},{"@type":"ListItem","position":2,"name":"Institucional","item":"https:\/\/energisaprev.com.br\/relatorioanual2025\/institucional\/"},{"@type":"ListItem","position":3,"name":"Mensagem do Conselho Deliberativo"}]},{"@type":"WebSite","@id":"https:\/\/energisaprev.com.br\/relatorioanual2025\/#website","url":"https:\/\/energisaprev.com.br\/relatorioanual2025\/","name":"Relat\u00f3rio Anual","description":"","potentialAction":[{"@type":"SearchAction","target":{"@type":"EntryPoint","urlTemplate":"https:\/\/energisaprev.com.br\/relatorioanual2025\/?s={search_term_string}"},"query-input":{"@type":"PropertyValueSpecification","valueRequired":true,"valueName":"search_term_string"}}],"inLanguage":"pt-BR"}]}},"_links":{"self":[{"href":"https:\/\/energisaprev.com.br\/relatorioanual2025\/wp-json\/wp\/v2\/pages\/5369","targetHints":{"allow":["GET"]}}],"collection":[{"href":"https:\/\/energisaprev.com.br\/relatorioanual2025\/wp-json\/wp\/v2\/pages"}],"about":[{"href":"https:\/\/energisaprev.com.br\/relatorioanual2025\/wp-json\/wp\/v2\/types\/page"}],"author":[{"embeddable":true,"href":"https:\/\/energisaprev.com.br\/relatorioanual2025\/wp-json\/wp\/v2\/users\/1"}],"replies":[{"embeddable":true,"href":"https:\/\/energisaprev.com.br\/relatorioanual2025\/wp-json\/wp\/v2\/comments?post=5369"}],"version-history":[{"count":15,"href":"https:\/\/energisaprev.com.br\/relatorioanual2025\/wp-json\/wp\/v2\/pages\/5369\/revisions"}],"predecessor-version":[{"id":6046,"href":"https:\/\/energisaprev.com.br\/relatorioanual2025\/wp-json\/wp\/v2\/pages\/5369\/revisions\/6046"}],"up":[{"embeddable":true,"href":"https:\/\/energisaprev.com.br\/relatorioanual2025\/wp-json\/wp\/v2\/pages\/184"}],"wp:featuredmedia":[{"embeddable":true,"href":"https:\/\/energisaprev.com.br\/relatorioanual2025\/wp-json\/wp\/v2\/media\/6045"}],"wp:attachment":[{"href":"https:\/\/energisaprev.com.br\/relatorioanual2025\/wp-json\/wp\/v2\/media?parent=5369"}],"curies":[{"name":"wp","href":"https:\/\/api.w.org\/{rel}","templated":true}]}}