{"id":4047,"date":"2024-04-29T15:40:30","date_gmt":"2024-04-29T18:40:30","guid":{"rendered":"https:\/\/energisaprev.com.br\/relatorioanual2023\/?page_id=4047"},"modified":"2026-04-29T21:12:41","modified_gmt":"2026-04-30T00:12:41","slug":"investimentos-dos-planos-energisaprev","status":"publish","type":"page","link":"https:\/\/energisaprev.com.br\/relatorioanual2025\/investimento\/investimentos-dos-planos-energisaprev\/","title":{"rendered":"Investimentos dos Planos Energisaprev"},"content":{"rendered":"\t\t<div data-elementor-type=\"wp-page\" data-elementor-id=\"4047\" class=\"elementor elementor-4047\">\n\t\t\t\t\t\t<section data-particle_enable=\"false\" data-particle-mobile-disabled=\"false\" class=\"elementor-section elementor-top-section elementor-element elementor-element-1305634f elementor-section-boxed elementor-section-height-default elementor-section-height-default\" data-id=\"1305634f\" data-element_type=\"section\" data-e-type=\"section\">\n\t\t\t\t\t\t<div class=\"elementor-container elementor-column-gap-default\">\n\t\t\t\t\t<div class=\"elementor-column elementor-col-100 elementor-top-column elementor-element elementor-element-3b6604bb\" data-id=\"3b6604bb\" data-element_type=\"column\" data-e-type=\"column\">\n\t\t\t<div class=\"elementor-widget-wrap elementor-element-populated\">\n\t\t\t\t\t\t<div class=\"elementor-element elementor-element-4520957f elementor-widget elementor-widget-heading\" data-id=\"4520957f\" data-element_type=\"widget\" data-e-type=\"widget\" data-widget_type=\"heading.default\">\n\t\t\t\t<div class=\"elementor-widget-container\">\n\t\t\t\t\t<h2 class=\"elementor-heading-title elementor-size-default\">Gest\u00e3o dos Investimentos<\/h2>\t\t\t\t<\/div>\n\t\t\t\t<\/div>\n\t\t\t\t<div class=\"elementor-element elementor-element-3d9374f5 elementor-widget elementor-widget-text-editor\" data-id=\"3d9374f5\" data-element_type=\"widget\" data-e-type=\"widget\" data-widget_type=\"text-editor.default\">\n\t\t\t\t<div class=\"elementor-widget-container\">\n\t\t\t\t\t\t\t\t\t<div class=\"page\" title=\"Page 5\"><p>A gest\u00e3o dos investimentos tem como objetivo primordial assegurar o equil\u00edbrio entre a aplica\u00e7\u00e3o dos recursos financeiros e o cumprimento das obriga\u00e7\u00f5es previdenci\u00e1rias dos planos administrados pela Funda\u00e7\u00e3o, considerando o horizonte de longo prazo e as caracter\u00edsticas espec\u00edficas de cada plano. Em conson\u00e2ncia com o passivo atuarial e observando rigorosamente as boas pr\u00e1ticas de governan\u00e7a, a EnergisaPrev adota a segrega\u00e7\u00e3o real dos ativos entre os planos sob sua administra\u00e7\u00e3o.<\/p><p>\u00a0<\/p><p>Com periodicidade m\u00ednima anual, a Funda\u00e7\u00e3o, em conjunto com seus consultores especializados, elabora estudos de ALM (Asset Liability. Management) e de Fronteira Eficiente, que subsidiam o processo decis\u00f3rio da gest\u00e3o dos investimentos. Esses estudos t\u00eam como finalidade orientar a defini\u00e7\u00e3o da estrat\u00e9gia \u00f3tima e da composi\u00e7\u00e3o mais adequada da carteira de ativos, contribuindo para a mitiga\u00e7\u00e3o do risco de liquidez, o fortalecimento da solidez dos planos e, sempre que poss\u00edvel, a redu\u00e7\u00e3o do risco global do portf\u00f3lio, refletida na diminui\u00e7\u00e3o da volatilidade e do potencial de perdas financeiras.<\/p><p>\u00a0<\/p><p>No exerc\u00edcio de 2025, a gest\u00e3o dos investimentos dos planos de benef\u00edcios administrados pela EnergisaPrev foi realizada por meio da combina\u00e7\u00e3o de gest\u00e3o pr\u00f3pria e gest\u00e3o terceirizada, em conformidade com a Pol\u00edtica de Investimentos vigente. A gest\u00e3o pr\u00f3pria representou 63,60% do total dos recursos, com concentra\u00e7\u00e3o relevante em renda fixa, que correspondeu a 55,73%, majoritariamente alocada em t\u00edtulos p\u00fablicos federais (NTN-B). Complementarmente, a carteira pr\u00f3pria contou com aloca\u00e7\u00f5es em im\u00f3veis (1,21%) e empr\u00e9stimos a participantes (6,66%).<\/p><p>\u00a0<\/p><p>A gest\u00e3o terceirizada, por sua vez, correspondeu a 36,40% dos investimentos totais. Nesse segmento, a renda fixa respondeu por 21,27%, distribu\u00edda entre diferentes fundos, enquanto a renda vari\u00e1vel representou 4,72%, com destaque para fundos de a\u00e7\u00f5es. Os investimentos estruturados totalizaram 9,23%, alocados principalmente em fundos de participa\u00e7\u00f5es e de infraestrutura, e os investimentos no exterior atingiram 1,18%, proporcionando maior diversifica\u00e7\u00e3o geogr\u00e1fica \u00e0 carteira.<\/p><p>\u00a0<\/p><p>Essa estrutura de aloca\u00e7\u00e3o reflete a busca cont\u00ednua da EnergisaPrev por uma gest\u00e3o prudente, diversificada e alinhada aos objetivos atuariais dos planos, preservando a seguran\u00e7a dos recursos e a sustentabilidade previdenci\u00e1ria no longo prazo.<\/p><p>\u00a0<\/p><p>Os quadros a seguir apresentam a posi\u00e7\u00e3o consolidada em dezembro de 2025, por tipo de gest\u00e3o.<\/p><\/div>\t\t\t\t\t\t\t\t<\/div>\n\t\t\t\t<\/div>\n\t\t\t\t\t<\/div>\n\t\t<\/div>\n\t\t\t\t\t<\/div>\n\t\t<\/section>\n\t\t<div data-particle_enable=\"false\" data-particle-mobile-disabled=\"false\" class=\"elementor-element elementor-element-5d3106c e-flex e-con-boxed e-con e-parent\" data-id=\"5d3106c\" data-element_type=\"container\" data-e-type=\"container\">\n\t\t\t\t\t<div class=\"e-con-inner\">\n\t\t\t\t<div class=\"elementor-element elementor-element-a531905 elementor-widget elementor-widget-html\" data-id=\"a531905\" data-element_type=\"widget\" data-e-type=\"widget\" data-widget_type=\"html.default\">\n\t\t\t\t<div class=\"elementor-widget-container\">\n\t\t\t\t\t<div class=\"overflow-auto table_capsulediv\">\n<table class=\"table padrao_table\">\n<thead>\n<tr>\n<th>Descri\u00e7\u00e3o<\/th>\n<th>%<\/th>\n<\/tr>\n<\/thead>\n<tbody>\n\n<tr><td><b>GEST\u00c3O PR\u00d3PRIA<\/b><\/td><td><b>63,60%<\/b><\/td><\/tr>\n<tr><td><b>RENDA FIXA<\/b><\/td><td><b>55,73%<\/b><\/td><\/tr>\n<tr><td style=\"padding-left:50px\">DEB\u00caNTURES SIMPLES<\/td><td>0,00%<\/td><\/tr>\n<tr><td style=\"padding-left:50px\">CEMIG DIST<\/td><td>0,00%<\/td><\/tr>\n<tr><td style=\"padding-left:50px\">VALE<\/td><td>0,00%<\/td><\/tr>\n<tr><td style=\"padding-left:50px\"><b>T\u00cdTULOS P\u00daBLICOS<\/b><\/td><td><b>55,73%<\/b><\/td><\/tr>\n<tr><td style=\"padding-left:80px\">NTN-B<\/td><td>55,73%<\/td><\/tr>\n\n<tr><td><b>IM\u00d3VEIS<\/b><\/td><td>1,21%<\/td><\/tr>\n<tr><td><b>EMPR\u00c9STIMOS<\/b><\/td><td>6,66%<\/td><\/tr>\n\n<\/tbody>\n<\/table>\n<\/div>\n<Br><Br>\n\n<div class=\"overflow-auto table_capsulediv\">\n<table class=\"table padrao_table\">\n<thead>\n<tr>\n<th>Descri\u00e7\u00e3o<\/th>\n<th>%<\/th>\n<\/tr>\n<\/thead>\n<tbody>\n\n<tr><td><b>GEST\u00c3O TERCEIRIZADA<\/b><\/td><td><b>36,40%<\/b><\/td><\/tr>\n\n<tr><td><b>RENDA FIXA<\/b><\/td><td><b>21,27%<\/b><\/td><\/tr>\n<tr><td style=\"padding-left:50px\">ENERGIAPREV FIRFCP<\/td><td>0,00%<\/td><\/tr>\n<tr><td style=\"padding-left:50px\">SAFRA SOBE 2 FICRFDI<\/td><td>10,44%<\/td><\/tr>\n<tr><td style=\"padding-left:50px\">BRAD INST FIRF CP<\/td><td>3,19%<\/td><\/tr>\n<tr><td style=\"padding-left:50px\">VINCI VALOREM FIM<\/td><td>1,86%<\/td><\/tr>\n<tr><td style=\"padding-left:50px\">ENERGISAPREV RF FIF<\/td><td>5,79%<\/td><\/tr>\n\n<tr><td><b>RENDA VARI\u00c1VEL<\/b><\/td><td><b>4,72%<\/b><\/td><\/tr>\n<tr><td style=\"padding-left:50px\">ENERGISAPREV FIA<\/td><td>3,86%<\/td><\/tr>\n<tr><td style=\"padding-left:50px\">ITAU IN BOVV11 FCFIA<\/td><td>0,86%<\/td><\/tr>\n\n<tr><td><b>INVESTIMENTOS ESTRUTURADOS<\/b><\/td><td><b>9,23%<\/b><\/td><\/tr>\n<tr><td style=\"padding-left:50px\">ENERGISAPREV FIC FIM<\/td><td>3,08%<\/td><\/tr>\n<tr><td style=\"padding-left:50px\">VINCI CRED MULT FIM<\/td><td>0,79%<\/td><\/tr>\n<tr><td style=\"padding-left:50px\">LACAN FLORES IV FIPM<\/td><td>0,30%<\/td><\/tr>\n<tr><td style=\"padding-left:50px\">SPECTRA VI FIP FIM<\/td><td>0,46%<\/td><\/tr>\n<tr><td style=\"padding-left:50px\">BTG INFRA III FIP M<\/td><td>0,11%<\/td><\/tr>\n<tr><td style=\"padding-left:50px\">PERFIN INFR II FIP A<\/td><td>0,31%<\/td><\/tr>\n<tr><td style=\"padding-left:50px\">KINEA EQUITY FIP<\/td><td>5,79%<\/td><\/tr>\n\n<tr><td><b>INVESTIMENTOS NO EXTERIOR<\/b><\/td><td><b>1,18%<\/b><\/td><\/tr>\n<tr><td style=\"padding-left:50px\">FOF M GLOB EQ FIM IE<\/td><td>1,18%<\/td><\/tr>\n\n<\/tbody>\n<\/table>\n<\/div>\n\n<Br><Br>\n\n<div class=\"overflow-auto table_capsulediv\">\n<table class=\"table padrao_table\">\n<thead>\n<tr>\n<th>Segmento<\/th>\n<th>%<\/th>\n<\/tr>\n<\/thead>\n<tbody>\n\n<tr><td><b>POR SEGMENTO<\/b><\/td><td><b>%<\/b><\/td><\/tr>\n<tr><td>RENDA FIXA<\/td><td>77,00%<\/td><\/tr>\n<tr><td>RENDA VARI\u00c1VEL<\/td><td>4,72%<\/td><\/tr>\n<tr><td>INVESTIMENTOS ESTRUTURADOS<\/td><td>9,23%<\/td><\/tr>\n<tr><td>INVESTIMENTOS NO EXTERIOR<\/td><td>1,18%<\/td><\/tr>\n<tr><td>INVESTIMENTOS IMOBILI\u00c1RIOS<\/td><td>1,21%<\/td><\/tr>\n<tr><td>OPERA\u00c7\u00d5ES COM PARTICIPANTES<\/td><td>6,66%<\/td><\/tr>\n\n<\/tbody>\n<\/table>\n<\/div>\t\t\t\t<\/div>\n\t\t\t\t<\/div>\n\t\t\t\t<div class=\"elementor-element elementor-element-24d984a elementor-widget elementor-widget-html\" data-id=\"24d984a\" data-element_type=\"widget\" data-e-type=\"widget\" data-widget_type=\"html.default\">\n\t\t\t\t<div class=\"elementor-widget-container\">\n\t\t\t\t\t<div class=\"overflow-auto table_capsulediv\">\r\n    <table class=\"table padrao_table\">\r\n        <thead>\r\n            <tr>\r\n                <th>Planos<\/th>\r\n                <th>Renda Fixa<\/th>\r\n                <th>Renda Vari\u00e1vel<\/th>\r\n                <th>Estruturados<\/th>\r\n                <th>Exterior<\/th>\r\n                <th>Im\u00f3veis<\/th>\r\n                <th>Empr\u00e9stimos<\/th>\r\n            <\/tr>\r\n        <\/thead>\r\n\r\n        <tbody>\r\n            <tr>\r\n                <td>ENERGISA CD<\/td>\r\n                <td>62,82%<\/td>\r\n                <td>7,51%<\/td>\r\n                <td>15,85%<\/td>\r\n                <td>1,81%<\/td>\r\n                <td>1,54%<\/td>\r\n                <td>10,47%<\/td>\r\n            <\/tr>\r\n\r\n            <tr>\r\n                <td>SUDESTE<\/td>\r\n                <td>85,54%<\/td>\r\n                <td>5,21%<\/td>\r\n                <td>4,53%<\/td>\r\n                <td>1,65%<\/td>\r\n                <td>0,00%<\/td>\r\n                <td>3,07%<\/td>\r\n            <\/tr>\r\n\r\n            <tr>\r\n                <td>PLANO I<\/td>\r\n                <td>99,88%<\/td>\r\n                <td>0,00%<\/td>\r\n                <td>0,00%<\/td>\r\n                <td>0,00%<\/td>\r\n                <td>0,00%<\/td>\r\n                <td>0,12%<\/td>\r\n            <\/tr>\r\n\r\n            <tr>\r\n                <td>PLANO II<\/td>\r\n                <td>99,95%<\/td>\r\n                <td>0,00%<\/td>\r\n                <td>0,00%<\/td>\r\n                <td>0,00%<\/td>\r\n                <td>0,00%<\/td>\r\n                <td>0,05%<\/td>\r\n            <\/tr>\r\n\r\n            <tr>\r\n                <td>FUNASA CD<\/td>\r\n                <td>94,67%<\/td>\r\n                <td>0,00%<\/td>\r\n                <td>5,33%<\/td>\r\n                <td>0,00%<\/td>\r\n                <td>0,00%<\/td>\r\n                <td>0,00%<\/td>\r\n            <\/tr>\r\n\r\n            <tr>\r\n                <td>FUNASA BD<\/td>\r\n                <td>100,00%<\/td>\r\n                <td>0,00%<\/td>\r\n                <td>0,00%<\/td>\r\n                <td>0,00%<\/td>\r\n                <td>5,86%<\/td>\r\n                <td>0,00%<\/td>\r\n            <\/tr>\r\n\r\n            <tr>\r\n                <td>FUNASA SALDADO<\/td>\r\n                <td>100,00%<\/td>\r\n                <td>0,00%<\/td>\r\n                <td>0,00%<\/td>\r\n                <td>0,00%<\/td>\r\n                <td>0,00%<\/td>\r\n                <td>0,00%<\/td>\r\n            <\/tr>\r\n\r\n            <tr>\r\n                <td>ELETRICAS BD<\/td>\r\n                <td>100,00%<\/td>\r\n                <td>0,00%<\/td>\r\n                <td>0,00%<\/td>\r\n                <td>0,00%<\/td>\r\n                <td>0,00%<\/td>\r\n                <td>0,00%<\/td>\r\n            <\/tr>\r\n\r\n            <tr>\r\n                <td>ELETRICAS OP<\/td>\r\n                <td>99,89%<\/td>\r\n                <td>0,00%<\/td>\r\n                <td>0,00%<\/td>\r\n                <td>0,00%<\/td>\r\n                <td>0,00%<\/td>\r\n                <td>0,11%<\/td>\r\n            <\/tr>\r\n\r\n            <tr>\r\n                <td>CEMAT BD<\/td>\r\n                <td>99,19%<\/td>\r\n                <td>0,00%<\/td>\r\n                <td>0,00%<\/td>\r\n                <td>0,00%<\/td>\r\n                <td>0,00%<\/td>\r\n                <td>0,81%<\/td>\r\n            <\/tr>\r\n\r\n            <tr>\r\n                <td>CEMAT OP<\/td>\r\n                <td>99,89%<\/td>\r\n                <td>0,00%<\/td>\r\n                <td>0,00%<\/td>\r\n                <td>0,00%<\/td>\r\n                <td>0,00%<\/td>\r\n                <td>0,11%<\/td>\r\n            <\/tr>\r\n\r\n            <tr>\r\n                <td>PGA<\/td>\r\n                <td>100,00%<\/td>\r\n                <td>0,00%<\/td>\r\n                <td>0,00%<\/td>\r\n                <td>0,00%<\/td>\r\n                <td>0,00%<\/td>\r\n                <td>0,00%<\/td>\r\n            <\/tr>\r\n\r\n            <tr>\r\n                <td>PLANO R<\/td>\r\n                <td>99,52%<\/td>\r\n                <td>0,00%<\/td>\r\n                <td>0,00%<\/td>\r\n                <td>0,00%<\/td>\r\n                <td>0,00%<\/td>\r\n                <td>0,48%<\/td>\r\n            <\/tr>\r\n\r\n            <tr>\r\n                <td>SERGIPE CD<\/td>\r\n                <td>99,16%<\/td>\r\n                <td>0,77%<\/td>\r\n                <td>0,00%<\/td>\r\n                <td>0,00%<\/td>\r\n                <td>0,00%<\/td>\r\n                <td>0,06%<\/td>\r\n            <\/tr>\r\n\r\n            <tr>\r\n                <td>SERGIPE SALDADO<\/td>\r\n                <td>99,83%<\/td>\r\n                <td>0,00%<\/td>\r\n                <td>0,00%<\/td>\r\n                <td>0,00%<\/td>\r\n                <td>0,00%<\/td>\r\n                <td>0,17%<\/td>\r\n            <\/tr>\r\n        <\/tbody>\r\n    <\/table>\r\n<\/div>\t\t\t\t<\/div>\n\t\t\t\t<\/div>\n\t\t\t\t\t<\/div>\n\t\t\t\t<\/div>\n\t\t\t\t<\/div>\n\t\t","protected":false},"excerpt":{"rendered":"<p>Gest\u00e3o dos Investimentos A gest\u00e3o dos investimentos tem como objetivo primordial assegurar o equil\u00edbrio entre a aplica\u00e7\u00e3o dos recursos financeiros e o cumprimento das obriga\u00e7\u00f5es previdenci\u00e1rias dos planos administrados pela Funda\u00e7\u00e3o, considerando o horizonte de longo prazo e as caracter\u00edsticas espec\u00edficas de cada plano. Em conson\u00e2ncia com o passivo atuarial e observando rigorosamente as boas [&hellip;]<\/p>\n","protected":false},"author":1,"featured_media":5791,"parent":4035,"menu_order":8,"comment_status":"closed","ping_status":"closed","template":"","meta":{"footnotes":""},"class_list":["post-4047","page","type-page","status-publish","has-post-thumbnail","hentry"],"acf":[],"yoast_head":"<!-- This site is optimized with the Yoast SEO plugin v27.5 - https:\/\/yoast.com\/product\/yoast-seo-wordpress\/ -->\n<title>Investimentos dos Planos Energisaprev - Relat\u00f3rio Anual<\/title>\n<meta name=\"robots\" content=\"index, follow, max-snippet:-1, max-image-preview:large, max-video-preview:-1\" \/>\n<link rel=\"canonical\" href=\"https:\/\/energisaprev.com.br\/relatorioanual2025\/investimento\/investimentos-dos-planos-energisaprev\/\" \/>\n<meta property=\"og:locale\" content=\"pt_BR\" \/>\n<meta property=\"og:type\" content=\"article\" \/>\n<meta property=\"og:title\" content=\"Investimentos dos Planos Energisaprev - Relat\u00f3rio Anual\" \/>\n<meta property=\"og:description\" content=\"Gest\u00e3o dos Investimentos A gest\u00e3o dos investimentos tem como objetivo primordial assegurar o equil\u00edbrio entre a aplica\u00e7\u00e3o dos recursos financeiros e o cumprimento das obriga\u00e7\u00f5es previdenci\u00e1rias dos planos administrados pela Funda\u00e7\u00e3o, considerando o horizonte de longo prazo e as caracter\u00edsticas espec\u00edficas de cada plano. Em conson\u00e2ncia com o passivo atuarial e observando rigorosamente as boas [&hellip;]\" \/>\n<meta property=\"og:url\" content=\"https:\/\/energisaprev.com.br\/relatorioanual2025\/investimento\/investimentos-dos-planos-energisaprev\/\" \/>\n<meta property=\"og:site_name\" content=\"Relat\u00f3rio Anual\" \/>\n<meta property=\"article:modified_time\" content=\"2026-04-30T00:12:41+00:00\" \/>\n<meta property=\"og:image\" content=\"https:\/\/energisaprev.com.br\/relatorioanual2025\/wp-content\/uploads\/2026\/04\/Mask-group-12.jpg\" \/>\n\t<meta property=\"og:image:width\" content=\"860\" \/>\n\t<meta property=\"og:image:height\" content=\"334\" \/>\n\t<meta property=\"og:image:type\" content=\"image\/jpeg\" \/>\n<meta name=\"twitter:card\" content=\"summary_large_image\" \/>\n<meta name=\"twitter:label1\" content=\"Est. tempo de leitura\" \/>\n\t<meta name=\"twitter:data1\" content=\"5 minutos\" \/>\n<script type=\"application\/ld+json\" class=\"yoast-schema-graph\">{\"@context\":\"https:\\\/\\\/schema.org\",\"@graph\":[{\"@type\":\"WebPage\",\"@id\":\"https:\\\/\\\/energisaprev.com.br\\\/relatorioanual2025\\\/investimento\\\/investimentos-dos-planos-energisaprev\\\/\",\"url\":\"https:\\\/\\\/energisaprev.com.br\\\/relatorioanual2025\\\/investimento\\\/investimentos-dos-planos-energisaprev\\\/\",\"name\":\"Investimentos dos Planos Energisaprev - Relat\u00f3rio Anual\",\"isPartOf\":{\"@id\":\"https:\\\/\\\/energisaprev.com.br\\\/relatorioanual2025\\\/#website\"},\"primaryImageOfPage\":{\"@id\":\"https:\\\/\\\/energisaprev.com.br\\\/relatorioanual2025\\\/investimento\\\/investimentos-dos-planos-energisaprev\\\/#primaryimage\"},\"image\":{\"@id\":\"https:\\\/\\\/energisaprev.com.br\\\/relatorioanual2025\\\/investimento\\\/investimentos-dos-planos-energisaprev\\\/#primaryimage\"},\"thumbnailUrl\":\"https:\\\/\\\/energisaprev.com.br\\\/relatorioanual2025\\\/wp-content\\\/uploads\\\/2026\\\/04\\\/Mask-group-12.jpg\",\"datePublished\":\"2024-04-29T18:40:30+00:00\",\"dateModified\":\"2026-04-30T00:12:41+00:00\",\"breadcrumb\":{\"@id\":\"https:\\\/\\\/energisaprev.com.br\\\/relatorioanual2025\\\/investimento\\\/investimentos-dos-planos-energisaprev\\\/#breadcrumb\"},\"inLanguage\":\"pt-BR\",\"potentialAction\":[{\"@type\":\"ReadAction\",\"target\":[\"https:\\\/\\\/energisaprev.com.br\\\/relatorioanual2025\\\/investimento\\\/investimentos-dos-planos-energisaprev\\\/\"]}]},{\"@type\":\"ImageObject\",\"inLanguage\":\"pt-BR\",\"@id\":\"https:\\\/\\\/energisaprev.com.br\\\/relatorioanual2025\\\/investimento\\\/investimentos-dos-planos-energisaprev\\\/#primaryimage\",\"url\":\"https:\\\/\\\/energisaprev.com.br\\\/relatorioanual2025\\\/wp-content\\\/uploads\\\/2026\\\/04\\\/Mask-group-12.jpg\",\"contentUrl\":\"https:\\\/\\\/energisaprev.com.br\\\/relatorioanual2025\\\/wp-content\\\/uploads\\\/2026\\\/04\\\/Mask-group-12.jpg\",\"width\":860,\"height\":334},{\"@type\":\"BreadcrumbList\",\"@id\":\"https:\\\/\\\/energisaprev.com.br\\\/relatorioanual2025\\\/investimento\\\/investimentos-dos-planos-energisaprev\\\/#breadcrumb\",\"itemListElement\":[{\"@type\":\"ListItem\",\"position\":1,\"name\":\"In\u00edcio\",\"item\":\"https:\\\/\\\/energisaprev.com.br\\\/relatorioanual2025\\\/\"},{\"@type\":\"ListItem\",\"position\":2,\"name\":\"Gest\u00e3o de Investimento\",\"item\":\"https:\\\/\\\/energisaprev.com.br\\\/relatorioanual2025\\\/investimento\\\/\"},{\"@type\":\"ListItem\",\"position\":3,\"name\":\"Investimentos dos Planos Energisaprev\"}]},{\"@type\":\"WebSite\",\"@id\":\"https:\\\/\\\/energisaprev.com.br\\\/relatorioanual2025\\\/#website\",\"url\":\"https:\\\/\\\/energisaprev.com.br\\\/relatorioanual2025\\\/\",\"name\":\"Relat\u00f3rio Anual\",\"description\":\"\",\"potentialAction\":[{\"@type\":\"SearchAction\",\"target\":{\"@type\":\"EntryPoint\",\"urlTemplate\":\"https:\\\/\\\/energisaprev.com.br\\\/relatorioanual2025\\\/?s={search_term_string}\"},\"query-input\":{\"@type\":\"PropertyValueSpecification\",\"valueRequired\":true,\"valueName\":\"search_term_string\"}}],\"inLanguage\":\"pt-BR\"}]}<\/script>\n<!-- \/ Yoast SEO plugin. -->","yoast_head_json":{"title":"Investimentos dos Planos Energisaprev - Relat\u00f3rio Anual","robots":{"index":"index","follow":"follow","max-snippet":"max-snippet:-1","max-image-preview":"max-image-preview:large","max-video-preview":"max-video-preview:-1"},"canonical":"https:\/\/energisaprev.com.br\/relatorioanual2025\/investimento\/investimentos-dos-planos-energisaprev\/","og_locale":"pt_BR","og_type":"article","og_title":"Investimentos dos Planos Energisaprev - Relat\u00f3rio Anual","og_description":"Gest\u00e3o dos Investimentos A gest\u00e3o dos investimentos tem como objetivo primordial assegurar o equil\u00edbrio entre a aplica\u00e7\u00e3o dos recursos financeiros e o cumprimento das obriga\u00e7\u00f5es previdenci\u00e1rias dos planos administrados pela Funda\u00e7\u00e3o, considerando o horizonte de longo prazo e as caracter\u00edsticas espec\u00edficas de cada plano. Em conson\u00e2ncia com o passivo atuarial e observando rigorosamente as boas [&hellip;]","og_url":"https:\/\/energisaprev.com.br\/relatorioanual2025\/investimento\/investimentos-dos-planos-energisaprev\/","og_site_name":"Relat\u00f3rio Anual","article_modified_time":"2026-04-30T00:12:41+00:00","og_image":[{"width":860,"height":334,"url":"https:\/\/energisaprev.com.br\/relatorioanual2025\/wp-content\/uploads\/2026\/04\/Mask-group-12.jpg","type":"image\/jpeg"}],"twitter_card":"summary_large_image","twitter_misc":{"Est. tempo de leitura":"5 minutos"},"schema":{"@context":"https:\/\/schema.org","@graph":[{"@type":"WebPage","@id":"https:\/\/energisaprev.com.br\/relatorioanual2025\/investimento\/investimentos-dos-planos-energisaprev\/","url":"https:\/\/energisaprev.com.br\/relatorioanual2025\/investimento\/investimentos-dos-planos-energisaprev\/","name":"Investimentos dos Planos Energisaprev - Relat\u00f3rio Anual","isPartOf":{"@id":"https:\/\/energisaprev.com.br\/relatorioanual2025\/#website"},"primaryImageOfPage":{"@id":"https:\/\/energisaprev.com.br\/relatorioanual2025\/investimento\/investimentos-dos-planos-energisaprev\/#primaryimage"},"image":{"@id":"https:\/\/energisaprev.com.br\/relatorioanual2025\/investimento\/investimentos-dos-planos-energisaprev\/#primaryimage"},"thumbnailUrl":"https:\/\/energisaprev.com.br\/relatorioanual2025\/wp-content\/uploads\/2026\/04\/Mask-group-12.jpg","datePublished":"2024-04-29T18:40:30+00:00","dateModified":"2026-04-30T00:12:41+00:00","breadcrumb":{"@id":"https:\/\/energisaprev.com.br\/relatorioanual2025\/investimento\/investimentos-dos-planos-energisaprev\/#breadcrumb"},"inLanguage":"pt-BR","potentialAction":[{"@type":"ReadAction","target":["https:\/\/energisaprev.com.br\/relatorioanual2025\/investimento\/investimentos-dos-planos-energisaprev\/"]}]},{"@type":"ImageObject","inLanguage":"pt-BR","@id":"https:\/\/energisaprev.com.br\/relatorioanual2025\/investimento\/investimentos-dos-planos-energisaprev\/#primaryimage","url":"https:\/\/energisaprev.com.br\/relatorioanual2025\/wp-content\/uploads\/2026\/04\/Mask-group-12.jpg","contentUrl":"https:\/\/energisaprev.com.br\/relatorioanual2025\/wp-content\/uploads\/2026\/04\/Mask-group-12.jpg","width":860,"height":334},{"@type":"BreadcrumbList","@id":"https:\/\/energisaprev.com.br\/relatorioanual2025\/investimento\/investimentos-dos-planos-energisaprev\/#breadcrumb","itemListElement":[{"@type":"ListItem","position":1,"name":"In\u00edcio","item":"https:\/\/energisaprev.com.br\/relatorioanual2025\/"},{"@type":"ListItem","position":2,"name":"Gest\u00e3o de Investimento","item":"https:\/\/energisaprev.com.br\/relatorioanual2025\/investimento\/"},{"@type":"ListItem","position":3,"name":"Investimentos dos Planos Energisaprev"}]},{"@type":"WebSite","@id":"https:\/\/energisaprev.com.br\/relatorioanual2025\/#website","url":"https:\/\/energisaprev.com.br\/relatorioanual2025\/","name":"Relat\u00f3rio Anual","description":"","potentialAction":[{"@type":"SearchAction","target":{"@type":"EntryPoint","urlTemplate":"https:\/\/energisaprev.com.br\/relatorioanual2025\/?s={search_term_string}"},"query-input":{"@type":"PropertyValueSpecification","valueRequired":true,"valueName":"search_term_string"}}],"inLanguage":"pt-BR"}]}},"_links":{"self":[{"href":"https:\/\/energisaprev.com.br\/relatorioanual2025\/wp-json\/wp\/v2\/pages\/4047","targetHints":{"allow":["GET"]}}],"collection":[{"href":"https:\/\/energisaprev.com.br\/relatorioanual2025\/wp-json\/wp\/v2\/pages"}],"about":[{"href":"https:\/\/energisaprev.com.br\/relatorioanual2025\/wp-json\/wp\/v2\/types\/page"}],"author":[{"embeddable":true,"href":"https:\/\/energisaprev.com.br\/relatorioanual2025\/wp-json\/wp\/v2\/users\/1"}],"replies":[{"embeddable":true,"href":"https:\/\/energisaprev.com.br\/relatorioanual2025\/wp-json\/wp\/v2\/comments?post=4047"}],"version-history":[{"count":47,"href":"https:\/\/energisaprev.com.br\/relatorioanual2025\/wp-json\/wp\/v2\/pages\/4047\/revisions"}],"predecessor-version":[{"id":6041,"href":"https:\/\/energisaprev.com.br\/relatorioanual2025\/wp-json\/wp\/v2\/pages\/4047\/revisions\/6041"}],"up":[{"embeddable":true,"href":"https:\/\/energisaprev.com.br\/relatorioanual2025\/wp-json\/wp\/v2\/pages\/4035"}],"wp:featuredmedia":[{"embeddable":true,"href":"https:\/\/energisaprev.com.br\/relatorioanual2025\/wp-json\/wp\/v2\/media\/5791"}],"wp:attachment":[{"href":"https:\/\/energisaprev.com.br\/relatorioanual2025\/wp-json\/wp\/v2\/media?parent=4047"}],"curies":[{"name":"wp","href":"https:\/\/api.w.org\/{rel}","templated":true}]}}