{"id":2741,"date":"2024-04-09T09:54:21","date_gmt":"2024-04-09T12:54:21","guid":{"rendered":"https:\/\/crtcomunicacao.com.br\/rai_energisa\/?page_id=2741"},"modified":"2026-04-27T18:17:29","modified_gmt":"2026-04-27T21:17:29","slug":"gestao-de-risco","status":"publish","type":"page","link":"https:\/\/energisaprev.com.br\/relatorioanual2025\/institucional\/gestao-de-risco\/","title":{"rendered":"Gest\u00e3o de Risco"},"content":{"rendered":"\t\t<div data-elementor-type=\"wp-page\" data-elementor-id=\"2741\" class=\"elementor elementor-2741\">\n\t\t\t\t\t\t<section data-particle_enable=\"false\" data-particle-mobile-disabled=\"false\" class=\"elementor-section elementor-top-section elementor-element elementor-element-19392a3 elementor-section-boxed elementor-section-height-default elementor-section-height-default\" data-id=\"19392a3\" data-element_type=\"section\" data-e-type=\"section\">\n\t\t\t\t\t\t<div class=\"elementor-container elementor-column-gap-default\">\n\t\t\t\t\t<div class=\"elementor-column elementor-col-100 elementor-top-column elementor-element elementor-element-8698703\" data-id=\"8698703\" data-element_type=\"column\" data-e-type=\"column\">\n\t\t\t<div class=\"elementor-widget-wrap elementor-element-populated\">\n\t\t\t\t\t\t<div class=\"elementor-element elementor-element-5d373ca elementor-widget elementor-widget-text-editor\" data-id=\"5d373ca\" data-element_type=\"widget\" data-e-type=\"widget\" data-widget_type=\"text-editor.default\">\n\t\t\t\t<div class=\"elementor-widget-container\">\n\t\t\t\t\t\t\t\t\t<p>A gest\u00e3o de riscos tem como objetivo identificar, avaliar, monitorar e mitigar os riscos que possam impactar a sustentabilidade dos planos e a continuidade das opera\u00e7\u00f5es.<\/p><p>\u00a0<\/p><p>A estrutura est\u00e1 integrada ao modelo de governan\u00e7a corporativa da entidade e envolve diferentes \u00e1reas da organiza\u00e7\u00e3o, garantindo que a identifica\u00e7\u00e3o e o acompanhamento dos riscos ocorram de forma sistem\u00e1tica, seguindo as melhores pr\u00e1ticas do setor.<\/p><p>\u00a0<\/p><p>Em 2025, foram realizados mapeamentos de riscos que permitem antecipar vulnerabilidades e definir planos de a\u00e7\u00e3o voltados \u00e0 preven\u00e7\u00e3o e mitiga\u00e7\u00e3o. Isso contribui para o fortalecimento dos controles internos e para a tomada de decis\u00f5es mais seguras e fundamentadas.<\/p><p>\u00a0<\/p><p>Tamb\u00e9m contamos com ferramentas e sistemas de apoio \u00e0 gest\u00e3o de riscos, inclusive com a expertise de uma consultoria externa, viabilizando o monitoramento cont\u00ednuo dos indicadores, a revis\u00e3o peri\u00f3dica e o acompanhamento das a\u00e7\u00f5es implementadas.<\/p><p>\u00a0<\/p><p>Por meio desse modelo estruturado, refor\u00e7amos nosso comprometimento com a gest\u00e3o respons\u00e1vel, a transpar\u00eancia e a sustentabilidade de longo prazo dos planos administrados.<\/p>\t\t\t\t\t\t\t\t<\/div>\n\t\t\t\t<\/div>\n\t\t\t\t\t<\/div>\n\t\t<\/div>\n\t\t\t\t\t<\/div>\n\t\t<\/section>\n\t\t\t\t<\/div>\n\t\t","protected":false},"excerpt":{"rendered":"<p>A gest\u00e3o de riscos tem como objetivo identificar, avaliar, monitorar e mitigar os riscos que possam impactar a sustentabilidade dos planos e a continuidade das opera\u00e7\u00f5es. \u00a0 A estrutura est\u00e1 integrada ao modelo de governan\u00e7a corporativa da entidade e envolve diferentes \u00e1reas da organiza\u00e7\u00e3o, garantindo que a identifica\u00e7\u00e3o e o acompanhamento dos riscos ocorram de [&hellip;]<\/p>\n","protected":false},"author":1,"featured_media":5588,"parent":184,"menu_order":24,"comment_status":"closed","ping_status":"closed","template":"","meta":{"footnotes":""},"class_list":["post-2741","page","type-page","status-publish","has-post-thumbnail","hentry"],"acf":[],"yoast_head":"<!-- This site is optimized with the Yoast SEO plugin v27.5 - https:\/\/yoast.com\/product\/yoast-seo-wordpress\/ -->\n<title>Gest\u00e3o de Risco - Relat\u00f3rio Anual<\/title>\n<meta name=\"robots\" content=\"index, follow, max-snippet:-1, max-image-preview:large, max-video-preview:-1\" \/>\n<link rel=\"canonical\" href=\"https:\/\/energisaprev.com.br\/relatorioanual2025\/institucional\/gestao-de-risco\/\" \/>\n<meta property=\"og:locale\" content=\"pt_BR\" \/>\n<meta property=\"og:type\" content=\"article\" \/>\n<meta property=\"og:title\" content=\"Gest\u00e3o de Risco - Relat\u00f3rio Anual\" \/>\n<meta property=\"og:description\" content=\"A gest\u00e3o de riscos tem como objetivo identificar, avaliar, monitorar e mitigar os riscos que possam impactar a sustentabilidade dos planos e a continuidade das opera\u00e7\u00f5es. \u00a0 A estrutura est\u00e1 integrada ao modelo de governan\u00e7a corporativa da entidade e envolve diferentes \u00e1reas da organiza\u00e7\u00e3o, garantindo que a identifica\u00e7\u00e3o e o acompanhamento dos riscos ocorram de [&hellip;]\" \/>\n<meta property=\"og:url\" content=\"https:\/\/energisaprev.com.br\/relatorioanual2025\/institucional\/gestao-de-risco\/\" \/>\n<meta property=\"og:site_name\" content=\"Relat\u00f3rio Anual\" \/>\n<meta property=\"article:modified_time\" content=\"2026-04-27T21:17:29+00:00\" \/>\n<meta property=\"og:image\" content=\"https:\/\/energisaprev.com.br\/relatorioanual2025\/wp-content\/uploads\/2026\/04\/business-people-computer-meeting-collaboration-planning-project-research-with-manager-graphic-designer-technology-design-office-digital-agency-partnership-feedback-1.jpg\" \/>\n\t<meta property=\"og:image:width\" content=\"860\" \/>\n\t<meta property=\"og:image:height\" content=\"334\" \/>\n\t<meta property=\"og:image:type\" content=\"image\/jpeg\" \/>\n<meta name=\"twitter:card\" content=\"summary_large_image\" \/>\n<meta name=\"twitter:label1\" content=\"Est. tempo de leitura\" \/>\n\t<meta name=\"twitter:data1\" content=\"1 minuto\" \/>\n<script type=\"application\/ld+json\" class=\"yoast-schema-graph\">{\"@context\":\"https:\\\/\\\/schema.org\",\"@graph\":[{\"@type\":\"WebPage\",\"@id\":\"https:\\\/\\\/energisaprev.com.br\\\/relatorioanual2025\\\/institucional\\\/gestao-de-risco\\\/\",\"url\":\"https:\\\/\\\/energisaprev.com.br\\\/relatorioanual2025\\\/institucional\\\/gestao-de-risco\\\/\",\"name\":\"Gest\u00e3o de Risco - Relat\u00f3rio Anual\",\"isPartOf\":{\"@id\":\"https:\\\/\\\/energisaprev.com.br\\\/relatorioanual2025\\\/#website\"},\"primaryImageOfPage\":{\"@id\":\"https:\\\/\\\/energisaprev.com.br\\\/relatorioanual2025\\\/institucional\\\/gestao-de-risco\\\/#primaryimage\"},\"image\":{\"@id\":\"https:\\\/\\\/energisaprev.com.br\\\/relatorioanual2025\\\/institucional\\\/gestao-de-risco\\\/#primaryimage\"},\"thumbnailUrl\":\"https:\\\/\\\/energisaprev.com.br\\\/relatorioanual2025\\\/wp-content\\\/uploads\\\/2026\\\/04\\\/business-people-computer-meeting-collaboration-planning-project-research-with-manager-graphic-designer-technology-design-office-digital-agency-partnership-feedback-1.jpg\",\"datePublished\":\"2024-04-09T12:54:21+00:00\",\"dateModified\":\"2026-04-27T21:17:29+00:00\",\"breadcrumb\":{\"@id\":\"https:\\\/\\\/energisaprev.com.br\\\/relatorioanual2025\\\/institucional\\\/gestao-de-risco\\\/#breadcrumb\"},\"inLanguage\":\"pt-BR\",\"potentialAction\":[{\"@type\":\"ReadAction\",\"target\":[\"https:\\\/\\\/energisaprev.com.br\\\/relatorioanual2025\\\/institucional\\\/gestao-de-risco\\\/\"]}]},{\"@type\":\"ImageObject\",\"inLanguage\":\"pt-BR\",\"@id\":\"https:\\\/\\\/energisaprev.com.br\\\/relatorioanual2025\\\/institucional\\\/gestao-de-risco\\\/#primaryimage\",\"url\":\"https:\\\/\\\/energisaprev.com.br\\\/relatorioanual2025\\\/wp-content\\\/uploads\\\/2026\\\/04\\\/business-people-computer-meeting-collaboration-planning-project-research-with-manager-graphic-designer-technology-design-office-digital-agency-partnership-feedback-1.jpg\",\"contentUrl\":\"https:\\\/\\\/energisaprev.com.br\\\/relatorioanual2025\\\/wp-content\\\/uploads\\\/2026\\\/04\\\/business-people-computer-meeting-collaboration-planning-project-research-with-manager-graphic-designer-technology-design-office-digital-agency-partnership-feedback-1.jpg\",\"width\":860,\"height\":334},{\"@type\":\"BreadcrumbList\",\"@id\":\"https:\\\/\\\/energisaprev.com.br\\\/relatorioanual2025\\\/institucional\\\/gestao-de-risco\\\/#breadcrumb\",\"itemListElement\":[{\"@type\":\"ListItem\",\"position\":1,\"name\":\"In\u00edcio\",\"item\":\"https:\\\/\\\/energisaprev.com.br\\\/relatorioanual2025\\\/\"},{\"@type\":\"ListItem\",\"position\":2,\"name\":\"Institucional\",\"item\":\"https:\\\/\\\/energisaprev.com.br\\\/relatorioanual2025\\\/institucional\\\/\"},{\"@type\":\"ListItem\",\"position\":3,\"name\":\"Gest\u00e3o de Risco\"}]},{\"@type\":\"WebSite\",\"@id\":\"https:\\\/\\\/energisaprev.com.br\\\/relatorioanual2025\\\/#website\",\"url\":\"https:\\\/\\\/energisaprev.com.br\\\/relatorioanual2025\\\/\",\"name\":\"Relat\u00f3rio Anual\",\"description\":\"\",\"potentialAction\":[{\"@type\":\"SearchAction\",\"target\":{\"@type\":\"EntryPoint\",\"urlTemplate\":\"https:\\\/\\\/energisaprev.com.br\\\/relatorioanual2025\\\/?s={search_term_string}\"},\"query-input\":{\"@type\":\"PropertyValueSpecification\",\"valueRequired\":true,\"valueName\":\"search_term_string\"}}],\"inLanguage\":\"pt-BR\"}]}<\/script>\n<!-- \/ Yoast SEO plugin. -->","yoast_head_json":{"title":"Gest\u00e3o de Risco - Relat\u00f3rio Anual","robots":{"index":"index","follow":"follow","max-snippet":"max-snippet:-1","max-image-preview":"max-image-preview:large","max-video-preview":"max-video-preview:-1"},"canonical":"https:\/\/energisaprev.com.br\/relatorioanual2025\/institucional\/gestao-de-risco\/","og_locale":"pt_BR","og_type":"article","og_title":"Gest\u00e3o de Risco - Relat\u00f3rio Anual","og_description":"A gest\u00e3o de riscos tem como objetivo identificar, avaliar, monitorar e mitigar os riscos que possam impactar a sustentabilidade dos planos e a continuidade das opera\u00e7\u00f5es. \u00a0 A estrutura est\u00e1 integrada ao modelo de governan\u00e7a corporativa da entidade e envolve diferentes \u00e1reas da organiza\u00e7\u00e3o, garantindo que a identifica\u00e7\u00e3o e o acompanhamento dos riscos ocorram de [&hellip;]","og_url":"https:\/\/energisaprev.com.br\/relatorioanual2025\/institucional\/gestao-de-risco\/","og_site_name":"Relat\u00f3rio Anual","article_modified_time":"2026-04-27T21:17:29+00:00","og_image":[{"width":860,"height":334,"url":"https:\/\/energisaprev.com.br\/relatorioanual2025\/wp-content\/uploads\/2026\/04\/business-people-computer-meeting-collaboration-planning-project-research-with-manager-graphic-designer-technology-design-office-digital-agency-partnership-feedback-1.jpg","type":"image\/jpeg"}],"twitter_card":"summary_large_image","twitter_misc":{"Est. tempo de leitura":"1 minuto"},"schema":{"@context":"https:\/\/schema.org","@graph":[{"@type":"WebPage","@id":"https:\/\/energisaprev.com.br\/relatorioanual2025\/institucional\/gestao-de-risco\/","url":"https:\/\/energisaprev.com.br\/relatorioanual2025\/institucional\/gestao-de-risco\/","name":"Gest\u00e3o de Risco - Relat\u00f3rio Anual","isPartOf":{"@id":"https:\/\/energisaprev.com.br\/relatorioanual2025\/#website"},"primaryImageOfPage":{"@id":"https:\/\/energisaprev.com.br\/relatorioanual2025\/institucional\/gestao-de-risco\/#primaryimage"},"image":{"@id":"https:\/\/energisaprev.com.br\/relatorioanual2025\/institucional\/gestao-de-risco\/#primaryimage"},"thumbnailUrl":"https:\/\/energisaprev.com.br\/relatorioanual2025\/wp-content\/uploads\/2026\/04\/business-people-computer-meeting-collaboration-planning-project-research-with-manager-graphic-designer-technology-design-office-digital-agency-partnership-feedback-1.jpg","datePublished":"2024-04-09T12:54:21+00:00","dateModified":"2026-04-27T21:17:29+00:00","breadcrumb":{"@id":"https:\/\/energisaprev.com.br\/relatorioanual2025\/institucional\/gestao-de-risco\/#breadcrumb"},"inLanguage":"pt-BR","potentialAction":[{"@type":"ReadAction","target":["https:\/\/energisaprev.com.br\/relatorioanual2025\/institucional\/gestao-de-risco\/"]}]},{"@type":"ImageObject","inLanguage":"pt-BR","@id":"https:\/\/energisaprev.com.br\/relatorioanual2025\/institucional\/gestao-de-risco\/#primaryimage","url":"https:\/\/energisaprev.com.br\/relatorioanual2025\/wp-content\/uploads\/2026\/04\/business-people-computer-meeting-collaboration-planning-project-research-with-manager-graphic-designer-technology-design-office-digital-agency-partnership-feedback-1.jpg","contentUrl":"https:\/\/energisaprev.com.br\/relatorioanual2025\/wp-content\/uploads\/2026\/04\/business-people-computer-meeting-collaboration-planning-project-research-with-manager-graphic-designer-technology-design-office-digital-agency-partnership-feedback-1.jpg","width":860,"height":334},{"@type":"BreadcrumbList","@id":"https:\/\/energisaprev.com.br\/relatorioanual2025\/institucional\/gestao-de-risco\/#breadcrumb","itemListElement":[{"@type":"ListItem","position":1,"name":"In\u00edcio","item":"https:\/\/energisaprev.com.br\/relatorioanual2025\/"},{"@type":"ListItem","position":2,"name":"Institucional","item":"https:\/\/energisaprev.com.br\/relatorioanual2025\/institucional\/"},{"@type":"ListItem","position":3,"name":"Gest\u00e3o de Risco"}]},{"@type":"WebSite","@id":"https:\/\/energisaprev.com.br\/relatorioanual2025\/#website","url":"https:\/\/energisaprev.com.br\/relatorioanual2025\/","name":"Relat\u00f3rio Anual","description":"","potentialAction":[{"@type":"SearchAction","target":{"@type":"EntryPoint","urlTemplate":"https:\/\/energisaprev.com.br\/relatorioanual2025\/?s={search_term_string}"},"query-input":{"@type":"PropertyValueSpecification","valueRequired":true,"valueName":"search_term_string"}}],"inLanguage":"pt-BR"}]}},"_links":{"self":[{"href":"https:\/\/energisaprev.com.br\/relatorioanual2025\/wp-json\/wp\/v2\/pages\/2741","targetHints":{"allow":["GET"]}}],"collection":[{"href":"https:\/\/energisaprev.com.br\/relatorioanual2025\/wp-json\/wp\/v2\/pages"}],"about":[{"href":"https:\/\/energisaprev.com.br\/relatorioanual2025\/wp-json\/wp\/v2\/types\/page"}],"author":[{"embeddable":true,"href":"https:\/\/energisaprev.com.br\/relatorioanual2025\/wp-json\/wp\/v2\/users\/1"}],"replies":[{"embeddable":true,"href":"https:\/\/energisaprev.com.br\/relatorioanual2025\/wp-json\/wp\/v2\/comments?post=2741"}],"version-history":[{"count":14,"href":"https:\/\/energisaprev.com.br\/relatorioanual2025\/wp-json\/wp\/v2\/pages\/2741\/revisions"}],"predecessor-version":[{"id":5592,"href":"https:\/\/energisaprev.com.br\/relatorioanual2025\/wp-json\/wp\/v2\/pages\/2741\/revisions\/5592"}],"up":[{"embeddable":true,"href":"https:\/\/energisaprev.com.br\/relatorioanual2025\/wp-json\/wp\/v2\/pages\/184"}],"wp:featuredmedia":[{"embeddable":true,"href":"https:\/\/energisaprev.com.br\/relatorioanual2025\/wp-json\/wp\/v2\/media\/5588"}],"wp:attachment":[{"href":"https:\/\/energisaprev.com.br\/relatorioanual2025\/wp-json\/wp\/v2\/media?parent=2741"}],"curies":[{"name":"wp","href":"https:\/\/api.w.org\/{rel}","templated":true}]}}