{"id":2736,"date":"2024-04-08T18:17:06","date_gmt":"2024-04-08T21:17:06","guid":{"rendered":"https:\/\/crtcomunicacao.com.br\/rai_energisa\/?page_id=2736"},"modified":"2026-04-29T20:34:15","modified_gmt":"2026-04-29T23:34:15","slug":"balanco-patrimonial","status":"publish","type":"page","link":"https:\/\/energisaprev.com.br\/relatorioanual2025\/administrativa-e-financeiro\/balanco-patrimonial\/","title":{"rendered":"Balan\u00e7o Patrimonial"},"content":{"rendered":"\t\t<div data-elementor-type=\"wp-page\" data-elementor-id=\"2736\" class=\"elementor elementor-2736\">\n\t\t\t\t<div data-particle_enable=\"false\" data-particle-mobile-disabled=\"false\" class=\"elementor-element elementor-element-c9c8c7a e-flex e-con-boxed e-con e-parent\" data-id=\"c9c8c7a\" data-element_type=\"container\" data-e-type=\"container\">\n\t\t\t\t\t<div class=\"e-con-inner\">\n\t\t\t\t<div class=\"elementor-element elementor-element-a459606 elementor-widget elementor-widget-heading\" data-id=\"a459606\" data-element_type=\"widget\" data-e-type=\"widget\" data-widget_type=\"heading.default\">\n\t\t\t\t<div class=\"elementor-widget-container\">\n\t\t\t\t\t<p class=\"elementor-heading-title elementor-size-default\">O balan\u00e7o patrimonial representa a posi\u00e7\u00e3o financeira da entidade em uma data espec\u00edfica, evidenciando, de um lado, os ativos \u2014 compostos principalmente pelos investimentos realizados com os recursos acumulados \u2014 e, de outro, os passivos, que correspondem \u00e0s obriga\u00e7\u00f5es com o pagamento de benef\u00edcios aos participantes, aposentados e pensionistas. A diferen\u00e7a entre esses elementos reflete o patrim\u00f4nio do plano, permitindo avaliar sua capacidade de cumprir, de forma sustent\u00e1vel, os compromissos assumidos ao longo do tempo com os nossos clientes. <\/p>\t\t\t\t<\/div>\n\t\t\t\t<\/div>\n\t\t\t\t\t<\/div>\n\t\t\t\t<\/div>\n\t\t\t\t<section data-particle_enable=\"false\" data-particle-mobile-disabled=\"false\" class=\"elementor-section elementor-top-section elementor-element elementor-element-75c0b56 elementor-section-boxed elementor-section-height-default elementor-section-height-default\" data-id=\"75c0b56\" data-element_type=\"section\" data-e-type=\"section\">\n\t\t\t\t\t\t<div class=\"elementor-container elementor-column-gap-default\">\n\t\t\t\t\t<div class=\"elementor-column elementor-col-100 elementor-top-column elementor-element elementor-element-1b803d9\" data-id=\"1b803d9\" data-element_type=\"column\" data-e-type=\"column\">\n\t\t\t<div class=\"elementor-widget-wrap elementor-element-populated\">\n\t\t\t\t\t\t<div class=\"elementor-element elementor-element-0517d0a elementor-widget elementor-widget-html\" data-id=\"0517d0a\" data-element_type=\"widget\" data-e-type=\"widget\" data-widget_type=\"html.default\">\n\t\t\t\t<div class=\"elementor-widget-container\">\n\t\t\t\t\t<div class=\"overflow-auto table_capsulediv\">\r\n    <table class=\"table padrao_table\">\r\n        <thead>\r\n            <tr>\r\n                <th>Ativo (R$ Mil)<\/th>\r\n                <th>Nota<\/th>\r\n                <th>Exerc\u00edcio 2025<\/th>\r\n                <th>Exerc\u00edcio 2024<\/th>\r\n            <\/tr>\r\n        <\/thead>\r\n\r\n        <tbody>\r\n            <tr>\r\n                <td><b>Dispon\u00edvel<\/b><\/td>\r\n                <td><\/td>\r\n                <td><b>9.923<\/b><\/td>\r\n                <td><b>10.089<\/b><\/td>\r\n            <\/tr>\r\n\r\n            <tr>\r\n                <td><b>Realiz\u00e1vel<\/b><\/td>\r\n                <td><\/td>\r\n                <td><b>1.998.606<\/b><\/td>\r\n                <td><b>1.880.124<\/b><\/td>\r\n            <\/tr>\r\n\r\n            <tr>\r\n                <td style=\"padding-left:50px\">Gest\u00e3o Previdencial<\/td>\r\n                <td><a class=\"link-notas\" target=\"_blank\" href=\"#\">Nota Explicativa 4<\/a><\/td>\r\n                <td>167.600<\/td>\r\n                <td>203.204<\/td>\r\n            <\/tr>\r\n\r\n            <tr>\r\n                <td style=\"padding-left:50px\">Gest\u00e3o Administrativa<\/td>\r\n                <td><a class=\"link-notas\" target=\"_blank\" href=\"#\">Nota Explicativa 5<\/a><\/td>\r\n                <td>1.474<\/td>\r\n                <td>1.820<\/td>\r\n            <\/tr>\r\n\r\n            <tr>\r\n                <td style=\"padding-left:50px\"><b>Investimentos<\/b><\/td>\r\n                <td><a class=\"link-notas\" target=\"_blank\" href=\"#\">Nota Explicativa 6<\/a><\/td>\r\n                <td><b>1.829.532<\/b><\/td>\r\n                <td><b>1.675.100<\/b><\/td>\r\n            <\/tr>\r\n\r\n            <tr>\r\n                <td style=\"padding-left:80px\">T\u00edtulos P\u00fablicos<\/td>\r\n                <td><\/td>\r\n                <td>1.056.239<\/td>\r\n                <td>948.325<\/td>\r\n            <\/tr>\r\n\r\n            <tr>\r\n                <td style=\"padding-left:80px\">Ativo Financeiro de Cr\u00e9dito Privado<\/td>\r\n                <td><\/td>\r\n                <td>60<\/td>\r\n                <td>9.784<\/td>\r\n            <\/tr>\r\n\r\n            <tr>\r\n                <td style=\"padding-left:80px\">Fundos de Investimento<\/td>\r\n                <td><\/td>\r\n                <td>619.605<\/td>\r\n                <td>579.453<\/td>\r\n            <\/tr>\r\n\r\n            <tr>\r\n                <td style=\"padding-left:80px\">Investimentos em Im\u00f3veis<\/td>\r\n                <td><\/td>\r\n                <td>26.636<\/td>\r\n                <td>25.408<\/td>\r\n            <\/tr>\r\n\r\n            <tr>\r\n                <td style=\"padding-left:80px\">Opera\u00e7\u00f5es com Participantes<\/td>\r\n                <td><\/td>\r\n                <td>126.345<\/td>\r\n                <td>111.772<\/td>\r\n            <\/tr>\r\n\r\n            <tr>\r\n                <td style=\"padding-left:80px\">Dep\u00f3sitos Judiciais\/Recursais<\/td>\r\n                <td><\/td>\r\n                <td>355<\/td>\r\n                <td>355<\/td>\r\n            <\/tr>\r\n\r\n            <tr>\r\n                <td style=\"padding-left:80px\">Outros Realiz\u00e1veis<\/td>\r\n                <td><\/td>\r\n                <td>292<\/td>\r\n                <td>3<\/td>\r\n            <\/tr>\r\n\r\n            <tr>\r\n                <td><b>Imobilizado e Intang\u00edvel<\/b><\/td>\r\n                <td><a class=\"link-notas\" target=\"_blank\" href=\"#\">Nota Explicativa 7<\/a><\/td>\r\n                <td><b>513<\/b><\/td>\r\n                <td><b>714<\/b><\/td>\r\n            <\/tr>\r\n\r\n            <tr>\r\n                <td style=\"padding-left:50px\">Imobilizado<\/td>\r\n                <td><\/td>\r\n                <td>243<\/td>\r\n                <td>265<\/td>\r\n            <\/tr>\r\n\r\n            <tr>\r\n                <td style=\"padding-left:50px\">Intang\u00edvel<\/td>\r\n                <td><\/td>\r\n                <td>270<\/td>\r\n                <td>449<\/td>\r\n            <\/tr>\r\n        <\/tbody>\r\n\r\n        <tfoot>\r\n            <tr>\r\n                <td><b>Total do Ativo<\/b><\/td>\r\n                <td><\/td>\r\n                <td><b>2.009.042<\/b><\/td>\r\n                <td><b>1.890.927<\/b><\/td>\r\n            <\/tr>\r\n        <\/tfoot>\r\n    <\/table>\r\n<\/div>\t\t\t\t<\/div>\n\t\t\t\t<\/div>\n\t\t\t\t<div class=\"elementor-element elementor-element-2b326fb elementor-widget elementor-widget-html\" data-id=\"2b326fb\" data-element_type=\"widget\" data-e-type=\"widget\" data-widget_type=\"html.default\">\n\t\t\t\t<div class=\"elementor-widget-container\">\n\t\t\t\t\t<div class=\"overflow-auto table_capsulediv\">\r\n    <table class=\"table padrao_table\">\r\n        <thead>\r\n            <tr>\r\n                <th>Passivo (R$ Mil)<\/th>\r\n                <th>Nota<\/th>\r\n                <th>Exerc\u00edcio 2025<\/th>\r\n                <th>Exerc\u00edcio 2024<\/th>\r\n            <\/tr>\r\n        <\/thead>\r\n\r\n        <tbody>\r\n            <tr>\r\n                <td><b>Exig\u00edvel Operacional<\/b><\/td>\r\n                <td><\/td>\r\n                <td><b>18.227<\/b><\/td>\r\n                <td><b>18.629<\/b><\/td>\r\n            <\/tr>\r\n\r\n            <tr>\r\n                <td style=\"padding-left:50px\">Gest\u00e3o Previdencial<\/td>\r\n                <td><a class=\"link-notas\" target=\"_blank\" href=\"#\">Nota Explicativa 8<\/a><\/td>\r\n                <td>15.208<\/td>\r\n                <td>15.105<\/td>\r\n            <\/tr>\r\n\r\n            <tr>\r\n                <td style=\"padding-left:50px\">Gest\u00e3o Administrativa<\/td>\r\n                <td><a class=\"link-notas\" target=\"_blank\" href=\"#\">Nota Explicativa 9<\/a><\/td>\r\n                <td>2.902<\/td>\r\n                <td>3.381<\/td>\r\n            <\/tr>\r\n\r\n            <tr>\r\n                <td style=\"padding-left:50px\">Investimentos<\/td>\r\n                <td><a class=\"link-notas\" target=\"_blank\" href=\"#\">Nota Explicativa 10<\/a><\/td>\r\n                <td>117<\/td>\r\n                <td>143<\/td>\r\n            <\/tr>\r\n\r\n            <tr>\r\n                <td><b>Exig\u00edvel Contingencial<\/b><\/td>\r\n                <td><\/td>\r\n                <td><b>4.303<\/b><\/td>\r\n                <td><b>6.488<\/b><\/td>\r\n            <\/tr>\r\n\r\n            <tr>\r\n                <td style=\"padding-left:50px\">Gest\u00e3o Previdencial<\/td>\r\n                <td><a class=\"link-notas\" target=\"_blank\" href=\"#\">Nota Explicativa 11<\/a><\/td>\r\n                <td>3.942<\/td>\r\n                <td>6.128<\/td>\r\n            <\/tr>\r\n\r\n            <tr>\r\n                <td style=\"padding-left:50px\">Gest\u00e3o Administrativa<\/td>\r\n                <td><a class=\"link-notas\" target=\"_blank\" href=\"#\">Nota Explicativa 12<\/a><\/td>\r\n                <td>6<\/td>\r\n                <td>5<\/td>\r\n            <\/tr>\r\n\r\n            <tr>\r\n                <td style=\"padding-left:50px\">Investimentos<\/td>\r\n                <td><a class=\"link-notas\" target=\"_blank\" href=\"#\">Nota Explicativa 13<\/a><\/td>\r\n                <td>355<\/td>\r\n                <td>355<\/td>\r\n            <\/tr>\r\n\r\n            <tr>\r\n                <td><b>Patrim\u00f4nio Social<\/b><\/td>\r\n                <td><\/td>\r\n                <td><b>1.986.512<\/b><\/td>\r\n                <td><b>1.865.810<\/b><\/td>\r\n            <\/tr>\r\n\r\n            <tr>\r\n                <td style=\"padding-left:50px\"><b>Patrim\u00f4nio de Cobertura do Plano<\/b><\/td>\r\n                <td><\/td>\r\n                <td><b>1.947.723<\/b><\/td>\r\n                <td><b>1.829.986<\/b><\/td>\r\n            <\/tr>\r\n\r\n            <tr>\r\n                <td style=\"padding-left:80px\"><b>Provis\u00f5es Matem\u00e1ticas<\/b><\/td>\r\n                <td><a class=\"link-notas\" target=\"_blank\" href=\"#\">Nota Explicativa 14<\/a><\/td>\r\n                <td><b>1.936.891<\/b><\/td>\r\n                <td><b>1.839.693<\/b><\/td>\r\n            <\/tr>\r\n\r\n            <tr>\r\n                <td style=\"padding-left:110px\">Benef\u00edcios Concedidos<\/td>\r\n                <td><\/td>\r\n                <td>1.151.512<\/td>\r\n                <td>1.169.477<\/td>\r\n            <\/tr>\r\n\r\n            <tr>\r\n                <td style=\"padding-left:110px\">Benef\u00edcios a Conceder<\/td>\r\n                <td><\/td>\r\n                <td>795.874<\/td>\r\n                <td>681.300<\/td>\r\n            <\/tr>\r\n\r\n            <tr>\r\n                <td style=\"padding-left:110px\">(-) Provis\u00f5es Matem\u00e1ticas a Constituir<\/td>\r\n                <td><\/td>\r\n                <td>(10.495)<\/td>\r\n                <td>(11.084)<\/td>\r\n            <\/tr>\r\n\r\n            <tr>\r\n                <td style=\"padding-left:50px\"><b>Equil\u00edbrio T\u00e9cnico<\/b><\/td>\r\n                <td><a class=\"link-notas\" target=\"_blank\" href=\"#\">Nota Explicativa 15<\/a><\/td>\r\n                <td><b>10.832<\/b><\/td>\r\n                <td><b>(9.707)<\/b><\/td>\r\n            <\/tr>\r\n\r\n            <tr>\r\n                <td style=\"padding-left:80px\">Resultados Realizados<\/td>\r\n                <td><\/td>\r\n                <td>10.832<\/td>\r\n                <td>(9.707)<\/td>\r\n            <\/tr>\r\n\r\n            <tr>\r\n                <td style=\"padding-left:80px\">Super\u00e1vit T\u00e9cnico Acumulado<\/td>\r\n                <td><\/td>\r\n                <td>18.411<\/td>\r\n                <td>8.357<\/td>\r\n            <\/tr>\r\n\r\n            <tr>\r\n                <td style=\"padding-left:80px\">(-) D\u00e9ficit T\u00e9cnico Acumulado<\/td>\r\n                <td><\/td>\r\n                <td>(7.579)<\/td>\r\n                <td>(18.064)<\/td>\r\n            <\/tr>\r\n\r\n            <tr>\r\n                <td style=\"padding-left:50px\"><b>Fundos<\/b><\/td>\r\n                <td><a class=\"link-notas\" target=\"_blank\" href=\"#\">Nota Explicativa 16<\/a><\/td>\r\n                <td><b>38.789<\/b><\/td>\r\n                <td><b>35.824<\/b><\/td>\r\n            <\/tr>\r\n\r\n            <tr>\r\n                <td style=\"padding-left:80px\">Fundos Previdenciais<\/td>\r\n                <td><\/td>\r\n                <td>18.953<\/td>\r\n                <td>21.689<\/td>\r\n            <\/tr>\r\n\r\n            <tr>\r\n                <td style=\"padding-left:80px\">Fundos Administrativos<\/td>\r\n                <td><\/td>\r\n                <td>17.580<\/td>\r\n                <td>12.109<\/td>\r\n            <\/tr>\r\n\r\n            <tr>\r\n                <td style=\"padding-left:80px\">Fundos para Garantia das Opera\u00e7\u00f5es com Participantes<\/td>\r\n                <td><\/td>\r\n                <td>2.256<\/td>\r\n                <td>2.026<\/td>\r\n            <\/tr>\r\n        <\/tbody>\r\n\r\n        <tfoot>\r\n            <tr>\r\n                <td><b>Total do Passivo<\/b><\/td>\r\n                <td><\/td>\r\n                <td><b>2.009.042<\/b><\/td>\r\n                <td><b>1.890.927<\/b><\/td>\r\n            <\/tr>\r\n        <\/tfoot>\r\n    <\/table>\r\n<\/div>\t\t\t\t<\/div>\n\t\t\t\t<\/div>\n\t\t\t\t\t<\/div>\n\t\t<\/div>\n\t\t\t\t\t<\/div>\n\t\t<\/section>\n\t\t\t\t<\/div>\n\t\t","protected":false},"excerpt":{"rendered":"<p>O balan\u00e7o patrimonial representa a posi\u00e7\u00e3o financeira da entidade em uma data espec\u00edfica, evidenciando, de um lado, os ativos \u2014 compostos principalmente pelos investimentos realizados com os recursos acumulados \u2014 e, de outro, os passivos, que correspondem \u00e0s obriga\u00e7\u00f5es com o pagamento de benef\u00edcios aos participantes, aposentados e pensionistas. A diferen\u00e7a entre esses elementos reflete [&hellip;]<\/p>\n","protected":false},"author":1,"featured_media":5787,"parent":63,"menu_order":33,"comment_status":"closed","ping_status":"closed","template":"","meta":{"footnotes":""},"class_list":["post-2736","page","type-page","status-publish","has-post-thumbnail","hentry"],"acf":[],"yoast_head":"<!-- This site is optimized with the Yoast SEO plugin v27.5 - https:\/\/yoast.com\/product\/yoast-seo-wordpress\/ -->\n<title>Balan\u00e7o Patrimonial - Relat\u00f3rio Anual<\/title>\n<meta name=\"robots\" content=\"index, follow, max-snippet:-1, max-image-preview:large, max-video-preview:-1\" \/>\n<link rel=\"canonical\" href=\"https:\/\/energisaprev.com.br\/relatorioanual2025\/administrativa-e-financeiro\/balanco-patrimonial\/\" \/>\n<meta property=\"og:locale\" content=\"pt_BR\" \/>\n<meta property=\"og:type\" content=\"article\" \/>\n<meta property=\"og:title\" content=\"Balan\u00e7o Patrimonial - Relat\u00f3rio Anual\" \/>\n<meta property=\"og:description\" content=\"O balan\u00e7o patrimonial representa a posi\u00e7\u00e3o financeira da entidade em uma data espec\u00edfica, evidenciando, de um lado, os ativos \u2014 compostos principalmente pelos investimentos realizados com os recursos acumulados \u2014 e, de outro, os passivos, que correspondem \u00e0s obriga\u00e7\u00f5es com o pagamento de benef\u00edcios aos participantes, aposentados e pensionistas. A diferen\u00e7a entre esses elementos reflete [&hellip;]\" \/>\n<meta property=\"og:url\" content=\"https:\/\/energisaprev.com.br\/relatorioanual2025\/administrativa-e-financeiro\/balanco-patrimonial\/\" \/>\n<meta property=\"og:site_name\" content=\"Relat\u00f3rio Anual\" \/>\n<meta property=\"article:modified_time\" content=\"2026-04-29T23:34:15+00:00\" \/>\n<meta property=\"og:image\" content=\"https:\/\/energisaprev.com.br\/relatorioanual2025\/wp-content\/uploads\/2026\/04\/Mask-group-8.jpg\" \/>\n\t<meta property=\"og:image:width\" content=\"860\" \/>\n\t<meta property=\"og:image:height\" content=\"334\" \/>\n\t<meta property=\"og:image:type\" content=\"image\/jpeg\" \/>\n<meta name=\"twitter:card\" content=\"summary_large_image\" \/>\n<meta name=\"twitter:label1\" content=\"Est. tempo de leitura\" \/>\n\t<meta name=\"twitter:data1\" content=\"2 minutos\" \/>\n<script type=\"application\/ld+json\" class=\"yoast-schema-graph\">{\"@context\":\"https:\\\/\\\/schema.org\",\"@graph\":[{\"@type\":\"WebPage\",\"@id\":\"https:\\\/\\\/energisaprev.com.br\\\/relatorioanual2025\\\/administrativa-e-financeiro\\\/balanco-patrimonial\\\/\",\"url\":\"https:\\\/\\\/energisaprev.com.br\\\/relatorioanual2025\\\/administrativa-e-financeiro\\\/balanco-patrimonial\\\/\",\"name\":\"Balan\u00e7o Patrimonial - Relat\u00f3rio Anual\",\"isPartOf\":{\"@id\":\"https:\\\/\\\/energisaprev.com.br\\\/relatorioanual2025\\\/#website\"},\"primaryImageOfPage\":{\"@id\":\"https:\\\/\\\/energisaprev.com.br\\\/relatorioanual2025\\\/administrativa-e-financeiro\\\/balanco-patrimonial\\\/#primaryimage\"},\"image\":{\"@id\":\"https:\\\/\\\/energisaprev.com.br\\\/relatorioanual2025\\\/administrativa-e-financeiro\\\/balanco-patrimonial\\\/#primaryimage\"},\"thumbnailUrl\":\"https:\\\/\\\/energisaprev.com.br\\\/relatorioanual2025\\\/wp-content\\\/uploads\\\/2026\\\/04\\\/Mask-group-8.jpg\",\"datePublished\":\"2024-04-08T21:17:06+00:00\",\"dateModified\":\"2026-04-29T23:34:15+00:00\",\"breadcrumb\":{\"@id\":\"https:\\\/\\\/energisaprev.com.br\\\/relatorioanual2025\\\/administrativa-e-financeiro\\\/balanco-patrimonial\\\/#breadcrumb\"},\"inLanguage\":\"pt-BR\",\"potentialAction\":[{\"@type\":\"ReadAction\",\"target\":[\"https:\\\/\\\/energisaprev.com.br\\\/relatorioanual2025\\\/administrativa-e-financeiro\\\/balanco-patrimonial\\\/\"]}]},{\"@type\":\"ImageObject\",\"inLanguage\":\"pt-BR\",\"@id\":\"https:\\\/\\\/energisaprev.com.br\\\/relatorioanual2025\\\/administrativa-e-financeiro\\\/balanco-patrimonial\\\/#primaryimage\",\"url\":\"https:\\\/\\\/energisaprev.com.br\\\/relatorioanual2025\\\/wp-content\\\/uploads\\\/2026\\\/04\\\/Mask-group-8.jpg\",\"contentUrl\":\"https:\\\/\\\/energisaprev.com.br\\\/relatorioanual2025\\\/wp-content\\\/uploads\\\/2026\\\/04\\\/Mask-group-8.jpg\",\"width\":860,\"height\":334},{\"@type\":\"BreadcrumbList\",\"@id\":\"https:\\\/\\\/energisaprev.com.br\\\/relatorioanual2025\\\/administrativa-e-financeiro\\\/balanco-patrimonial\\\/#breadcrumb\",\"itemListElement\":[{\"@type\":\"ListItem\",\"position\":1,\"name\":\"In\u00edcio\",\"item\":\"https:\\\/\\\/energisaprev.com.br\\\/relatorioanual2025\\\/\"},{\"@type\":\"ListItem\",\"position\":2,\"name\":\"Administrativa e Financeiro\",\"item\":\"https:\\\/\\\/energisaprev.com.br\\\/relatorioanual2025\\\/administrativa-e-financeiro\\\/\"},{\"@type\":\"ListItem\",\"position\":3,\"name\":\"Balan\u00e7o Patrimonial\"}]},{\"@type\":\"WebSite\",\"@id\":\"https:\\\/\\\/energisaprev.com.br\\\/relatorioanual2025\\\/#website\",\"url\":\"https:\\\/\\\/energisaprev.com.br\\\/relatorioanual2025\\\/\",\"name\":\"Relat\u00f3rio Anual\",\"description\":\"\",\"potentialAction\":[{\"@type\":\"SearchAction\",\"target\":{\"@type\":\"EntryPoint\",\"urlTemplate\":\"https:\\\/\\\/energisaprev.com.br\\\/relatorioanual2025\\\/?s={search_term_string}\"},\"query-input\":{\"@type\":\"PropertyValueSpecification\",\"valueRequired\":true,\"valueName\":\"search_term_string\"}}],\"inLanguage\":\"pt-BR\"}]}<\/script>\n<!-- \/ Yoast SEO plugin. -->","yoast_head_json":{"title":"Balan\u00e7o Patrimonial - Relat\u00f3rio Anual","robots":{"index":"index","follow":"follow","max-snippet":"max-snippet:-1","max-image-preview":"max-image-preview:large","max-video-preview":"max-video-preview:-1"},"canonical":"https:\/\/energisaprev.com.br\/relatorioanual2025\/administrativa-e-financeiro\/balanco-patrimonial\/","og_locale":"pt_BR","og_type":"article","og_title":"Balan\u00e7o Patrimonial - Relat\u00f3rio Anual","og_description":"O balan\u00e7o patrimonial representa a posi\u00e7\u00e3o financeira da entidade em uma data espec\u00edfica, evidenciando, de um lado, os ativos \u2014 compostos principalmente pelos investimentos realizados com os recursos acumulados \u2014 e, de outro, os passivos, que correspondem \u00e0s obriga\u00e7\u00f5es com o pagamento de benef\u00edcios aos participantes, aposentados e pensionistas. A diferen\u00e7a entre esses elementos reflete [&hellip;]","og_url":"https:\/\/energisaprev.com.br\/relatorioanual2025\/administrativa-e-financeiro\/balanco-patrimonial\/","og_site_name":"Relat\u00f3rio Anual","article_modified_time":"2026-04-29T23:34:15+00:00","og_image":[{"width":860,"height":334,"url":"https:\/\/energisaprev.com.br\/relatorioanual2025\/wp-content\/uploads\/2026\/04\/Mask-group-8.jpg","type":"image\/jpeg"}],"twitter_card":"summary_large_image","twitter_misc":{"Est. tempo de leitura":"2 minutos"},"schema":{"@context":"https:\/\/schema.org","@graph":[{"@type":"WebPage","@id":"https:\/\/energisaprev.com.br\/relatorioanual2025\/administrativa-e-financeiro\/balanco-patrimonial\/","url":"https:\/\/energisaprev.com.br\/relatorioanual2025\/administrativa-e-financeiro\/balanco-patrimonial\/","name":"Balan\u00e7o Patrimonial - Relat\u00f3rio Anual","isPartOf":{"@id":"https:\/\/energisaprev.com.br\/relatorioanual2025\/#website"},"primaryImageOfPage":{"@id":"https:\/\/energisaprev.com.br\/relatorioanual2025\/administrativa-e-financeiro\/balanco-patrimonial\/#primaryimage"},"image":{"@id":"https:\/\/energisaprev.com.br\/relatorioanual2025\/administrativa-e-financeiro\/balanco-patrimonial\/#primaryimage"},"thumbnailUrl":"https:\/\/energisaprev.com.br\/relatorioanual2025\/wp-content\/uploads\/2026\/04\/Mask-group-8.jpg","datePublished":"2024-04-08T21:17:06+00:00","dateModified":"2026-04-29T23:34:15+00:00","breadcrumb":{"@id":"https:\/\/energisaprev.com.br\/relatorioanual2025\/administrativa-e-financeiro\/balanco-patrimonial\/#breadcrumb"},"inLanguage":"pt-BR","potentialAction":[{"@type":"ReadAction","target":["https:\/\/energisaprev.com.br\/relatorioanual2025\/administrativa-e-financeiro\/balanco-patrimonial\/"]}]},{"@type":"ImageObject","inLanguage":"pt-BR","@id":"https:\/\/energisaprev.com.br\/relatorioanual2025\/administrativa-e-financeiro\/balanco-patrimonial\/#primaryimage","url":"https:\/\/energisaprev.com.br\/relatorioanual2025\/wp-content\/uploads\/2026\/04\/Mask-group-8.jpg","contentUrl":"https:\/\/energisaprev.com.br\/relatorioanual2025\/wp-content\/uploads\/2026\/04\/Mask-group-8.jpg","width":860,"height":334},{"@type":"BreadcrumbList","@id":"https:\/\/energisaprev.com.br\/relatorioanual2025\/administrativa-e-financeiro\/balanco-patrimonial\/#breadcrumb","itemListElement":[{"@type":"ListItem","position":1,"name":"In\u00edcio","item":"https:\/\/energisaprev.com.br\/relatorioanual2025\/"},{"@type":"ListItem","position":2,"name":"Administrativa e Financeiro","item":"https:\/\/energisaprev.com.br\/relatorioanual2025\/administrativa-e-financeiro\/"},{"@type":"ListItem","position":3,"name":"Balan\u00e7o Patrimonial"}]},{"@type":"WebSite","@id":"https:\/\/energisaprev.com.br\/relatorioanual2025\/#website","url":"https:\/\/energisaprev.com.br\/relatorioanual2025\/","name":"Relat\u00f3rio Anual","description":"","potentialAction":[{"@type":"SearchAction","target":{"@type":"EntryPoint","urlTemplate":"https:\/\/energisaprev.com.br\/relatorioanual2025\/?s={search_term_string}"},"query-input":{"@type":"PropertyValueSpecification","valueRequired":true,"valueName":"search_term_string"}}],"inLanguage":"pt-BR"}]}},"_links":{"self":[{"href":"https:\/\/energisaprev.com.br\/relatorioanual2025\/wp-json\/wp\/v2\/pages\/2736","targetHints":{"allow":["GET"]}}],"collection":[{"href":"https:\/\/energisaprev.com.br\/relatorioanual2025\/wp-json\/wp\/v2\/pages"}],"about":[{"href":"https:\/\/energisaprev.com.br\/relatorioanual2025\/wp-json\/wp\/v2\/types\/page"}],"author":[{"embeddable":true,"href":"https:\/\/energisaprev.com.br\/relatorioanual2025\/wp-json\/wp\/v2\/users\/1"}],"replies":[{"embeddable":true,"href":"https:\/\/energisaprev.com.br\/relatorioanual2025\/wp-json\/wp\/v2\/comments?post=2736"}],"version-history":[{"count":62,"href":"https:\/\/energisaprev.com.br\/relatorioanual2025\/wp-json\/wp\/v2\/pages\/2736\/revisions"}],"predecessor-version":[{"id":6022,"href":"https:\/\/energisaprev.com.br\/relatorioanual2025\/wp-json\/wp\/v2\/pages\/2736\/revisions\/6022"}],"up":[{"embeddable":true,"href":"https:\/\/energisaprev.com.br\/relatorioanual2025\/wp-json\/wp\/v2\/pages\/63"}],"wp:featuredmedia":[{"embeddable":true,"href":"https:\/\/energisaprev.com.br\/relatorioanual2025\/wp-json\/wp\/v2\/media\/5787"}],"wp:attachment":[{"href":"https:\/\/energisaprev.com.br\/relatorioanual2025\/wp-json\/wp\/v2\/media?parent=2736"}],"curies":[{"name":"wp","href":"https:\/\/api.w.org\/{rel}","templated":true}]}}