{"id":2136,"date":"2024-04-04T15:40:32","date_gmt":"2024-04-04T18:40:32","guid":{"rendered":"https:\/\/crtcomunicacao.com.br\/rai_energisa\/?page_id=2136"},"modified":"2026-04-29T19:42:33","modified_gmt":"2026-04-29T22:42:33","slug":"beneficio-concedido","status":"publish","type":"page","link":"https:\/\/energisaprev.com.br\/relatorioanual2025\/previdencia\/beneficio-concedido\/","title":{"rendered":"Benef\u00edcio Concedido"},"content":{"rendered":"\t\t<div data-elementor-type=\"wp-page\" data-elementor-id=\"2136\" class=\"elementor elementor-2136\">\n\t\t\t\t\t\t<section data-particle_enable=\"false\" data-particle-mobile-disabled=\"false\" class=\"elementor-section elementor-top-section elementor-element elementor-element-2c1998a elementor-section-boxed elementor-section-height-default elementor-section-height-default\" data-id=\"2c1998a\" data-element_type=\"section\" data-e-type=\"section\">\n\t\t\t\t\t\t<div class=\"elementor-container elementor-column-gap-default\">\n\t\t\t\t\t<div class=\"elementor-column elementor-col-100 elementor-top-column elementor-element elementor-element-9977d9e\" data-id=\"9977d9e\" data-element_type=\"column\" data-e-type=\"column\">\n\t\t\t<div class=\"elementor-widget-wrap elementor-element-populated\">\n\t\t\t\t\t\t<div class=\"elementor-element elementor-element-b0f0e46 elementor-widget elementor-widget-text-editor\" data-id=\"b0f0e46\" data-element_type=\"widget\" data-e-type=\"widget\" data-widget_type=\"text-editor.default\">\n\t\t\t\t<div class=\"elementor-widget-container\">\n\t\t\t\t\t\t\t\t\t<p>Em 2025, os benef\u00edcios pagos apresentaram varia\u00e7\u00f5es em rela\u00e7\u00e3o a 2024, abrangendo aposentadorias, pens\u00f5es, aux\u00edlio-doen\u00e7a, abono anual, resgates e benef\u00edcios de pagamento \u00fanico.<\/p>\t\t\t\t\t\t\t\t<\/div>\n\t\t\t\t<\/div>\n\t\t\t\t<div class=\"elementor-element elementor-element-3fd81b0 td-min-width elementor-widget elementor-widget-html\" data-id=\"3fd81b0\" data-element_type=\"widget\" data-e-type=\"widget\" data-widget_type=\"html.default\">\n\t\t\t\t<div class=\"elementor-widget-container\">\n\t\t\t\t\t<div class=\"overflow-auto table_capsulediv\">\r\n    <table class=\"table padrao_table\">\r\n        <thead>\r\n            <tr>\r\n                <th colspan=\"19\">Benef\u00edcios Pagos<\/th>\r\n            <\/tr>\r\n        <\/thead>\r\n\r\n        <tbody>\r\n            <tr>\r\n                <td>Benef\u00edcio<\/td>\r\n                <td>Cemat BDI<\/td>\r\n                <td>Cemat OP<\/td>\r\n                <td>El\u00e9tricas BDI<\/td>\r\n                <td>El\u00e9tricas OP<\/td>\r\n                <td>Energisa CD<\/td>\r\n                <td>Energisa Conservador<\/td>\r\n                <td>Energisa Moderado<\/td>\r\n                <td>Energisa Sudeste<\/td>\r\n                <td>Plano I<\/td>\r\n                <td>Plano II<\/td>\r\n                <td>Funasa CD<\/td>\r\n                <td>Plano Risco<\/td>\r\n                <td>Funasa BD<\/td>\r\n                <td>Funasa Saldado<\/td>\r\n                <td>Sergipe CD<\/td>\r\n                <td>Sergipe Saldado<\/td>\r\n                <td>Total 2025<\/td>\r\n                <td>Total 2024<\/td>\r\n            <\/tr>\r\n\r\n            <tr>\r\n                <td>APOSENTADORIA PROGRAMADA<\/td>\r\n                <td>72<\/td>\r\n                <td>1.912<\/td>\r\n                <td>1.110<\/td>\r\n                <td>568<\/td>\r\n                <td>5.972<\/td>\r\n                <td>20.212<\/td>\r\n                <td>46.107<\/td>\r\n                <td>4.978<\/td>\r\n                <td>2.068<\/td>\r\n                <td>1.741<\/td>\r\n                <td>137<\/td>\r\n                <td>0<\/td>\r\n                <td>9.361<\/td>\r\n                <td>2.477<\/td>\r\n                <td>651<\/td>\r\n                <td>3.658<\/td>\r\n                <td>101.027<\/td>\r\n                <td>100.779<\/td>\r\n            <\/tr>\r\n\r\n            <tr>\r\n                <td>INVALIDEZ<\/td>\r\n                <td>97<\/td>\r\n                <td>0<\/td>\r\n                <td>62<\/td>\r\n                <td>0<\/td>\r\n                <td>557<\/td>\r\n                <td>1.064<\/td>\r\n                <td>4.529<\/td>\r\n                <td>0<\/td>\r\n                <td>218<\/td>\r\n                <td>232<\/td>\r\n                <td>0<\/td>\r\n                <td>375<\/td>\r\n                <td>1.022<\/td>\r\n                <td>89<\/td>\r\n                <td>44<\/td>\r\n                <td>44<\/td>\r\n                <td>8.334<\/td>\r\n                <td>10.059<\/td>\r\n            <\/tr>\r\n\r\n            <tr>\r\n                <td>PENS\u00d5ES<\/td>\r\n                <td>196<\/td>\r\n                <td>923<\/td>\r\n                <td>953<\/td>\r\n                <td>408<\/td>\r\n                <td>2.085<\/td>\r\n                <td>2.808<\/td>\r\n                <td>19.944<\/td>\r\n                <td>454<\/td>\r\n                <td>1.642<\/td>\r\n                <td>398<\/td>\r\n                <td>3<\/td>\r\n                <td>1.276<\/td>\r\n                <td>3.738<\/td>\r\n                <td>133<\/td>\r\n                <td>321<\/td>\r\n                <td>237<\/td>\r\n                <td>35.520<\/td>\r\n                <td>34.780<\/td>\r\n            <\/tr>\r\n\r\n            <tr>\r\n                <td>AUX\u00cdLIOS<\/td>\r\n                <td>0<\/td>\r\n                <td>0<\/td>\r\n                <td>0<\/td>\r\n                <td>0<\/td>\r\n                <td>94<\/td>\r\n                <td>122<\/td>\r\n                <td>641<\/td>\r\n                <td>0<\/td>\r\n                <td>0<\/td>\r\n                <td>0<\/td>\r\n                <td>0<\/td>\r\n                <td>27<\/td>\r\n                <td>0<\/td>\r\n                <td>0<\/td>\r\n                <td>0<\/td>\r\n                <td>0<\/td>\r\n                <td>884<\/td>\r\n                <td>802<\/td>\r\n            <\/tr>\r\n\r\n            <tr>\r\n                <td>PROVIS\u00d5ES<\/td>\r\n                <td>32<\/td>\r\n                <td>0<\/td>\r\n                <td>183<\/td>\r\n                <td>0<\/td>\r\n                <td>0<\/td>\r\n                <td>1.378<\/td>\r\n                <td>4.549<\/td>\r\n                <td>13<\/td>\r\n                <td>333<\/td>\r\n                <td>201<\/td>\r\n                <td>12<\/td>\r\n                <td>145<\/td>\r\n                <td>1.163<\/td>\r\n                <td>225<\/td>\r\n                <td>88<\/td>\r\n                <td>341<\/td>\r\n                <td>8.663<\/td>\r\n                <td>8.585<\/td>\r\n            <\/tr>\r\n\r\n            <tr>\r\n                <td>PEC\u00daLIOS<\/td>\r\n                <td>0<\/td>\r\n                <td>106<\/td>\r\n                <td>0<\/td>\r\n                <td>83<\/td>\r\n                <td>0<\/td>\r\n                <td>0<\/td>\r\n                <td>0<\/td>\r\n                <td>0<\/td>\r\n                <td>0<\/td>\r\n                <td>0<\/td>\r\n                <td>0<\/td>\r\n                <td>0<\/td>\r\n                <td>9<\/td>\r\n                <td>7<\/td>\r\n                <td>0<\/td>\r\n                <td>28<\/td>\r\n                <td>234<\/td>\r\n                <td>496<\/td>\r\n            <\/tr>\r\n\r\n            <tr>\r\n                <td>Pgto \u00danico Tempo se Servi\u00e7o<\/td>\r\n                <td>0<\/td>\r\n                <td>0<\/td>\r\n                <td>0<\/td>\r\n                <td>0<\/td>\r\n                <td>0<\/td>\r\n                <td>0<\/td>\r\n                <td>25<\/td>\r\n                <td>0<\/td>\r\n                <td>0<\/td>\r\n                <td>0<\/td>\r\n                <td>0<\/td>\r\n                <td>0<\/td>\r\n                <td>0<\/td>\r\n                <td>0<\/td>\r\n                <td>0<\/td>\r\n                <td>0<\/td>\r\n                <td>25<\/td>\r\n                <td>0<\/td>\r\n            <\/tr>\r\n\r\n            <tr>\r\n                <td>Pgto \u00danico Idade<\/td>\r\n                <td>0<\/td>\r\n                <td>0<\/td>\r\n                <td>0<\/td>\r\n                <td>0<\/td>\r\n                <td>1.028<\/td>\r\n                <td>0<\/td>\r\n                <td>255<\/td>\r\n                <td>0<\/td>\r\n                <td>0<\/td>\r\n                <td>0<\/td>\r\n                <td>0<\/td>\r\n                <td>0<\/td>\r\n                <td>0<\/td>\r\n                <td>0<\/td>\r\n                <td>0<\/td>\r\n                <td>0<\/td>\r\n                <td>1.283<\/td>\r\n                <td>5.446<\/td>\r\n            <\/tr>\r\n\r\n            <tr>\r\n                <td>Pgto \u00danico Pens\u00e3o<\/td>\r\n                <td>0<\/td>\r\n                <td>0<\/td>\r\n                <td>0<\/td>\r\n                <td>0<\/td>\r\n                <td>206<\/td>\r\n                <td>317<\/td>\r\n                <td>1.260<\/td>\r\n                <td>0<\/td>\r\n                <td>0<\/td>\r\n                <td>0<\/td>\r\n                <td>21<\/td>\r\n                <td>0<\/td>\r\n                <td>0<\/td>\r\n                <td>0<\/td>\r\n                <td>0<\/td>\r\n                <td>0<\/td>\r\n                <td>1.803<\/td>\r\n                <td>5.069<\/td>\r\n            <\/tr>\r\n\r\n            <tr>\r\n                <td>Pgto BPD<\/td>\r\n                <td>0<\/td>\r\n                <td>0<\/td>\r\n                <td>0<\/td>\r\n                <td>0<\/td>\r\n                <td>9<\/td>\r\n                <td>0<\/td>\r\n                <td>1<\/td>\r\n                <td>0<\/td>\r\n                <td>0<\/td>\r\n                <td>0<\/td>\r\n                <td>0<\/td>\r\n                <td>0<\/td>\r\n                <td>0<\/td>\r\n                <td>0<\/td>\r\n                <td>0<\/td>\r\n                <td>0<\/td>\r\n                <td>11<\/td>\r\n                <td>105<\/td>\r\n            <\/tr>\r\n\r\n            <tr>\r\n                <td>RESGATE<\/td>\r\n                <td>0<\/td>\r\n                <td>63<\/td>\r\n                <td>0<\/td>\r\n                <td>921<\/td>\r\n                <td>5.500<\/td>\r\n                <td>4.013<\/td>\r\n                <td>24.357<\/td>\r\n                <td>108<\/td>\r\n                <td>0<\/td>\r\n                <td>6<\/td>\r\n                <td>39<\/td>\r\n                <td>0<\/td>\r\n                <td>0<\/td>\r\n                <td>0<\/td>\r\n                <td>0<\/td>\r\n                <td>0<\/td>\r\n                <td>35.007<\/td>\r\n                <td>32.481<\/td>\r\n            <\/tr>\r\n\r\n            <tr>\r\n                <td>PORTABILIDADE<\/td>\r\n                <td>0<\/td>\r\n                <td>0<\/td>\r\n                <td>0<\/td>\r\n                <td>0<\/td>\r\n                <td>0<\/td>\r\n                <td>3.724<\/td>\r\n                <td>1.119<\/td>\r\n                <td>1.772<\/td>\r\n                <td>0<\/td>\r\n                <td>0<\/td>\r\n                <td>0<\/td>\r\n                <td>0<\/td>\r\n                <td>0<\/td>\r\n                <td>0<\/td>\r\n                <td>0<\/td>\r\n                <td>0<\/td>\r\n                <td>6.615<\/td>\r\n                <td>1.804<\/td>\r\n            <\/tr>\r\n\r\n            <tr>\r\n                <td>Distribui\u00e7\u00e3o de Super\u00e1vit Assistidos<\/td>\r\n                <td>0<\/td>\r\n                <td>0<\/td>\r\n                <td>0<\/td>\r\n                <td>0<\/td>\r\n                <td>0<\/td>\r\n                <td>0<\/td>\r\n                <td>0<\/td>\r\n                <td>0<\/td>\r\n                <td>0<\/td>\r\n                <td>0<\/td>\r\n                <td>0<\/td>\r\n                <td>0<\/td>\r\n                <td>0<\/td>\r\n                <td>0<\/td>\r\n                <td>0<\/td>\r\n                <td>0<\/td>\r\n                <td>0<\/td>\r\n                <td>0<\/td>\r\n            <\/tr>\r\n\r\n            <tr>\r\n                <td>TOTAL Benef\u00edcios Pagos<\/td>\r\n                <td>397<\/td>\r\n                <td>3.004<\/td>\r\n                <td>2.308<\/td>\r\n                <td>1.981<\/td>\r\n                <td>15.452<\/td>\r\n                <td>33.637<\/td>\r\n                <td>102.788<\/td>\r\n                <td>7.326<\/td>\r\n                <td>4.262<\/td>\r\n                <td>2.579<\/td>\r\n                <td>212<\/td>\r\n                <td>1.823<\/td>\r\n                <td>15.294<\/td>\r\n                <td>2.932<\/td>\r\n                <td>1.104<\/td>\r\n                <td>4.308<\/td>\r\n                <td>199.406<\/td>\r\n                <td>202.862<\/td>\r\n            <\/tr>\r\n        <\/tbody>\r\n    <\/table>\r\n<\/div>\t\t\t\t<\/div>\n\t\t\t\t<\/div>\n\t\t\t\t\t<\/div>\n\t\t<\/div>\n\t\t\t\t\t<\/div>\n\t\t<\/section>\n\t\t\t\t<\/div>\n\t\t","protected":false},"excerpt":{"rendered":"<p>Em 2025, os benef\u00edcios pagos apresentaram varia\u00e7\u00f5es em rela\u00e7\u00e3o a 2024, abrangendo aposentadorias, pens\u00f5es, aux\u00edlio-doen\u00e7a, abono anual, resgates e benef\u00edcios de pagamento \u00fanico. Benef\u00edcios Pagos Benef\u00edcio Cemat BDI Cemat OP El\u00e9tricas BDI El\u00e9tricas OP Energisa CD Energisa Conservador Energisa Moderado Energisa Sudeste Plano I Plano II Funasa CD Plano Risco Funasa BD Funasa Saldado Sergipe [&hellip;]<\/p>\n","protected":false},"author":1,"featured_media":5786,"parent":61,"menu_order":12,"comment_status":"closed","ping_status":"closed","template":"","meta":{"footnotes":""},"class_list":["post-2136","page","type-page","status-publish","has-post-thumbnail","hentry"],"acf":[],"yoast_head":"<!-- This site is optimized with the Yoast SEO plugin v27.5 - https:\/\/yoast.com\/product\/yoast-seo-wordpress\/ -->\n<title>Benef\u00edcio Concedido - Relat\u00f3rio Anual<\/title>\n<meta name=\"robots\" content=\"index, follow, max-snippet:-1, max-image-preview:large, max-video-preview:-1\" \/>\n<link rel=\"canonical\" href=\"https:\/\/energisaprev.com.br\/relatorioanual2025\/previdencia\/beneficio-concedido\/\" \/>\n<meta property=\"og:locale\" content=\"pt_BR\" \/>\n<meta property=\"og:type\" content=\"article\" \/>\n<meta property=\"og:title\" content=\"Benef\u00edcio Concedido - Relat\u00f3rio Anual\" \/>\n<meta property=\"og:description\" content=\"Em 2025, os benef\u00edcios pagos apresentaram varia\u00e7\u00f5es em rela\u00e7\u00e3o a 2024, abrangendo aposentadorias, pens\u00f5es, aux\u00edlio-doen\u00e7a, abono anual, resgates e benef\u00edcios de pagamento \u00fanico. Benef\u00edcios Pagos Benef\u00edcio Cemat BDI Cemat OP El\u00e9tricas BDI El\u00e9tricas OP Energisa CD Energisa Conservador Energisa Moderado Energisa Sudeste Plano I Plano II Funasa CD Plano Risco Funasa BD Funasa Saldado Sergipe [&hellip;]\" \/>\n<meta property=\"og:url\" content=\"https:\/\/energisaprev.com.br\/relatorioanual2025\/previdencia\/beneficio-concedido\/\" \/>\n<meta property=\"og:site_name\" content=\"Relat\u00f3rio Anual\" \/>\n<meta property=\"article:modified_time\" content=\"2026-04-29T22:42:33+00:00\" \/>\n<meta property=\"og:image\" content=\"https:\/\/energisaprev.com.br\/relatorioanual2025\/wp-content\/uploads\/2026\/04\/Mask-group-7.jpg\" \/>\n\t<meta property=\"og:image:width\" content=\"860\" \/>\n\t<meta property=\"og:image:height\" content=\"334\" \/>\n\t<meta property=\"og:image:type\" content=\"image\/jpeg\" \/>\n<meta name=\"twitter:card\" content=\"summary_large_image\" \/>\n<meta name=\"twitter:label1\" content=\"Est. tempo de leitura\" \/>\n\t<meta name=\"twitter:data1\" content=\"3 minutos\" \/>\n<script type=\"application\/ld+json\" class=\"yoast-schema-graph\">{\"@context\":\"https:\\\/\\\/schema.org\",\"@graph\":[{\"@type\":\"WebPage\",\"@id\":\"https:\\\/\\\/energisaprev.com.br\\\/relatorioanual2025\\\/previdencia\\\/beneficio-concedido\\\/\",\"url\":\"https:\\\/\\\/energisaprev.com.br\\\/relatorioanual2025\\\/previdencia\\\/beneficio-concedido\\\/\",\"name\":\"Benef\u00edcio Concedido - Relat\u00f3rio Anual\",\"isPartOf\":{\"@id\":\"https:\\\/\\\/energisaprev.com.br\\\/relatorioanual2025\\\/#website\"},\"primaryImageOfPage\":{\"@id\":\"https:\\\/\\\/energisaprev.com.br\\\/relatorioanual2025\\\/previdencia\\\/beneficio-concedido\\\/#primaryimage\"},\"image\":{\"@id\":\"https:\\\/\\\/energisaprev.com.br\\\/relatorioanual2025\\\/previdencia\\\/beneficio-concedido\\\/#primaryimage\"},\"thumbnailUrl\":\"https:\\\/\\\/energisaprev.com.br\\\/relatorioanual2025\\\/wp-content\\\/uploads\\\/2026\\\/04\\\/Mask-group-7.jpg\",\"datePublished\":\"2024-04-04T18:40:32+00:00\",\"dateModified\":\"2026-04-29T22:42:33+00:00\",\"breadcrumb\":{\"@id\":\"https:\\\/\\\/energisaprev.com.br\\\/relatorioanual2025\\\/previdencia\\\/beneficio-concedido\\\/#breadcrumb\"},\"inLanguage\":\"pt-BR\",\"potentialAction\":[{\"@type\":\"ReadAction\",\"target\":[\"https:\\\/\\\/energisaprev.com.br\\\/relatorioanual2025\\\/previdencia\\\/beneficio-concedido\\\/\"]}]},{\"@type\":\"ImageObject\",\"inLanguage\":\"pt-BR\",\"@id\":\"https:\\\/\\\/energisaprev.com.br\\\/relatorioanual2025\\\/previdencia\\\/beneficio-concedido\\\/#primaryimage\",\"url\":\"https:\\\/\\\/energisaprev.com.br\\\/relatorioanual2025\\\/wp-content\\\/uploads\\\/2026\\\/04\\\/Mask-group-7.jpg\",\"contentUrl\":\"https:\\\/\\\/energisaprev.com.br\\\/relatorioanual2025\\\/wp-content\\\/uploads\\\/2026\\\/04\\\/Mask-group-7.jpg\",\"width\":860,\"height\":334},{\"@type\":\"BreadcrumbList\",\"@id\":\"https:\\\/\\\/energisaprev.com.br\\\/relatorioanual2025\\\/previdencia\\\/beneficio-concedido\\\/#breadcrumb\",\"itemListElement\":[{\"@type\":\"ListItem\",\"position\":1,\"name\":\"In\u00edcio\",\"item\":\"https:\\\/\\\/energisaprev.com.br\\\/relatorioanual2025\\\/\"},{\"@type\":\"ListItem\",\"position\":2,\"name\":\"Previd\u00eancia\",\"item\":\"https:\\\/\\\/energisaprev.com.br\\\/relatorioanual2025\\\/previdencia\\\/\"},{\"@type\":\"ListItem\",\"position\":3,\"name\":\"Benef\u00edcio Concedido\"}]},{\"@type\":\"WebSite\",\"@id\":\"https:\\\/\\\/energisaprev.com.br\\\/relatorioanual2025\\\/#website\",\"url\":\"https:\\\/\\\/energisaprev.com.br\\\/relatorioanual2025\\\/\",\"name\":\"Relat\u00f3rio Anual\",\"description\":\"\",\"potentialAction\":[{\"@type\":\"SearchAction\",\"target\":{\"@type\":\"EntryPoint\",\"urlTemplate\":\"https:\\\/\\\/energisaprev.com.br\\\/relatorioanual2025\\\/?s={search_term_string}\"},\"query-input\":{\"@type\":\"PropertyValueSpecification\",\"valueRequired\":true,\"valueName\":\"search_term_string\"}}],\"inLanguage\":\"pt-BR\"}]}<\/script>\n<!-- \/ Yoast SEO plugin. -->","yoast_head_json":{"title":"Benef\u00edcio Concedido - Relat\u00f3rio Anual","robots":{"index":"index","follow":"follow","max-snippet":"max-snippet:-1","max-image-preview":"max-image-preview:large","max-video-preview":"max-video-preview:-1"},"canonical":"https:\/\/energisaprev.com.br\/relatorioanual2025\/previdencia\/beneficio-concedido\/","og_locale":"pt_BR","og_type":"article","og_title":"Benef\u00edcio Concedido - Relat\u00f3rio Anual","og_description":"Em 2025, os benef\u00edcios pagos apresentaram varia\u00e7\u00f5es em rela\u00e7\u00e3o a 2024, abrangendo aposentadorias, pens\u00f5es, aux\u00edlio-doen\u00e7a, abono anual, resgates e benef\u00edcios de pagamento \u00fanico. Benef\u00edcios Pagos Benef\u00edcio Cemat BDI Cemat OP El\u00e9tricas BDI El\u00e9tricas OP Energisa CD Energisa Conservador Energisa Moderado Energisa Sudeste Plano I Plano II Funasa CD Plano Risco Funasa BD Funasa Saldado Sergipe [&hellip;]","og_url":"https:\/\/energisaprev.com.br\/relatorioanual2025\/previdencia\/beneficio-concedido\/","og_site_name":"Relat\u00f3rio Anual","article_modified_time":"2026-04-29T22:42:33+00:00","og_image":[{"width":860,"height":334,"url":"https:\/\/energisaprev.com.br\/relatorioanual2025\/wp-content\/uploads\/2026\/04\/Mask-group-7.jpg","type":"image\/jpeg"}],"twitter_card":"summary_large_image","twitter_misc":{"Est. tempo de leitura":"3 minutos"},"schema":{"@context":"https:\/\/schema.org","@graph":[{"@type":"WebPage","@id":"https:\/\/energisaprev.com.br\/relatorioanual2025\/previdencia\/beneficio-concedido\/","url":"https:\/\/energisaprev.com.br\/relatorioanual2025\/previdencia\/beneficio-concedido\/","name":"Benef\u00edcio Concedido - Relat\u00f3rio Anual","isPartOf":{"@id":"https:\/\/energisaprev.com.br\/relatorioanual2025\/#website"},"primaryImageOfPage":{"@id":"https:\/\/energisaprev.com.br\/relatorioanual2025\/previdencia\/beneficio-concedido\/#primaryimage"},"image":{"@id":"https:\/\/energisaprev.com.br\/relatorioanual2025\/previdencia\/beneficio-concedido\/#primaryimage"},"thumbnailUrl":"https:\/\/energisaprev.com.br\/relatorioanual2025\/wp-content\/uploads\/2026\/04\/Mask-group-7.jpg","datePublished":"2024-04-04T18:40:32+00:00","dateModified":"2026-04-29T22:42:33+00:00","breadcrumb":{"@id":"https:\/\/energisaprev.com.br\/relatorioanual2025\/previdencia\/beneficio-concedido\/#breadcrumb"},"inLanguage":"pt-BR","potentialAction":[{"@type":"ReadAction","target":["https:\/\/energisaprev.com.br\/relatorioanual2025\/previdencia\/beneficio-concedido\/"]}]},{"@type":"ImageObject","inLanguage":"pt-BR","@id":"https:\/\/energisaprev.com.br\/relatorioanual2025\/previdencia\/beneficio-concedido\/#primaryimage","url":"https:\/\/energisaprev.com.br\/relatorioanual2025\/wp-content\/uploads\/2026\/04\/Mask-group-7.jpg","contentUrl":"https:\/\/energisaprev.com.br\/relatorioanual2025\/wp-content\/uploads\/2026\/04\/Mask-group-7.jpg","width":860,"height":334},{"@type":"BreadcrumbList","@id":"https:\/\/energisaprev.com.br\/relatorioanual2025\/previdencia\/beneficio-concedido\/#breadcrumb","itemListElement":[{"@type":"ListItem","position":1,"name":"In\u00edcio","item":"https:\/\/energisaprev.com.br\/relatorioanual2025\/"},{"@type":"ListItem","position":2,"name":"Previd\u00eancia","item":"https:\/\/energisaprev.com.br\/relatorioanual2025\/previdencia\/"},{"@type":"ListItem","position":3,"name":"Benef\u00edcio Concedido"}]},{"@type":"WebSite","@id":"https:\/\/energisaprev.com.br\/relatorioanual2025\/#website","url":"https:\/\/energisaprev.com.br\/relatorioanual2025\/","name":"Relat\u00f3rio Anual","description":"","potentialAction":[{"@type":"SearchAction","target":{"@type":"EntryPoint","urlTemplate":"https:\/\/energisaprev.com.br\/relatorioanual2025\/?s={search_term_string}"},"query-input":{"@type":"PropertyValueSpecification","valueRequired":true,"valueName":"search_term_string"}}],"inLanguage":"pt-BR"}]}},"_links":{"self":[{"href":"https:\/\/energisaprev.com.br\/relatorioanual2025\/wp-json\/wp\/v2\/pages\/2136","targetHints":{"allow":["GET"]}}],"collection":[{"href":"https:\/\/energisaprev.com.br\/relatorioanual2025\/wp-json\/wp\/v2\/pages"}],"about":[{"href":"https:\/\/energisaprev.com.br\/relatorioanual2025\/wp-json\/wp\/v2\/types\/page"}],"author":[{"embeddable":true,"href":"https:\/\/energisaprev.com.br\/relatorioanual2025\/wp-json\/wp\/v2\/users\/1"}],"replies":[{"embeddable":true,"href":"https:\/\/energisaprev.com.br\/relatorioanual2025\/wp-json\/wp\/v2\/comments?post=2136"}],"version-history":[{"count":35,"href":"https:\/\/energisaprev.com.br\/relatorioanual2025\/wp-json\/wp\/v2\/pages\/2136\/revisions"}],"predecessor-version":[{"id":6003,"href":"https:\/\/energisaprev.com.br\/relatorioanual2025\/wp-json\/wp\/v2\/pages\/2136\/revisions\/6003"}],"up":[{"embeddable":true,"href":"https:\/\/energisaprev.com.br\/relatorioanual2025\/wp-json\/wp\/v2\/pages\/61"}],"wp:featuredmedia":[{"embeddable":true,"href":"https:\/\/energisaprev.com.br\/relatorioanual2025\/wp-json\/wp\/v2\/media\/5786"}],"wp:attachment":[{"href":"https:\/\/energisaprev.com.br\/relatorioanual2025\/wp-json\/wp\/v2\/media?parent=2136"}],"curies":[{"name":"wp","href":"https:\/\/api.w.org\/{rel}","templated":true}]}}