{"id":2071,"date":"2024-04-04T14:43:33","date_gmt":"2024-04-04T17:43:33","guid":{"rendered":"https:\/\/crtcomunicacao.com.br\/rai_energisa\/?page_id=2071"},"modified":"2026-04-30T16:52:52","modified_gmt":"2026-04-30T19:52:52","slug":"contribuicao","status":"publish","type":"page","link":"https:\/\/energisaprev.com.br\/relatorioanual2025\/previdencia\/contribuicao\/","title":{"rendered":"Contribui\u00e7\u00e3o"},"content":{"rendered":"\t\t<div data-elementor-type=\"wp-page\" data-elementor-id=\"2071\" class=\"elementor elementor-2071\">\n\t\t\t\t\t\t<section data-particle_enable=\"false\" data-particle-mobile-disabled=\"false\" class=\"elementor-section elementor-top-section elementor-element elementor-element-dacd686 elementor-section-boxed elementor-section-height-default elementor-section-height-default\" data-id=\"dacd686\" data-element_type=\"section\" data-e-type=\"section\">\n\t\t\t\t\t\t<div class=\"elementor-container elementor-column-gap-default\">\n\t\t\t\t\t<div class=\"elementor-column elementor-col-100 elementor-top-column elementor-element elementor-element-cb95051\" data-id=\"cb95051\" data-element_type=\"column\" data-e-type=\"column\">\n\t\t\t<div class=\"elementor-widget-wrap elementor-element-populated\">\n\t\t\t\t\t\t<div class=\"elementor-element elementor-element-f131ee6 elementor-widget elementor-widget-text-editor\" data-id=\"f131ee6\" data-element_type=\"widget\" data-e-type=\"widget\" data-widget_type=\"text-editor.default\">\n\t\t\t\t<div class=\"elementor-widget-container\">\n\t\t\t\t\t\t\t\t\t<p>A an\u00e1lise comparativa das contribui\u00e7\u00f5es de 2024 e 2025 evidencia a continuidade do crescimento e mudan\u00e7as no perfil das receitas da Funda\u00e7\u00e3o. O total de contribui\u00e7\u00f5es passou de R$ 104,9 milh\u00f5es em 2024 para R$ 110,5 milh\u00f5es em 2025, representando um aumento de aproximadamente 5,4%.<\/p>\t\t\t\t\t\t\t\t<\/div>\n\t\t\t\t<\/div>\n\t\t\t\t<div class=\"elementor-element elementor-element-23590df td-min-width elementor-widget elementor-widget-html\" data-id=\"23590df\" data-element_type=\"widget\" data-e-type=\"widget\" data-widget_type=\"html.default\">\n\t\t\t\t<div class=\"elementor-widget-container\">\n\t\t\t\t\t<div class=\"overflow-auto table_capsulediv\" style=\"\">\r\n    <table class=\"table padrao_table\">\r\n        <thead>\r\n            <tr>\r\n                <th colspan=\"20\">CONTRIBUI\u00c7\u00d5ES RECEBIDAS - ACUMULADO<\/th>\r\n            <\/tr>\r\n            <tr>\r\n                <th>Contribui\u00e7\u00f5es Previdenciais<\/th>\r\n                <th>Cemat BDI<\/th>\r\n                <th>Cemat OP<\/th>\r\n                <th>El\u00e9tricas BDI<\/th>\r\n                <th>El\u00e9tricas OP<\/th>\r\n                <th>Energisa CD<\/th>\r\n                <th>Energisa Conservador<\/th>\r\n                <th>Energisa Moderado<\/th>\r\n                <th>Sudeste<\/th>\r\n                <th>Plano I<\/th>\r\n                <th>Plano II<\/th>\r\n                <th>Funasa CD<\/th>\r\n                <th>Plano Risco<\/th>\r\n                <th>Funasa BD<\/th>\r\n                <th>Prosperisa<\/th>\r\n                <th>Funasa Saldado<\/th>\r\n                <th>Sergipe CD<\/th>\r\n                <th>Sergipe Saldado<\/th>\r\n                <th>Total 2025<\/th>\r\n                <th>Total 2024<\/th>\r\n            <\/tr>\r\n        <\/thead>\r\n        <tbody>\r\n            <tr>\r\n                <td>PATROCINADOR(ES)<\/td>\r\n                <td>0<\/td>\r\n                <td>74<\/td>\r\n                <td>0<\/td>\r\n                <td>134<\/td>\r\n                <td>3.495<\/td>\r\n                <td>3.138<\/td>\r\n                <td>37.879<\/td>\r\n                <td>5.866<\/td>\r\n                <td>0<\/td>\r\n                <td>165<\/td>\r\n                <td>253<\/td>\r\n                <td>187<\/td>\r\n                <td>15<\/td>\r\n                <td>0<\/td>\r\n                <td>158<\/td>\r\n                <td>0<\/td>\r\n                <td>170<\/td>\r\n                <td>51.532<\/td>\r\n                <td>44.837<\/td>\r\n            <\/tr>\r\n            <tr>\r\n                <td>ATIVOS<\/td>\r\n                <td>0<\/td>\r\n                <td>165<\/td>\r\n                <td>0<\/td>\r\n                <td>247<\/td>\r\n                <td>3.323<\/td>\r\n                <td>2.895<\/td>\r\n                <td>35.156<\/td>\r\n                <td>5.643<\/td>\r\n                <td>0<\/td>\r\n                <td>31<\/td>\r\n                <td>22<\/td>\r\n                <td>77<\/td>\r\n                <td>22<\/td>\r\n                <td>3<\/td>\r\n                <td>0<\/td>\r\n                <td>0<\/td>\r\n                <td>0<\/td>\r\n                <td>47.584<\/td>\r\n                <td>42.305<\/td>\r\n            <\/tr>\r\n            <tr>\r\n                <td>ASSISTIDOS<\/td>\r\n                <td>161<\/td>\r\n                <td>139<\/td>\r\n                <td>519<\/td>\r\n                <td>206<\/td>\r\n                <td>68<\/td>\r\n                <td>193<\/td>\r\n                <td>69<\/td>\r\n                <td>52<\/td>\r\n                <td>300<\/td>\r\n                <td>134<\/td>\r\n                <td>12<\/td>\r\n                <td>47<\/td>\r\n                <td>2.295<\/td>\r\n                <td>0<\/td>\r\n                <td>0<\/td>\r\n                <td>81<\/td>\r\n                <td>0<\/td>\r\n                <td>4.275<\/td>\r\n                <td>4.584<\/td>\r\n            <\/tr>\r\n            <tr>\r\n                <td>AUTOPATROCINADOS<\/td>\r\n                <td>7<\/td>\r\n                <td>1<\/td>\r\n                <td>0<\/td>\r\n                <td>0<\/td>\r\n                <td>17<\/td>\r\n                <td>75<\/td>\r\n                <td>112<\/td>\r\n                <td>14<\/td>\r\n                <td>0<\/td>\r\n                <td>7<\/td>\r\n                <td>1<\/td>\r\n                <td>0<\/td>\r\n                <td>0<\/td>\r\n                <td>0<\/td>\r\n                <td>0<\/td>\r\n                <td>1<\/td>\r\n                <td>0<\/td>\r\n                <td>237<\/td>\r\n                <td>221<\/td>\r\n            <\/tr>\r\n            <tr>\r\n                <td>PARTICIPANTES EM BPD<\/td>\r\n                <td>0<\/td>\r\n                <td>0<\/td>\r\n                <td>0<\/td>\r\n                <td>0<\/td>\r\n                <td>8<\/td>\r\n                <td>0<\/td>\r\n                <td>0<\/td>\r\n                <td>0<\/td>\r\n                <td>0<\/td>\r\n                <td>0<\/td>\r\n                <td>0<\/td>\r\n                <td>0<\/td>\r\n                <td>0<\/td>\r\n                <td>0<\/td>\r\n                <td>0<\/td>\r\n                <td>0<\/td>\r\n                <td>0<\/td>\r\n                <td>9<\/td>\r\n                <td>104<\/td>\r\n            <\/tr>\r\n            <tr>\r\n                <td>PROVIS\u00d5ES<\/td>\r\n                <td>0<\/td>\r\n                <td>0<\/td>\r\n                <td>0<\/td>\r\n                <td>0<\/td>\r\n                <td>0<\/td>\r\n                <td>0<\/td>\r\n                <td>0<\/td>\r\n                <td>323<\/td>\r\n                <td>0<\/td>\r\n                <td>0<\/td>\r\n                <td>1<\/td>\r\n                <td>5<\/td>\r\n                <td>1<\/td>\r\n                <td>0<\/td>\r\n                <td>0<\/td>\r\n                <td>0<\/td>\r\n                <td>0<\/td>\r\n                <td>330<\/td>\r\n                <td>312<\/td>\r\n            <\/tr>\r\n            <tr>\r\n                <td>RECURSOS PROVENIENTES DE OPERA\u00c7\u00d5ES CONTRATADAS<\/td>\r\n                <td>0<\/td>\r\n                <td>0<\/td>\r\n                <td>189<\/td>\r\n                <td>247<\/td>\r\n                <td>940<\/td>\r\n                <td>1.816<\/td>\r\n                <td>5.718<\/td>\r\n                <td>0<\/td>\r\n                <td>0<\/td>\r\n                <td>0<\/td>\r\n                <td>0<\/td>\r\n                <td>285<\/td>\r\n                <td>6.308<\/td>\r\n                <td>0<\/td>\r\n                <td>176<\/td>\r\n                <td>157<\/td>\r\n                <td>1.316<\/td>\r\n                <td>17.152<\/td>\r\n                <td>23.140<\/td>\r\n            <\/tr>\r\n            <tr style=\"font-weight:bold\">\r\n                <td>Total Contribui\u00e7\u00f5es Previdenciais<\/td>\r\n                <td>168<\/td>\r\n                <td>380<\/td>\r\n                <td>708<\/td>\r\n                <td>834<\/td>\r\n                <td>7.851<\/td>\r\n                <td>8.117<\/td>\r\n                <td>78.933<\/td>\r\n                <td>11.899<\/td>\r\n                <td>300<\/td>\r\n                <td>339<\/td>\r\n                <td>289<\/td>\r\n                <td>601<\/td>\r\n                <td>8.640<\/td>\r\n                <td>3<\/td>\r\n                <td>333<\/td>\r\n                <td>239<\/td>\r\n                <td>1.486<\/td>\r\n                <td>121.120<\/td>\r\n                <td>115.503<\/td>\r\n            <\/tr>\r\n            <tr>\r\n                <td>Custeio Administrativo<\/td>\r\n                <td>-91<\/td>\r\n                <td>-267<\/td>\r\n                <td>-210<\/td>\r\n                <td>-288<\/td>\r\n                <td>-692<\/td>\r\n                <td>-484<\/td>\r\n                <td>-5.893<\/td>\r\n                <td>-388<\/td>\r\n                <td>-229<\/td>\r\n                <td>-294<\/td>\r\n                <td>-277<\/td>\r\n                <td>-233<\/td>\r\n                <td>-865<\/td>\r\n                <td><\/td>\r\n                <td>-158<\/td>\r\n                <td>-81<\/td>\r\n                <td>-170<\/td>\r\n                <td>-10.620<\/td>\r\n                <td>-10.633<\/td>\r\n            <\/tr>\r\n            <tr style=\"font-weight:bold\">\r\n                <td>Total das Contribui\u00e7\u00f5es Previdenciais<\/td>\r\n                <td>77<\/td>\r\n                <td>113<\/td>\r\n                <td>498<\/td>\r\n                <td>546<\/td>\r\n                <td>7.159<\/td>\r\n                <td>7.633<\/td>\r\n                <td>73.040<\/td>\r\n                <td>11.511<\/td>\r\n                <td>71<\/td>\r\n                <td>45<\/td>\r\n                <td>12<\/td>\r\n                <td>368<\/td>\r\n                <td>7.775<\/td>\r\n                <td>3<\/td>\r\n                <td>175<\/td>\r\n                <td>158<\/td>\r\n                <td>1.316<\/td>\r\n                <td>110.500<\/td>\r\n                <td>104.870<\/td>\r\n            <\/tr>\r\n        <\/tbody>\r\n    <\/table>\r\n<\/div>\t\t\t\t<\/div>\n\t\t\t\t<\/div>\n\t\t\t\t<div class=\"elementor-element elementor-element-2200f42 elementor-widget elementor-widget-heading\" data-id=\"2200f42\" data-element_type=\"widget\" data-e-type=\"widget\" data-widget_type=\"heading.default\">\n\t\t\t\t<div class=\"elementor-widget-container\">\n\t\t\t\t\t<h2 class=\"elementor-heading-title elementor-size-default\">Contribui\u00e7\u00f5es dos Participantes \u2013 2025<\/h2>\t\t\t\t<\/div>\n\t\t\t\t<\/div>\n\t\t\t\t<div class=\"elementor-element elementor-element-6bfecfb elementor-widget elementor-widget-text-editor\" data-id=\"6bfecfb\" data-element_type=\"widget\" data-e-type=\"widget\" data-widget_type=\"text-editor.default\">\n\t\t\t\t<div class=\"elementor-widget-container\">\n\t\t\t\t\t\t\t\t\t<p>As contribui\u00e7\u00f5es dos clientes participantes ativos apresentaram crescimento relevante, passando de R$ 42,3 milh\u00f5es em 2024 para R$ 47,6 milh\u00f5es em 2025, o que representa um aumento expressivo e refor\u00e7a a maior ades\u00e3o nas contribui\u00e7\u00f5es.<\/p><p>\u00a0<\/p><p>As contribui\u00e7\u00f5es de autopatrocinados permaneceram est\u00e1veis, com leve crescimento, indicando manuten\u00e7\u00e3o do v\u00ednculo desses clientes com os planos.<\/p><p>\u00a0<\/p><p>De forma geral, o aumento nas contribui\u00e7\u00f5es dos participantes ativos compensou a redu\u00e7\u00e3o em outras rubricas, demonstrando a solidez da base contributiva e o fortalecimento do engajamento com os planos.<\/p>\t\t\t\t\t\t\t\t<\/div>\n\t\t\t\t<\/div>\n\t\t\t\t\t<\/div>\n\t\t<\/div>\n\t\t\t\t\t<\/div>\n\t\t<\/section>\n\t\t\t\t<\/div>\n\t\t","protected":false},"excerpt":{"rendered":"<p>A an\u00e1lise comparativa das contribui\u00e7\u00f5es de 2024 e 2025 evidencia a continuidade do crescimento e mudan\u00e7as no perfil das receitas da Funda\u00e7\u00e3o. O total de contribui\u00e7\u00f5es passou de R$ 104,9 milh\u00f5es em 2024 para R$ 110,5 milh\u00f5es em 2025, representando um aumento de aproximadamente 5,4%. CONTRIBUI\u00c7\u00d5ES RECEBIDAS &#8211; ACUMULADO Contribui\u00e7\u00f5es Previdenciais Cemat BDI Cemat OP [&hellip;]<\/p>\n","protected":false},"author":1,"featured_media":5785,"parent":61,"menu_order":13,"comment_status":"closed","ping_status":"closed","template":"","meta":{"footnotes":""},"class_list":["post-2071","page","type-page","status-publish","has-post-thumbnail","hentry"],"acf":[],"yoast_head":"<!-- This site is optimized with the Yoast SEO plugin v27.5 - https:\/\/yoast.com\/product\/yoast-seo-wordpress\/ -->\n<title>Contribui\u00e7\u00e3o - Relat\u00f3rio Anual<\/title>\n<meta name=\"robots\" content=\"index, follow, max-snippet:-1, max-image-preview:large, max-video-preview:-1\" \/>\n<link rel=\"canonical\" href=\"https:\/\/energisaprev.com.br\/relatorioanual2025\/previdencia\/contribuicao\/\" \/>\n<meta property=\"og:locale\" content=\"pt_BR\" \/>\n<meta property=\"og:type\" content=\"article\" \/>\n<meta property=\"og:title\" content=\"Contribui\u00e7\u00e3o - Relat\u00f3rio Anual\" \/>\n<meta property=\"og:description\" content=\"A an\u00e1lise comparativa das contribui\u00e7\u00f5es de 2024 e 2025 evidencia a continuidade do crescimento e mudan\u00e7as no perfil das receitas da Funda\u00e7\u00e3o. O total de contribui\u00e7\u00f5es passou de R$ 104,9 milh\u00f5es em 2024 para R$ 110,5 milh\u00f5es em 2025, representando um aumento de aproximadamente 5,4%. CONTRIBUI\u00c7\u00d5ES RECEBIDAS &#8211; ACUMULADO Contribui\u00e7\u00f5es Previdenciais Cemat BDI Cemat OP [&hellip;]\" \/>\n<meta property=\"og:url\" content=\"https:\/\/energisaprev.com.br\/relatorioanual2025\/previdencia\/contribuicao\/\" \/>\n<meta property=\"og:site_name\" content=\"Relat\u00f3rio Anual\" \/>\n<meta property=\"article:modified_time\" content=\"2026-04-30T19:52:52+00:00\" \/>\n<meta property=\"og:image\" content=\"https:\/\/energisaprev.com.br\/relatorioanual2025\/wp-content\/uploads\/2026\/04\/Mask-group-6.jpg\" \/>\n\t<meta property=\"og:image:width\" content=\"860\" \/>\n\t<meta property=\"og:image:height\" content=\"334\" \/>\n\t<meta property=\"og:image:type\" content=\"image\/jpeg\" \/>\n<meta name=\"twitter:card\" content=\"summary_large_image\" \/>\n<meta name=\"twitter:label1\" content=\"Est. tempo de leitura\" \/>\n\t<meta name=\"twitter:data1\" content=\"3 minutos\" \/>\n<script type=\"application\/ld+json\" class=\"yoast-schema-graph\">{\"@context\":\"https:\\\/\\\/schema.org\",\"@graph\":[{\"@type\":\"WebPage\",\"@id\":\"https:\\\/\\\/energisaprev.com.br\\\/relatorioanual2025\\\/previdencia\\\/contribuicao\\\/\",\"url\":\"https:\\\/\\\/energisaprev.com.br\\\/relatorioanual2025\\\/previdencia\\\/contribuicao\\\/\",\"name\":\"Contribui\u00e7\u00e3o - Relat\u00f3rio Anual\",\"isPartOf\":{\"@id\":\"https:\\\/\\\/energisaprev.com.br\\\/relatorioanual2025\\\/#website\"},\"primaryImageOfPage\":{\"@id\":\"https:\\\/\\\/energisaprev.com.br\\\/relatorioanual2025\\\/previdencia\\\/contribuicao\\\/#primaryimage\"},\"image\":{\"@id\":\"https:\\\/\\\/energisaprev.com.br\\\/relatorioanual2025\\\/previdencia\\\/contribuicao\\\/#primaryimage\"},\"thumbnailUrl\":\"https:\\\/\\\/energisaprev.com.br\\\/relatorioanual2025\\\/wp-content\\\/uploads\\\/2026\\\/04\\\/Mask-group-6.jpg\",\"datePublished\":\"2024-04-04T17:43:33+00:00\",\"dateModified\":\"2026-04-30T19:52:52+00:00\",\"breadcrumb\":{\"@id\":\"https:\\\/\\\/energisaprev.com.br\\\/relatorioanual2025\\\/previdencia\\\/contribuicao\\\/#breadcrumb\"},\"inLanguage\":\"pt-BR\",\"potentialAction\":[{\"@type\":\"ReadAction\",\"target\":[\"https:\\\/\\\/energisaprev.com.br\\\/relatorioanual2025\\\/previdencia\\\/contribuicao\\\/\"]}]},{\"@type\":\"ImageObject\",\"inLanguage\":\"pt-BR\",\"@id\":\"https:\\\/\\\/energisaprev.com.br\\\/relatorioanual2025\\\/previdencia\\\/contribuicao\\\/#primaryimage\",\"url\":\"https:\\\/\\\/energisaprev.com.br\\\/relatorioanual2025\\\/wp-content\\\/uploads\\\/2026\\\/04\\\/Mask-group-6.jpg\",\"contentUrl\":\"https:\\\/\\\/energisaprev.com.br\\\/relatorioanual2025\\\/wp-content\\\/uploads\\\/2026\\\/04\\\/Mask-group-6.jpg\",\"width\":860,\"height\":334},{\"@type\":\"BreadcrumbList\",\"@id\":\"https:\\\/\\\/energisaprev.com.br\\\/relatorioanual2025\\\/previdencia\\\/contribuicao\\\/#breadcrumb\",\"itemListElement\":[{\"@type\":\"ListItem\",\"position\":1,\"name\":\"In\u00edcio\",\"item\":\"https:\\\/\\\/energisaprev.com.br\\\/relatorioanual2025\\\/\"},{\"@type\":\"ListItem\",\"position\":2,\"name\":\"Previd\u00eancia\",\"item\":\"https:\\\/\\\/energisaprev.com.br\\\/relatorioanual2025\\\/previdencia\\\/\"},{\"@type\":\"ListItem\",\"position\":3,\"name\":\"Contribui\u00e7\u00e3o\"}]},{\"@type\":\"WebSite\",\"@id\":\"https:\\\/\\\/energisaprev.com.br\\\/relatorioanual2025\\\/#website\",\"url\":\"https:\\\/\\\/energisaprev.com.br\\\/relatorioanual2025\\\/\",\"name\":\"Relat\u00f3rio Anual\",\"description\":\"\",\"potentialAction\":[{\"@type\":\"SearchAction\",\"target\":{\"@type\":\"EntryPoint\",\"urlTemplate\":\"https:\\\/\\\/energisaprev.com.br\\\/relatorioanual2025\\\/?s={search_term_string}\"},\"query-input\":{\"@type\":\"PropertyValueSpecification\",\"valueRequired\":true,\"valueName\":\"search_term_string\"}}],\"inLanguage\":\"pt-BR\"}]}<\/script>\n<!-- \/ Yoast SEO plugin. -->","yoast_head_json":{"title":"Contribui\u00e7\u00e3o - Relat\u00f3rio Anual","robots":{"index":"index","follow":"follow","max-snippet":"max-snippet:-1","max-image-preview":"max-image-preview:large","max-video-preview":"max-video-preview:-1"},"canonical":"https:\/\/energisaprev.com.br\/relatorioanual2025\/previdencia\/contribuicao\/","og_locale":"pt_BR","og_type":"article","og_title":"Contribui\u00e7\u00e3o - Relat\u00f3rio Anual","og_description":"A an\u00e1lise comparativa das contribui\u00e7\u00f5es de 2024 e 2025 evidencia a continuidade do crescimento e mudan\u00e7as no perfil das receitas da Funda\u00e7\u00e3o. O total de contribui\u00e7\u00f5es passou de R$ 104,9 milh\u00f5es em 2024 para R$ 110,5 milh\u00f5es em 2025, representando um aumento de aproximadamente 5,4%. CONTRIBUI\u00c7\u00d5ES RECEBIDAS &#8211; ACUMULADO Contribui\u00e7\u00f5es Previdenciais Cemat BDI Cemat OP [&hellip;]","og_url":"https:\/\/energisaprev.com.br\/relatorioanual2025\/previdencia\/contribuicao\/","og_site_name":"Relat\u00f3rio Anual","article_modified_time":"2026-04-30T19:52:52+00:00","og_image":[{"width":860,"height":334,"url":"https:\/\/energisaprev.com.br\/relatorioanual2025\/wp-content\/uploads\/2026\/04\/Mask-group-6.jpg","type":"image\/jpeg"}],"twitter_card":"summary_large_image","twitter_misc":{"Est. tempo de leitura":"3 minutos"},"schema":{"@context":"https:\/\/schema.org","@graph":[{"@type":"WebPage","@id":"https:\/\/energisaprev.com.br\/relatorioanual2025\/previdencia\/contribuicao\/","url":"https:\/\/energisaprev.com.br\/relatorioanual2025\/previdencia\/contribuicao\/","name":"Contribui\u00e7\u00e3o - Relat\u00f3rio Anual","isPartOf":{"@id":"https:\/\/energisaprev.com.br\/relatorioanual2025\/#website"},"primaryImageOfPage":{"@id":"https:\/\/energisaprev.com.br\/relatorioanual2025\/previdencia\/contribuicao\/#primaryimage"},"image":{"@id":"https:\/\/energisaprev.com.br\/relatorioanual2025\/previdencia\/contribuicao\/#primaryimage"},"thumbnailUrl":"https:\/\/energisaprev.com.br\/relatorioanual2025\/wp-content\/uploads\/2026\/04\/Mask-group-6.jpg","datePublished":"2024-04-04T17:43:33+00:00","dateModified":"2026-04-30T19:52:52+00:00","breadcrumb":{"@id":"https:\/\/energisaprev.com.br\/relatorioanual2025\/previdencia\/contribuicao\/#breadcrumb"},"inLanguage":"pt-BR","potentialAction":[{"@type":"ReadAction","target":["https:\/\/energisaprev.com.br\/relatorioanual2025\/previdencia\/contribuicao\/"]}]},{"@type":"ImageObject","inLanguage":"pt-BR","@id":"https:\/\/energisaprev.com.br\/relatorioanual2025\/previdencia\/contribuicao\/#primaryimage","url":"https:\/\/energisaprev.com.br\/relatorioanual2025\/wp-content\/uploads\/2026\/04\/Mask-group-6.jpg","contentUrl":"https:\/\/energisaprev.com.br\/relatorioanual2025\/wp-content\/uploads\/2026\/04\/Mask-group-6.jpg","width":860,"height":334},{"@type":"BreadcrumbList","@id":"https:\/\/energisaprev.com.br\/relatorioanual2025\/previdencia\/contribuicao\/#breadcrumb","itemListElement":[{"@type":"ListItem","position":1,"name":"In\u00edcio","item":"https:\/\/energisaprev.com.br\/relatorioanual2025\/"},{"@type":"ListItem","position":2,"name":"Previd\u00eancia","item":"https:\/\/energisaprev.com.br\/relatorioanual2025\/previdencia\/"},{"@type":"ListItem","position":3,"name":"Contribui\u00e7\u00e3o"}]},{"@type":"WebSite","@id":"https:\/\/energisaprev.com.br\/relatorioanual2025\/#website","url":"https:\/\/energisaprev.com.br\/relatorioanual2025\/","name":"Relat\u00f3rio Anual","description":"","potentialAction":[{"@type":"SearchAction","target":{"@type":"EntryPoint","urlTemplate":"https:\/\/energisaprev.com.br\/relatorioanual2025\/?s={search_term_string}"},"query-input":{"@type":"PropertyValueSpecification","valueRequired":true,"valueName":"search_term_string"}}],"inLanguage":"pt-BR"}]}},"_links":{"self":[{"href":"https:\/\/energisaprev.com.br\/relatorioanual2025\/wp-json\/wp\/v2\/pages\/2071","targetHints":{"allow":["GET"]}}],"collection":[{"href":"https:\/\/energisaprev.com.br\/relatorioanual2025\/wp-json\/wp\/v2\/pages"}],"about":[{"href":"https:\/\/energisaprev.com.br\/relatorioanual2025\/wp-json\/wp\/v2\/types\/page"}],"author":[{"embeddable":true,"href":"https:\/\/energisaprev.com.br\/relatorioanual2025\/wp-json\/wp\/v2\/users\/1"}],"replies":[{"embeddable":true,"href":"https:\/\/energisaprev.com.br\/relatorioanual2025\/wp-json\/wp\/v2\/comments?post=2071"}],"version-history":[{"count":29,"href":"https:\/\/energisaprev.com.br\/relatorioanual2025\/wp-json\/wp\/v2\/pages\/2071\/revisions"}],"predecessor-version":[{"id":6170,"href":"https:\/\/energisaprev.com.br\/relatorioanual2025\/wp-json\/wp\/v2\/pages\/2071\/revisions\/6170"}],"up":[{"embeddable":true,"href":"https:\/\/energisaprev.com.br\/relatorioanual2025\/wp-json\/wp\/v2\/pages\/61"}],"wp:featuredmedia":[{"embeddable":true,"href":"https:\/\/energisaprev.com.br\/relatorioanual2025\/wp-json\/wp\/v2\/media\/5785"}],"wp:attachment":[{"href":"https:\/\/energisaprev.com.br\/relatorioanual2025\/wp-json\/wp\/v2\/media?parent=2071"}],"curies":[{"name":"wp","href":"https:\/\/api.w.org\/{rel}","templated":true}]}}