{"id":513,"date":"2023-03-15T16:41:23","date_gmt":"2023-03-15T19:41:23","guid":{"rendered":"https:\/\/crtarteecomunicacao.com.br\/relatorioanual\/?page_id=513"},"modified":"2025-04-28T19:46:25","modified_gmt":"2025-04-28T22:46:25","slug":"mensagem-da-diretoria","status":"publish","type":"page","link":"https:\/\/energisaprev.com.br\/relatorioanual2024\/institucional\/mensagem-da-diretoria\/","title":{"rendered":"Mensagem da Diretoria"},"content":{"rendered":"\t\t<div data-elementor-type=\"wp-page\" data-elementor-id=\"513\" class=\"elementor elementor-513\">\n\t\t\t\t\t\t<section data-particle_enable=\"false\" data-particle-mobile-disabled=\"false\" class=\"elementor-section elementor-top-section elementor-element elementor-element-65fb72c1 elementor-section-boxed elementor-section-height-default elementor-section-height-default\" data-id=\"65fb72c1\" data-element_type=\"section\" data-e-type=\"section\">\n\t\t\t\t\t\t<div class=\"elementor-container elementor-column-gap-default\">\n\t\t\t\t\t<div class=\"elementor-column elementor-col-100 elementor-top-column elementor-element elementor-element-fafbafb\" data-id=\"fafbafb\" data-element_type=\"column\" data-e-type=\"column\">\n\t\t\t<div class=\"elementor-widget-wrap elementor-element-populated\">\n\t\t\t\t\t\t<div class=\"elementor-element elementor-element-630b9eba elementor-widget elementor-widget-spacer\" data-id=\"630b9eba\" data-element_type=\"widget\" data-e-type=\"widget\" data-widget_type=\"spacer.default\">\n\t\t\t\t<div class=\"elementor-widget-container\">\n\t\t\t\t\t\t\t<div class=\"elementor-spacer\">\n\t\t\t<div class=\"elementor-spacer-inner\"><\/div>\n\t\t<\/div>\n\t\t\t\t\t\t<\/div>\n\t\t\t\t<\/div>\n\t\t\t\t<div class=\"elementor-element elementor-element-30c0d6f0 elementor-widget elementor-widget-text-editor\" data-id=\"30c0d6f0\" data-element_type=\"widget\" data-e-type=\"widget\" data-widget_type=\"text-editor.default\">\n\t\t\t\t<div class=\"elementor-widget-container\">\n\t\t\t\t\t\t\t\t\t<div title=\"Page 4\"><p>Ol\u00e1! Que bom ter voc\u00ea por aqui.<\/p><p>2024 foi um ano que nos ensinou bastante \u2014 sobre resili\u00eancia, adapta\u00e7\u00e3o e, principalmente, sobre como seguir firmes mesmo quando o cen\u00e1rio n\u00e3o colabora.<\/p><p>Come\u00e7amos o ano com a expectativa de uma queda nos juros, o que traria um f\u00f4lego importante para os investimentos dos nossos planos. Mas o que veio foi o contr\u00e1rio. E planos como o Energisa CD, Energisa Sudeste, Plano I e Plano II sentiram esse impacto diretamente.<\/p><p>Mesmo assim, n\u00e3o deixamos de olhar adiante. Seguimos comprometidos com nossa vis\u00e3o de longo prazo. Implantamos os perfis de investimentos, dando mais autonomia aos nossos participantes, e encerramos o ano com a boa not\u00edcia da nova regulamenta\u00e7\u00e3o que permite a marca\u00e7\u00e3o na curva dos investimentos \u2014 uma mudan\u00e7a com potencial real de trazer resultados mais consistentes j\u00e1 a partir de 2025.<\/p><p>Tivemos tamb\u00e9m avan\u00e7os significativos na gest\u00e3o. O novo plano de custeio trouxe mais equil\u00edbrio \u00e0s contas da entidade. E a elimina\u00e7\u00e3o das taxas administrativas do Plano Energisa foi um marco importante, reafirmando nosso compromisso com efici\u00eancia e sustentabilidade.<\/p><p>Crescemos tamb\u00e9m na estrat\u00e9gia previdencial, com a aprova\u00e7\u00e3o da incorpora\u00e7\u00e3o de tr\u00eas planos \u2013 PCD Funasa, Sergipe CD e PCD \u2013, fortalecendo a nossa atua\u00e7\u00e3o e preparando o terreno para o futuro.<\/p><p>E como futuro se faz no presente, seguimos atentos \u00e0 experi\u00eancia dos nossos clientes. Melhoramos nosso app, deixamos os servi\u00e7os mais simples e seguros, e refor\u00e7amos canais com o Conex\u00e3o EnegisaPrev e o Energise Seu Bolso, que seguem crescendo e levando mais educa\u00e7\u00e3o financeira de forma pr\u00e1tica e acess\u00edvel.<\/p><p>Ver o reconhecimento disso tudo \u00e9 motivo de muito orgulho. Nosso \u00edndice de satisfa\u00e7\u00e3o (NPS) se manteve, e conquistamos pelo terceiro ano consecutivo o selo GPTW e pela primeira vez o Selo de Engajamento \u2013 categoria Ouro.<\/p><p>Sim, este relat\u00f3rio \u00e9 extenso. Mas esperamos que, ao longo das p\u00e1ginas, voc\u00ea possa enxergar tudo o que temos feito \u2014 com dedica\u00e7\u00e3o, estrat\u00e9gia e transpar\u00eancia \u2014 para garantir um futuro s\u00f3lido e seguro para sua previd\u00eancia.<\/p><p>Boa leitura e, mais uma vez, obrigado por caminhar com a gente.<\/p><\/div>\t\t\t\t\t\t\t\t<\/div>\n\t\t\t\t<\/div>\n\t\t\t\t\t<\/div>\n\t\t<\/div>\n\t\t\t\t\t<\/div>\n\t\t<\/section>\n\t\t\t\t<\/div>\n\t\t","protected":false},"excerpt":{"rendered":"<p>Ol\u00e1! Que bom ter voc\u00ea por aqui. 2024 foi um ano que nos ensinou bastante \u2014 sobre resili\u00eancia, adapta\u00e7\u00e3o e, principalmente, sobre como seguir firmes mesmo quando o cen\u00e1rio n\u00e3o colabora. Come\u00e7amos o ano com a expectativa de uma queda nos juros, o que traria um f\u00f4lego importante para os investimentos dos nossos planos. Mas [&hellip;]<\/p>\n","protected":false},"author":1,"featured_media":3435,"parent":184,"menu_order":22,"comment_status":"closed","ping_status":"closed","template":"","meta":{"footnotes":""},"class_list":["post-513","page","type-page","status-publish","has-post-thumbnail","hentry"],"acf":[],"yoast_head":"<!-- This site is optimized with the Yoast SEO plugin v27.4 - https:\/\/yoast.com\/product\/yoast-seo-wordpress\/ -->\n<title>Mensagem da Diretoria - Relat\u00f3rio Anual<\/title>\n<meta name=\"robots\" content=\"index, follow, max-snippet:-1, max-image-preview:large, max-video-preview:-1\" \/>\n<link rel=\"canonical\" href=\"https:\/\/energisaprev.com.br\/relatorioanual2024\/institucional\/mensagem-da-diretoria\/\" \/>\n<meta property=\"og:locale\" content=\"pt_BR\" \/>\n<meta property=\"og:type\" content=\"article\" \/>\n<meta property=\"og:title\" content=\"Mensagem da Diretoria - Relat\u00f3rio Anual\" \/>\n<meta property=\"og:description\" content=\"Ol\u00e1! Que bom ter voc\u00ea por aqui. 2024 foi um ano que nos ensinou bastante \u2014 sobre resili\u00eancia, adapta\u00e7\u00e3o e, principalmente, sobre como seguir firmes mesmo quando o cen\u00e1rio n\u00e3o colabora. Come\u00e7amos o ano com a expectativa de uma queda nos juros, o que traria um f\u00f4lego importante para os investimentos dos nossos planos. Mas [&hellip;]\" \/>\n<meta property=\"og:url\" content=\"https:\/\/energisaprev.com.br\/relatorioanual2024\/institucional\/mensagem-da-diretoria\/\" \/>\n<meta property=\"og:site_name\" content=\"Relat\u00f3rio Anual\" \/>\n<meta property=\"article:modified_time\" content=\"2025-04-28T22:46:25+00:00\" \/>\n<meta property=\"og:image\" content=\"https:\/\/energisaprev.com.br\/relatorioanual2024\/wp-content\/uploads\/2024\/04\/mensagem_diretoria-1.jpg\" \/>\n\t<meta property=\"og:image:width\" content=\"1000\" \/>\n\t<meta property=\"og:image:height\" content=\"667\" \/>\n\t<meta property=\"og:image:type\" content=\"image\/jpeg\" \/>\n<meta name=\"twitter:card\" content=\"summary_large_image\" \/>\n<meta name=\"twitter:label1\" content=\"Est. tempo de leitura\" \/>\n\t<meta name=\"twitter:data1\" content=\"2 minutos\" \/>\n<script type=\"application\/ld+json\" class=\"yoast-schema-graph\">{\"@context\":\"https:\\\/\\\/schema.org\",\"@graph\":[{\"@type\":\"WebPage\",\"@id\":\"https:\\\/\\\/energisaprev.com.br\\\/relatorioanual2024\\\/institucional\\\/mensagem-da-diretoria\\\/\",\"url\":\"https:\\\/\\\/energisaprev.com.br\\\/relatorioanual2024\\\/institucional\\\/mensagem-da-diretoria\\\/\",\"name\":\"Mensagem da Diretoria - Relat\u00f3rio Anual\",\"isPartOf\":{\"@id\":\"https:\\\/\\\/energisaprev.com.br\\\/relatorioanual2024\\\/#website\"},\"primaryImageOfPage\":{\"@id\":\"https:\\\/\\\/energisaprev.com.br\\\/relatorioanual2024\\\/institucional\\\/mensagem-da-diretoria\\\/#primaryimage\"},\"image\":{\"@id\":\"https:\\\/\\\/energisaprev.com.br\\\/relatorioanual2024\\\/institucional\\\/mensagem-da-diretoria\\\/#primaryimage\"},\"thumbnailUrl\":\"https:\\\/\\\/energisaprev.com.br\\\/relatorioanual2024\\\/wp-content\\\/uploads\\\/2024\\\/04\\\/mensagem_diretoria-1.jpg\",\"datePublished\":\"2023-03-15T19:41:23+00:00\",\"dateModified\":\"2025-04-28T22:46:25+00:00\",\"breadcrumb\":{\"@id\":\"https:\\\/\\\/energisaprev.com.br\\\/relatorioanual2024\\\/institucional\\\/mensagem-da-diretoria\\\/#breadcrumb\"},\"inLanguage\":\"pt-BR\",\"potentialAction\":[{\"@type\":\"ReadAction\",\"target\":[\"https:\\\/\\\/energisaprev.com.br\\\/relatorioanual2024\\\/institucional\\\/mensagem-da-diretoria\\\/\"]}]},{\"@type\":\"ImageObject\",\"inLanguage\":\"pt-BR\",\"@id\":\"https:\\\/\\\/energisaprev.com.br\\\/relatorioanual2024\\\/institucional\\\/mensagem-da-diretoria\\\/#primaryimage\",\"url\":\"https:\\\/\\\/energisaprev.com.br\\\/relatorioanual2024\\\/wp-content\\\/uploads\\\/2024\\\/04\\\/mensagem_diretoria-1.jpg\",\"contentUrl\":\"https:\\\/\\\/energisaprev.com.br\\\/relatorioanual2024\\\/wp-content\\\/uploads\\\/2024\\\/04\\\/mensagem_diretoria-1.jpg\",\"width\":1000,\"height\":667},{\"@type\":\"BreadcrumbList\",\"@id\":\"https:\\\/\\\/energisaprev.com.br\\\/relatorioanual2024\\\/institucional\\\/mensagem-da-diretoria\\\/#breadcrumb\",\"itemListElement\":[{\"@type\":\"ListItem\",\"position\":1,\"name\":\"In\u00edcio\",\"item\":\"https:\\\/\\\/energisaprev.com.br\\\/relatorioanual2024\\\/\"},{\"@type\":\"ListItem\",\"position\":2,\"name\":\"Institucional\",\"item\":\"https:\\\/\\\/energisaprev.com.br\\\/relatorioanual2024\\\/institucional\\\/\"},{\"@type\":\"ListItem\",\"position\":3,\"name\":\"Mensagem da Diretoria\"}]},{\"@type\":\"WebSite\",\"@id\":\"https:\\\/\\\/energisaprev.com.br\\\/relatorioanual2024\\\/#website\",\"url\":\"https:\\\/\\\/energisaprev.com.br\\\/relatorioanual2024\\\/\",\"name\":\"Relat\u00f3rio Anual\",\"description\":\"\",\"potentialAction\":[{\"@type\":\"SearchAction\",\"target\":{\"@type\":\"EntryPoint\",\"urlTemplate\":\"https:\\\/\\\/energisaprev.com.br\\\/relatorioanual2024\\\/?s={search_term_string}\"},\"query-input\":{\"@type\":\"PropertyValueSpecification\",\"valueRequired\":true,\"valueName\":\"search_term_string\"}}],\"inLanguage\":\"pt-BR\"}]}<\/script>\n<!-- \/ Yoast SEO plugin. -->","yoast_head_json":{"title":"Mensagem da Diretoria - Relat\u00f3rio Anual","robots":{"index":"index","follow":"follow","max-snippet":"max-snippet:-1","max-image-preview":"max-image-preview:large","max-video-preview":"max-video-preview:-1"},"canonical":"https:\/\/energisaprev.com.br\/relatorioanual2024\/institucional\/mensagem-da-diretoria\/","og_locale":"pt_BR","og_type":"article","og_title":"Mensagem da Diretoria - Relat\u00f3rio Anual","og_description":"Ol\u00e1! Que bom ter voc\u00ea por aqui. 2024 foi um ano que nos ensinou bastante \u2014 sobre resili\u00eancia, adapta\u00e7\u00e3o e, principalmente, sobre como seguir firmes mesmo quando o cen\u00e1rio n\u00e3o colabora. Come\u00e7amos o ano com a expectativa de uma queda nos juros, o que traria um f\u00f4lego importante para os investimentos dos nossos planos. Mas [&hellip;]","og_url":"https:\/\/energisaprev.com.br\/relatorioanual2024\/institucional\/mensagem-da-diretoria\/","og_site_name":"Relat\u00f3rio Anual","article_modified_time":"2025-04-28T22:46:25+00:00","og_image":[{"width":1000,"height":667,"url":"https:\/\/energisaprev.com.br\/relatorioanual2024\/wp-content\/uploads\/2024\/04\/mensagem_diretoria-1.jpg","type":"image\/jpeg"}],"twitter_card":"summary_large_image","twitter_misc":{"Est. tempo de leitura":"2 minutos"},"schema":{"@context":"https:\/\/schema.org","@graph":[{"@type":"WebPage","@id":"https:\/\/energisaprev.com.br\/relatorioanual2024\/institucional\/mensagem-da-diretoria\/","url":"https:\/\/energisaprev.com.br\/relatorioanual2024\/institucional\/mensagem-da-diretoria\/","name":"Mensagem da Diretoria - Relat\u00f3rio Anual","isPartOf":{"@id":"https:\/\/energisaprev.com.br\/relatorioanual2024\/#website"},"primaryImageOfPage":{"@id":"https:\/\/energisaprev.com.br\/relatorioanual2024\/institucional\/mensagem-da-diretoria\/#primaryimage"},"image":{"@id":"https:\/\/energisaprev.com.br\/relatorioanual2024\/institucional\/mensagem-da-diretoria\/#primaryimage"},"thumbnailUrl":"https:\/\/energisaprev.com.br\/relatorioanual2024\/wp-content\/uploads\/2024\/04\/mensagem_diretoria-1.jpg","datePublished":"2023-03-15T19:41:23+00:00","dateModified":"2025-04-28T22:46:25+00:00","breadcrumb":{"@id":"https:\/\/energisaprev.com.br\/relatorioanual2024\/institucional\/mensagem-da-diretoria\/#breadcrumb"},"inLanguage":"pt-BR","potentialAction":[{"@type":"ReadAction","target":["https:\/\/energisaprev.com.br\/relatorioanual2024\/institucional\/mensagem-da-diretoria\/"]}]},{"@type":"ImageObject","inLanguage":"pt-BR","@id":"https:\/\/energisaprev.com.br\/relatorioanual2024\/institucional\/mensagem-da-diretoria\/#primaryimage","url":"https:\/\/energisaprev.com.br\/relatorioanual2024\/wp-content\/uploads\/2024\/04\/mensagem_diretoria-1.jpg","contentUrl":"https:\/\/energisaprev.com.br\/relatorioanual2024\/wp-content\/uploads\/2024\/04\/mensagem_diretoria-1.jpg","width":1000,"height":667},{"@type":"BreadcrumbList","@id":"https:\/\/energisaprev.com.br\/relatorioanual2024\/institucional\/mensagem-da-diretoria\/#breadcrumb","itemListElement":[{"@type":"ListItem","position":1,"name":"In\u00edcio","item":"https:\/\/energisaprev.com.br\/relatorioanual2024\/"},{"@type":"ListItem","position":2,"name":"Institucional","item":"https:\/\/energisaprev.com.br\/relatorioanual2024\/institucional\/"},{"@type":"ListItem","position":3,"name":"Mensagem da Diretoria"}]},{"@type":"WebSite","@id":"https:\/\/energisaprev.com.br\/relatorioanual2024\/#website","url":"https:\/\/energisaprev.com.br\/relatorioanual2024\/","name":"Relat\u00f3rio Anual","description":"","potentialAction":[{"@type":"SearchAction","target":{"@type":"EntryPoint","urlTemplate":"https:\/\/energisaprev.com.br\/relatorioanual2024\/?s={search_term_string}"},"query-input":{"@type":"PropertyValueSpecification","valueRequired":true,"valueName":"search_term_string"}}],"inLanguage":"pt-BR"}]}},"_links":{"self":[{"href":"https:\/\/energisaprev.com.br\/relatorioanual2024\/wp-json\/wp\/v2\/pages\/513","targetHints":{"allow":["GET"]}}],"collection":[{"href":"https:\/\/energisaprev.com.br\/relatorioanual2024\/wp-json\/wp\/v2\/pages"}],"about":[{"href":"https:\/\/energisaprev.com.br\/relatorioanual2024\/wp-json\/wp\/v2\/types\/page"}],"author":[{"embeddable":true,"href":"https:\/\/energisaprev.com.br\/relatorioanual2024\/wp-json\/wp\/v2\/users\/1"}],"replies":[{"embeddable":true,"href":"https:\/\/energisaprev.com.br\/relatorioanual2024\/wp-json\/wp\/v2\/comments?post=513"}],"version-history":[{"count":9,"href":"https:\/\/energisaprev.com.br\/relatorioanual2024\/wp-json\/wp\/v2\/pages\/513\/revisions"}],"predecessor-version":[{"id":4838,"href":"https:\/\/energisaprev.com.br\/relatorioanual2024\/wp-json\/wp\/v2\/pages\/513\/revisions\/4838"}],"up":[{"embeddable":true,"href":"https:\/\/energisaprev.com.br\/relatorioanual2024\/wp-json\/wp\/v2\/pages\/184"}],"wp:featuredmedia":[{"embeddable":true,"href":"https:\/\/energisaprev.com.br\/relatorioanual2024\/wp-json\/wp\/v2\/media\/3435"}],"wp:attachment":[{"href":"https:\/\/energisaprev.com.br\/relatorioanual2024\/wp-json\/wp\/v2\/media?parent=513"}],"curies":[{"name":"wp","href":"https:\/\/api.w.org\/{rel}","templated":true}]}}