{"id":4071,"date":"2024-04-29T15:48:57","date_gmt":"2024-04-29T18:48:57","guid":{"rendered":"https:\/\/energisaprev.com.br\/relatorioanual2023\/?page_id=4071"},"modified":"2025-04-30T05:32:05","modified_gmt":"2025-04-30T08:32:05","slug":"rentabilidade","status":"publish","type":"page","link":"https:\/\/energisaprev.com.br\/relatorioanual2024\/investimento\/rentabilidade\/","title":{"rendered":"Rentabilidade"},"content":{"rendered":"\t\t<div data-elementor-type=\"wp-page\" data-elementor-id=\"4071\" class=\"elementor elementor-4071\">\n\t\t\t\t\t\t<section data-particle_enable=\"false\" data-particle-mobile-disabled=\"false\" class=\"elementor-section elementor-top-section elementor-element elementor-element-d5d55a7 elementor-section-boxed elementor-section-height-default elementor-section-height-default\" data-id=\"d5d55a7\" data-element_type=\"section\" data-e-type=\"section\">\n\t\t\t\t\t\t<div class=\"elementor-container elementor-column-gap-default\">\n\t\t\t\t\t<div class=\"elementor-column elementor-col-100 elementor-top-column elementor-element elementor-element-745e0ae\" data-id=\"745e0ae\" data-element_type=\"column\" data-e-type=\"column\">\n\t\t\t<div class=\"elementor-widget-wrap elementor-element-populated\">\n\t\t\t\t\t\t<div class=\"elementor-element elementor-element-8c364ff elementor-widget elementor-widget-text-editor\" data-id=\"8c364ff\" data-element_type=\"widget\" data-e-type=\"widget\" data-widget_type=\"text-editor.default\">\n\t\t\t\t<div class=\"elementor-widget-container\">\n\t\t\t\t\t\t\t\t\t<div title=\"Page 8\"><p>A rentabilidade dos planos administrados pela EnergisaPrev \u00e9 apurada de forma patrimonial.<\/p><p>O quadro abaixo demonstra a rentabilidade observada no exerc\u00edcio de 2024:<\/p><\/div>\t\t\t\t\t\t\t\t<\/div>\n\t\t\t\t<\/div>\n\t\t\t\t<div class=\"elementor-element elementor-element-c030691 elementor-widget elementor-widget-html\" data-id=\"c030691\" data-element_type=\"widget\" data-e-type=\"widget\" data-widget_type=\"html.default\">\n\t\t\t\t<div class=\"elementor-widget-container\">\n\t\t\t\t\t<div class=\"overflow-auto table_capsulediv\">\r\n    <table class=\"table padrao_table\">\r\n    <thead>\r\n        <tr>\r\n            <th>PLANOS<\/th>\r\n            <th>META INCLUIDO INDEXADOR<\/th>\r\n            <th>RENTABILIDADE 2024<\/th>\r\n            <th>% REALIZADO SOBRE O CDI<\/th>\r\n            <th>% REALIZADO SOBRE A META<\/th>\r\n            <th>META ATUARIAL<\/th>\r\n            <th>\u00cdNDICE<\/th>\r\n        <\/tr>\r\n    <\/thead>\r\n    <tbody>\r\n        <tr>\r\n            <td>ENERGISA<\/td>\r\n            <td>11,54%<\/td>\r\n            <td>1,53%<\/td>\r\n            <td>14,05%<\/td>\r\n            <td>13,26%<\/td>\r\n            <td>6,38%<\/td>\r\n            <td>IPCA<\/td>\r\n        <\/tr>\r\n        <tr>\r\n            <td>SUDESTE<\/td>\r\n            <td>9,94%<\/td>\r\n            <td>5,89%<\/td>\r\n            <td>54,09%<\/td>\r\n            <td>59,26%<\/td>\r\n            <td>4,84%<\/td>\r\n            <td>IPCA<\/td>\r\n        <\/tr>\r\n        <tr>\r\n            <td>PLANO I<\/td>\r\n            <td>9,64%<\/td>\r\n            <td>-5,12%<\/td>\r\n            <td>-47,02%<\/td>\r\n            <td>-53,11%<\/td>\r\n            <td>4,68%<\/td>\r\n            <td>INPC<\/td>\r\n        <\/tr>\r\n        <tr>\r\n            <td>PLANO II<\/td>\r\n            <td>9,89%<\/td>\r\n            <td>-5,96%<\/td>\r\n            <td>-54,73%<\/td>\r\n            <td>-60,26%<\/td>\r\n            <td>4,86%<\/td>\r\n            <td>INPC<\/td>\r\n        <\/tr>\r\n        <tr>\r\n            <td>FUNASA CD<\/td>\r\n            <td>10,23%<\/td>\r\n            <td>7,79%<\/td>\r\n            <td>71,53%<\/td>\r\n            <td>76,15%<\/td>\r\n            <td>5,19%<\/td>\r\n            <td>IPCA<\/td>\r\n        <\/tr>\r\n        <tr>\r\n            <td>FUNASA BD<\/td>\r\n            <td>9,64%<\/td>\r\n            <td>10,69%<\/td>\r\n            <td>98,16%<\/td>\r\n            <td>110,89%<\/td>\r\n            <td>4,68%<\/td>\r\n            <td>INPC<\/td>\r\n        <\/tr>\r\n        <tr>\r\n            <td>FUNASA SALDADO<\/td>\r\n            <td>9,89%<\/td>\r\n            <td>10,00%<\/td>\r\n            <td>91,83%<\/td>\r\n            <td>101,11%<\/td>\r\n            <td>4,86%<\/td>\r\n            <td>INPC<\/td>\r\n        <\/tr>\r\n        <tr>\r\n            <td>EL\u00c9TRICAS BD<\/td>\r\n            <td>9,75%<\/td>\r\n            <td>3,37%<\/td>\r\n            <td>30,95%<\/td>\r\n            <td>34,56%<\/td>\r\n            <td>4,73%<\/td>\r\n            <td>INPC<\/td>\r\n        <\/tr>\r\n        <tr>\r\n            <td>EL\u00c9TRICAS OP<\/td>\r\n            <td>9,63%<\/td>\r\n            <td>1,25%<\/td>\r\n            <td>11,48%<\/td>\r\n            <td>12,98%<\/td>\r\n            <td>4,63%<\/td>\r\n            <td>INPC<\/td>\r\n        <\/tr>\r\n        <tr>\r\n            <td>CEMAT BD<\/td>\r\n            <td>9,77%<\/td>\r\n            <td>10,69%<\/td>\r\n            <td>98,16%<\/td>\r\n            <td>109,42%<\/td>\r\n            <td>4,80%<\/td>\r\n            <td>INPC<\/td>\r\n        <\/tr>\r\n        <tr>\r\n            <td>CEMAT OP<\/td>\r\n            <td>9,75%<\/td>\r\n            <td>10,74%<\/td>\r\n            <td>98,62%<\/td>\r\n            <td>110,15%<\/td>\r\n            <td>4,73%<\/td>\r\n            <td>INPC<\/td>\r\n        <\/tr>\r\n        <tr>\r\n            <td>PLANO R<\/td>\r\n            <td>9,84%<\/td>\r\n            <td>0,17%<\/td>\r\n            <td>1,56%<\/td>\r\n            <td>1,73%<\/td>\r\n            <td>4,83%<\/td>\r\n            <td>INPC<\/td>\r\n        <\/tr>\r\n        <tr>\r\n            <td>SERGIPE CD<\/td>\r\n            <td>10,35%<\/td>\r\n            <td>10,02%<\/td>\r\n            <td>92,01%<\/td>\r\n            <td>96,81%<\/td>\r\n            <td>5,26%<\/td>\r\n            <td>IPCA<\/td>\r\n        <\/tr>\r\n        <tr>\r\n            <td>SERGIPE SALDADO<\/td>\r\n            <td>9,88%<\/td>\r\n            <td>9,69%<\/td>\r\n            <td>88,98%<\/td>\r\n            <td>98,08%<\/td>\r\n            <td>4,96%<\/td>\r\n            <td>IPC<\/td>\r\n        <\/tr>\r\n    <\/tbody>\r\n<\/table>\r\n<\/div>\t\t\t\t<\/div>\n\t\t\t\t<\/div>\n\t\t\t\t\t<\/div>\n\t\t<\/div>\n\t\t\t\t\t<\/div>\n\t\t<\/section>\n\t\t\t\t<\/div>\n\t\t","protected":false},"excerpt":{"rendered":"<p>A rentabilidade dos planos administrados pela EnergisaPrev \u00e9 apurada de forma patrimonial. O quadro abaixo demonstra a rentabilidade observada no exerc\u00edcio de 2024: PLANOS META INCLUIDO INDEXADOR RENTABILIDADE 2024 % REALIZADO SOBRE O CDI % REALIZADO SOBRE A META META ATUARIAL \u00cdNDICE ENERGISA 11,54% 1,53% 14,05% 13,26% 6,38% IPCA SUDESTE 9,94% 5,89% 54,09% 59,26% 4,84% [&hellip;]<\/p>\n","protected":false},"author":1,"featured_media":4492,"parent":4035,"menu_order":0,"comment_status":"closed","ping_status":"closed","template":"","meta":{"footnotes":""},"class_list":["post-4071","page","type-page","status-publish","has-post-thumbnail","hentry"],"acf":[],"yoast_head":"<!-- This site is optimized with the Yoast SEO plugin v27.4 - https:\/\/yoast.com\/product\/yoast-seo-wordpress\/ -->\n<title>Rentabilidade - Relat\u00f3rio Anual<\/title>\n<meta name=\"robots\" content=\"index, follow, max-snippet:-1, max-image-preview:large, max-video-preview:-1\" \/>\n<link rel=\"canonical\" href=\"https:\/\/energisaprev.com.br\/relatorioanual2024\/investimento\/rentabilidade\/\" \/>\n<meta property=\"og:locale\" content=\"pt_BR\" \/>\n<meta property=\"og:type\" content=\"article\" \/>\n<meta property=\"og:title\" content=\"Rentabilidade - Relat\u00f3rio Anual\" \/>\n<meta property=\"og:description\" content=\"A rentabilidade dos planos administrados pela EnergisaPrev \u00e9 apurada de forma patrimonial. O quadro abaixo demonstra a rentabilidade observada no exerc\u00edcio de 2024: PLANOS META INCLUIDO INDEXADOR RENTABILIDADE 2024 % REALIZADO SOBRE O CDI % REALIZADO SOBRE A META META ATUARIAL \u00cdNDICE ENERGISA 11,54% 1,53% 14,05% 13,26% 6,38% IPCA SUDESTE 9,94% 5,89% 54,09% 59,26% 4,84% [&hellip;]\" \/>\n<meta property=\"og:url\" content=\"https:\/\/energisaprev.com.br\/relatorioanual2024\/investimento\/rentabilidade\/\" \/>\n<meta property=\"og:site_name\" content=\"Relat\u00f3rio Anual\" \/>\n<meta property=\"article:modified_time\" content=\"2025-04-30T08:32:05+00:00\" \/>\n<meta property=\"og:image\" content=\"https:\/\/energisaprev.com.br\/relatorioanual2024\/wp-content\/uploads\/2025\/04\/capa-rentabilidade.jpg\" \/>\n\t<meta property=\"og:image:width\" content=\"756\" \/>\n\t<meta property=\"og:image:height\" content=\"300\" \/>\n\t<meta property=\"og:image:type\" content=\"image\/jpeg\" \/>\n<meta name=\"twitter:card\" content=\"summary_large_image\" \/>\n<meta name=\"twitter:label1\" content=\"Est. tempo de leitura\" \/>\n\t<meta name=\"twitter:data1\" content=\"1 minuto\" \/>\n<script type=\"application\/ld+json\" class=\"yoast-schema-graph\">{\"@context\":\"https:\\\/\\\/schema.org\",\"@graph\":[{\"@type\":\"WebPage\",\"@id\":\"https:\\\/\\\/energisaprev.com.br\\\/relatorioanual2024\\\/investimento\\\/rentabilidade\\\/\",\"url\":\"https:\\\/\\\/energisaprev.com.br\\\/relatorioanual2024\\\/investimento\\\/rentabilidade\\\/\",\"name\":\"Rentabilidade - Relat\u00f3rio Anual\",\"isPartOf\":{\"@id\":\"https:\\\/\\\/energisaprev.com.br\\\/relatorioanual2024\\\/#website\"},\"primaryImageOfPage\":{\"@id\":\"https:\\\/\\\/energisaprev.com.br\\\/relatorioanual2024\\\/investimento\\\/rentabilidade\\\/#primaryimage\"},\"image\":{\"@id\":\"https:\\\/\\\/energisaprev.com.br\\\/relatorioanual2024\\\/investimento\\\/rentabilidade\\\/#primaryimage\"},\"thumbnailUrl\":\"https:\\\/\\\/energisaprev.com.br\\\/relatorioanual2024\\\/wp-content\\\/uploads\\\/2025\\\/04\\\/capa-rentabilidade.jpg\",\"datePublished\":\"2024-04-29T18:48:57+00:00\",\"dateModified\":\"2025-04-30T08:32:05+00:00\",\"breadcrumb\":{\"@id\":\"https:\\\/\\\/energisaprev.com.br\\\/relatorioanual2024\\\/investimento\\\/rentabilidade\\\/#breadcrumb\"},\"inLanguage\":\"pt-BR\",\"potentialAction\":[{\"@type\":\"ReadAction\",\"target\":[\"https:\\\/\\\/energisaprev.com.br\\\/relatorioanual2024\\\/investimento\\\/rentabilidade\\\/\"]}]},{\"@type\":\"ImageObject\",\"inLanguage\":\"pt-BR\",\"@id\":\"https:\\\/\\\/energisaprev.com.br\\\/relatorioanual2024\\\/investimento\\\/rentabilidade\\\/#primaryimage\",\"url\":\"https:\\\/\\\/energisaprev.com.br\\\/relatorioanual2024\\\/wp-content\\\/uploads\\\/2025\\\/04\\\/capa-rentabilidade.jpg\",\"contentUrl\":\"https:\\\/\\\/energisaprev.com.br\\\/relatorioanual2024\\\/wp-content\\\/uploads\\\/2025\\\/04\\\/capa-rentabilidade.jpg\",\"width\":756,\"height\":300},{\"@type\":\"BreadcrumbList\",\"@id\":\"https:\\\/\\\/energisaprev.com.br\\\/relatorioanual2024\\\/investimento\\\/rentabilidade\\\/#breadcrumb\",\"itemListElement\":[{\"@type\":\"ListItem\",\"position\":1,\"name\":\"In\u00edcio\",\"item\":\"https:\\\/\\\/energisaprev.com.br\\\/relatorioanual2024\\\/\"},{\"@type\":\"ListItem\",\"position\":2,\"name\":\"Gest\u00e3o de Investimento\",\"item\":\"https:\\\/\\\/energisaprev.com.br\\\/relatorioanual2024\\\/investimento\\\/\"},{\"@type\":\"ListItem\",\"position\":3,\"name\":\"Rentabilidade\"}]},{\"@type\":\"WebSite\",\"@id\":\"https:\\\/\\\/energisaprev.com.br\\\/relatorioanual2024\\\/#website\",\"url\":\"https:\\\/\\\/energisaprev.com.br\\\/relatorioanual2024\\\/\",\"name\":\"Relat\u00f3rio Anual\",\"description\":\"\",\"potentialAction\":[{\"@type\":\"SearchAction\",\"target\":{\"@type\":\"EntryPoint\",\"urlTemplate\":\"https:\\\/\\\/energisaprev.com.br\\\/relatorioanual2024\\\/?s={search_term_string}\"},\"query-input\":{\"@type\":\"PropertyValueSpecification\",\"valueRequired\":true,\"valueName\":\"search_term_string\"}}],\"inLanguage\":\"pt-BR\"}]}<\/script>\n<!-- \/ Yoast SEO plugin. -->","yoast_head_json":{"title":"Rentabilidade - Relat\u00f3rio Anual","robots":{"index":"index","follow":"follow","max-snippet":"max-snippet:-1","max-image-preview":"max-image-preview:large","max-video-preview":"max-video-preview:-1"},"canonical":"https:\/\/energisaprev.com.br\/relatorioanual2024\/investimento\/rentabilidade\/","og_locale":"pt_BR","og_type":"article","og_title":"Rentabilidade - Relat\u00f3rio Anual","og_description":"A rentabilidade dos planos administrados pela EnergisaPrev \u00e9 apurada de forma patrimonial. O quadro abaixo demonstra a rentabilidade observada no exerc\u00edcio de 2024: PLANOS META INCLUIDO INDEXADOR RENTABILIDADE 2024 % REALIZADO SOBRE O CDI % REALIZADO SOBRE A META META ATUARIAL \u00cdNDICE ENERGISA 11,54% 1,53% 14,05% 13,26% 6,38% IPCA SUDESTE 9,94% 5,89% 54,09% 59,26% 4,84% [&hellip;]","og_url":"https:\/\/energisaprev.com.br\/relatorioanual2024\/investimento\/rentabilidade\/","og_site_name":"Relat\u00f3rio Anual","article_modified_time":"2025-04-30T08:32:05+00:00","og_image":[{"width":756,"height":300,"url":"https:\/\/energisaprev.com.br\/relatorioanual2024\/wp-content\/uploads\/2025\/04\/capa-rentabilidade.jpg","type":"image\/jpeg"}],"twitter_card":"summary_large_image","twitter_misc":{"Est. tempo de leitura":"1 minuto"},"schema":{"@context":"https:\/\/schema.org","@graph":[{"@type":"WebPage","@id":"https:\/\/energisaprev.com.br\/relatorioanual2024\/investimento\/rentabilidade\/","url":"https:\/\/energisaprev.com.br\/relatorioanual2024\/investimento\/rentabilidade\/","name":"Rentabilidade - Relat\u00f3rio Anual","isPartOf":{"@id":"https:\/\/energisaprev.com.br\/relatorioanual2024\/#website"},"primaryImageOfPage":{"@id":"https:\/\/energisaprev.com.br\/relatorioanual2024\/investimento\/rentabilidade\/#primaryimage"},"image":{"@id":"https:\/\/energisaprev.com.br\/relatorioanual2024\/investimento\/rentabilidade\/#primaryimage"},"thumbnailUrl":"https:\/\/energisaprev.com.br\/relatorioanual2024\/wp-content\/uploads\/2025\/04\/capa-rentabilidade.jpg","datePublished":"2024-04-29T18:48:57+00:00","dateModified":"2025-04-30T08:32:05+00:00","breadcrumb":{"@id":"https:\/\/energisaprev.com.br\/relatorioanual2024\/investimento\/rentabilidade\/#breadcrumb"},"inLanguage":"pt-BR","potentialAction":[{"@type":"ReadAction","target":["https:\/\/energisaprev.com.br\/relatorioanual2024\/investimento\/rentabilidade\/"]}]},{"@type":"ImageObject","inLanguage":"pt-BR","@id":"https:\/\/energisaprev.com.br\/relatorioanual2024\/investimento\/rentabilidade\/#primaryimage","url":"https:\/\/energisaprev.com.br\/relatorioanual2024\/wp-content\/uploads\/2025\/04\/capa-rentabilidade.jpg","contentUrl":"https:\/\/energisaprev.com.br\/relatorioanual2024\/wp-content\/uploads\/2025\/04\/capa-rentabilidade.jpg","width":756,"height":300},{"@type":"BreadcrumbList","@id":"https:\/\/energisaprev.com.br\/relatorioanual2024\/investimento\/rentabilidade\/#breadcrumb","itemListElement":[{"@type":"ListItem","position":1,"name":"In\u00edcio","item":"https:\/\/energisaprev.com.br\/relatorioanual2024\/"},{"@type":"ListItem","position":2,"name":"Gest\u00e3o de Investimento","item":"https:\/\/energisaprev.com.br\/relatorioanual2024\/investimento\/"},{"@type":"ListItem","position":3,"name":"Rentabilidade"}]},{"@type":"WebSite","@id":"https:\/\/energisaprev.com.br\/relatorioanual2024\/#website","url":"https:\/\/energisaprev.com.br\/relatorioanual2024\/","name":"Relat\u00f3rio Anual","description":"","potentialAction":[{"@type":"SearchAction","target":{"@type":"EntryPoint","urlTemplate":"https:\/\/energisaprev.com.br\/relatorioanual2024\/?s={search_term_string}"},"query-input":{"@type":"PropertyValueSpecification","valueRequired":true,"valueName":"search_term_string"}}],"inLanguage":"pt-BR"}]}},"_links":{"self":[{"href":"https:\/\/energisaprev.com.br\/relatorioanual2024\/wp-json\/wp\/v2\/pages\/4071","targetHints":{"allow":["GET"]}}],"collection":[{"href":"https:\/\/energisaprev.com.br\/relatorioanual2024\/wp-json\/wp\/v2\/pages"}],"about":[{"href":"https:\/\/energisaprev.com.br\/relatorioanual2024\/wp-json\/wp\/v2\/types\/page"}],"author":[{"embeddable":true,"href":"https:\/\/energisaprev.com.br\/relatorioanual2024\/wp-json\/wp\/v2\/users\/1"}],"replies":[{"embeddable":true,"href":"https:\/\/energisaprev.com.br\/relatorioanual2024\/wp-json\/wp\/v2\/comments?post=4071"}],"version-history":[{"count":16,"href":"https:\/\/energisaprev.com.br\/relatorioanual2024\/wp-json\/wp\/v2\/pages\/4071\/revisions"}],"predecessor-version":[{"id":5191,"href":"https:\/\/energisaprev.com.br\/relatorioanual2024\/wp-json\/wp\/v2\/pages\/4071\/revisions\/5191"}],"up":[{"embeddable":true,"href":"https:\/\/energisaprev.com.br\/relatorioanual2024\/wp-json\/wp\/v2\/pages\/4035"}],"wp:featuredmedia":[{"embeddable":true,"href":"https:\/\/energisaprev.com.br\/relatorioanual2024\/wp-json\/wp\/v2\/media\/4492"}],"wp:attachment":[{"href":"https:\/\/energisaprev.com.br\/relatorioanual2024\/wp-json\/wp\/v2\/media?parent=4071"}],"curies":[{"name":"wp","href":"https:\/\/api.w.org\/{rel}","templated":true}]}}