{"id":4060,"date":"2024-04-29T15:45:54","date_gmt":"2024-04-29T18:45:54","guid":{"rendered":"https:\/\/energisaprev.com.br\/relatorioanual2023\/?page_id=4060"},"modified":"2025-04-28T12:10:28","modified_gmt":"2025-04-28T15:10:28","slug":"principios-socioambientais-e-lei-anticorrupcao","status":"publish","type":"page","link":"https:\/\/energisaprev.com.br\/relatorioanual2024\/investimento\/principios-socioambientais-e-lei-anticorrupcao\/","title":{"rendered":"Princ\u00edpios Socioambientais e Lei Anticorrup\u00e7\u00e3o"},"content":{"rendered":"\t\t<div data-elementor-type=\"wp-page\" data-elementor-id=\"4060\" class=\"elementor elementor-4060\">\n\t\t\t\t\t\t<section data-particle_enable=\"false\" data-particle-mobile-disabled=\"false\" class=\"elementor-section elementor-top-section elementor-element elementor-element-beda80f elementor-section-boxed elementor-section-height-default elementor-section-height-default\" data-id=\"beda80f\" data-element_type=\"section\" data-e-type=\"section\">\n\t\t\t\t\t\t<div class=\"elementor-container elementor-column-gap-default\">\n\t\t\t\t\t<div class=\"elementor-column elementor-col-100 elementor-top-column elementor-element elementor-element-bc1cb20\" data-id=\"bc1cb20\" data-element_type=\"column\" data-e-type=\"column\">\n\t\t\t<div class=\"elementor-widget-wrap elementor-element-populated\">\n\t\t\t\t\t\t<div class=\"elementor-element elementor-element-17c39e9 elementor-widget elementor-widget-text-editor\" data-id=\"17c39e9\" data-element_type=\"widget\" data-e-type=\"widget\" data-widget_type=\"text-editor.default\">\n\t\t\t\t<div class=\"elementor-widget-container\">\n\t\t\t\t\t\t\t\t\t<div title=\"Page 8\"><p>De acordo com as pol\u00edticas de investimentos da EnergisaPrev, os princ\u00edpios relacionados \u00e0 sustentabilidade ser\u00e3o monitorados por meio dos fatores ESG (Environmental, Social &amp; Governance). Esses fatores representam as dimens\u00f5es n\u00e3o financeiras associadas \u00e0 sustentabilidade que devem ser consideradas na an\u00e1lise de investimentos, abrangendo aspectos ambientais, sociais e de governan\u00e7a. Para avaliar o impacto desses temas na sua carteira de investimentos, a EnergisaPrev se compromete a incorporar an\u00e1lises relacionadas aos fatores ESG nos processos de sele\u00e7\u00e3o e constru\u00e7\u00e3o dos portf\u00f3lios dos seus gestores. Embora os princ\u00edpios ESG sejam observados sempre que poss\u00edvel, atualmente eles n\u00e3o possuem car\u00e1ter mandat\u00f3rio.<\/p><p>A gest\u00e3o dos ativos do plano de benef\u00edcios da EnergisaPrev, conforme estabelecido nas Pol\u00edticas de Investimentos, deve levar em considera\u00e7\u00e3o as determina\u00e7\u00f5es contidas na Lei 12.846\/2013 e no Decreto Federal 11.129\/2022, al\u00e9m do C\u00f3digo de \u00c9tica da Entidade e outros normativos internos. Essas diretrizes visam garantir que todas as opera\u00e7\u00f5es estejam em conformidade com as leis e regulamentos aplic\u00e1veis, promovendo a integridade e a transpar\u00eancia.<\/p><p>As Pol\u00edticas de Investimentos tamb\u00e9m devem adotar as melhores pr\u00e1ticas de governan\u00e7a, especialmente no que diz respeito \u00e0s medidas anticorrup\u00e7\u00e3o, tanto no Brasil quanto no exterior. O objetivo \u00e9 buscar constantemente os mais elevados padr\u00f5es de integridade das pessoas envolvidas, alinhados \u00e0 transpar\u00eancia dos processos e \u00e0 sustentabilidade dos ativos. Esses princ\u00edpios est\u00e3o claramente definidos e publicamente dispon\u00edveis no Estatuto Social da EnergisaPrev.<\/p><p>Na aplica\u00e7\u00e3o das Pol\u00edticas de Investimentos, a EnergisaPrev deve assegurar que seus colaboradores, fornecedores e parceiros observem e cumpram rigorosamente todas as leis aplic\u00e1veis. Isso inclui, mas n\u00e3o se limita, \u00e0 legisla\u00e7\u00e3o brasileira anticorrup\u00e7\u00e3o e \u00e0s leis contra a lavagem de dinheiro. Al\u00e9m disso, \u00e9 fundamental que todas as pol\u00edticas internas da EnergisaPrev relacionadas a esses temas sejam rigorosamente seguidas. A entidade deve tomar todas as provid\u00eancias necess\u00e1rias para garantir a conformidade e a integridade em todas as suas opera\u00e7\u00f5es, promovendo um ambiente de neg\u00f3cios \u00e9tico e sustent\u00e1vel.\u00a0<\/p><\/div>\t\t\t\t\t\t\t\t<\/div>\n\t\t\t\t<\/div>\n\t\t\t\t\t<\/div>\n\t\t<\/div>\n\t\t\t\t\t<\/div>\n\t\t<\/section>\n\t\t\t\t<\/div>\n\t\t","protected":false},"excerpt":{"rendered":"<p>De acordo com as pol\u00edticas de investimentos da EnergisaPrev, os princ\u00edpios relacionados \u00e0 sustentabilidade ser\u00e3o monitorados por meio dos fatores ESG (Environmental, Social &amp; Governance). Esses fatores representam as dimens\u00f5es n\u00e3o financeiras associadas \u00e0 sustentabilidade que devem ser consideradas na an\u00e1lise de investimentos, abrangendo aspectos ambientais, sociais e de governan\u00e7a. Para avaliar o impacto desses [&hellip;]<\/p>\n","protected":false},"author":1,"featured_media":4494,"parent":4035,"menu_order":0,"comment_status":"closed","ping_status":"closed","template":"","meta":{"footnotes":""},"class_list":["post-4060","page","type-page","status-publish","has-post-thumbnail","hentry"],"acf":[],"yoast_head":"<!-- This site is optimized with the Yoast SEO plugin v27.4 - https:\/\/yoast.com\/product\/yoast-seo-wordpress\/ -->\n<title>Princ\u00edpios Socioambientais e Lei Anticorrup\u00e7\u00e3o - Relat\u00f3rio Anual<\/title>\n<meta name=\"robots\" content=\"index, follow, max-snippet:-1, max-image-preview:large, max-video-preview:-1\" \/>\n<link rel=\"canonical\" href=\"https:\/\/energisaprev.com.br\/relatorioanual2024\/investimento\/principios-socioambientais-e-lei-anticorrupcao\/\" \/>\n<meta property=\"og:locale\" content=\"pt_BR\" \/>\n<meta property=\"og:type\" content=\"article\" \/>\n<meta property=\"og:title\" content=\"Princ\u00edpios Socioambientais e Lei Anticorrup\u00e7\u00e3o - Relat\u00f3rio Anual\" \/>\n<meta property=\"og:description\" content=\"De acordo com as pol\u00edticas de investimentos da EnergisaPrev, os princ\u00edpios relacionados \u00e0 sustentabilidade ser\u00e3o monitorados por meio dos fatores ESG (Environmental, Social &amp; Governance). Esses fatores representam as dimens\u00f5es n\u00e3o financeiras associadas \u00e0 sustentabilidade que devem ser consideradas na an\u00e1lise de investimentos, abrangendo aspectos ambientais, sociais e de governan\u00e7a. Para avaliar o impacto desses [&hellip;]\" \/>\n<meta property=\"og:url\" content=\"https:\/\/energisaprev.com.br\/relatorioanual2024\/investimento\/principios-socioambientais-e-lei-anticorrupcao\/\" \/>\n<meta property=\"og:site_name\" content=\"Relat\u00f3rio Anual\" \/>\n<meta property=\"article:modified_time\" content=\"2025-04-28T15:10:28+00:00\" \/>\n<meta property=\"og:image\" content=\"https:\/\/energisaprev.com.br\/relatorioanual2024\/wp-content\/uploads\/2025\/04\/capa-principios-socioambientais.jpg\" \/>\n\t<meta property=\"og:image:width\" content=\"756\" \/>\n\t<meta property=\"og:image:height\" content=\"300\" \/>\n\t<meta property=\"og:image:type\" content=\"image\/jpeg\" \/>\n<meta name=\"twitter:card\" content=\"summary_large_image\" \/>\n<meta name=\"twitter:label1\" content=\"Est. tempo de leitura\" \/>\n\t<meta name=\"twitter:data1\" content=\"2 minutos\" \/>\n<script type=\"application\/ld+json\" class=\"yoast-schema-graph\">{\"@context\":\"https:\\\/\\\/schema.org\",\"@graph\":[{\"@type\":\"WebPage\",\"@id\":\"https:\\\/\\\/energisaprev.com.br\\\/relatorioanual2024\\\/investimento\\\/principios-socioambientais-e-lei-anticorrupcao\\\/\",\"url\":\"https:\\\/\\\/energisaprev.com.br\\\/relatorioanual2024\\\/investimento\\\/principios-socioambientais-e-lei-anticorrupcao\\\/\",\"name\":\"Princ\u00edpios Socioambientais e Lei Anticorrup\u00e7\u00e3o - Relat\u00f3rio Anual\",\"isPartOf\":{\"@id\":\"https:\\\/\\\/energisaprev.com.br\\\/relatorioanual2024\\\/#website\"},\"primaryImageOfPage\":{\"@id\":\"https:\\\/\\\/energisaprev.com.br\\\/relatorioanual2024\\\/investimento\\\/principios-socioambientais-e-lei-anticorrupcao\\\/#primaryimage\"},\"image\":{\"@id\":\"https:\\\/\\\/energisaprev.com.br\\\/relatorioanual2024\\\/investimento\\\/principios-socioambientais-e-lei-anticorrupcao\\\/#primaryimage\"},\"thumbnailUrl\":\"https:\\\/\\\/energisaprev.com.br\\\/relatorioanual2024\\\/wp-content\\\/uploads\\\/2025\\\/04\\\/capa-principios-socioambientais.jpg\",\"datePublished\":\"2024-04-29T18:45:54+00:00\",\"dateModified\":\"2025-04-28T15:10:28+00:00\",\"breadcrumb\":{\"@id\":\"https:\\\/\\\/energisaprev.com.br\\\/relatorioanual2024\\\/investimento\\\/principios-socioambientais-e-lei-anticorrupcao\\\/#breadcrumb\"},\"inLanguage\":\"pt-BR\",\"potentialAction\":[{\"@type\":\"ReadAction\",\"target\":[\"https:\\\/\\\/energisaprev.com.br\\\/relatorioanual2024\\\/investimento\\\/principios-socioambientais-e-lei-anticorrupcao\\\/\"]}]},{\"@type\":\"ImageObject\",\"inLanguage\":\"pt-BR\",\"@id\":\"https:\\\/\\\/energisaprev.com.br\\\/relatorioanual2024\\\/investimento\\\/principios-socioambientais-e-lei-anticorrupcao\\\/#primaryimage\",\"url\":\"https:\\\/\\\/energisaprev.com.br\\\/relatorioanual2024\\\/wp-content\\\/uploads\\\/2025\\\/04\\\/capa-principios-socioambientais.jpg\",\"contentUrl\":\"https:\\\/\\\/energisaprev.com.br\\\/relatorioanual2024\\\/wp-content\\\/uploads\\\/2025\\\/04\\\/capa-principios-socioambientais.jpg\",\"width\":756,\"height\":300},{\"@type\":\"BreadcrumbList\",\"@id\":\"https:\\\/\\\/energisaprev.com.br\\\/relatorioanual2024\\\/investimento\\\/principios-socioambientais-e-lei-anticorrupcao\\\/#breadcrumb\",\"itemListElement\":[{\"@type\":\"ListItem\",\"position\":1,\"name\":\"In\u00edcio\",\"item\":\"https:\\\/\\\/energisaprev.com.br\\\/relatorioanual2024\\\/\"},{\"@type\":\"ListItem\",\"position\":2,\"name\":\"Gest\u00e3o de Investimento\",\"item\":\"https:\\\/\\\/energisaprev.com.br\\\/relatorioanual2024\\\/investimento\\\/\"},{\"@type\":\"ListItem\",\"position\":3,\"name\":\"Princ\u00edpios Socioambientais e Lei Anticorrup\u00e7\u00e3o\"}]},{\"@type\":\"WebSite\",\"@id\":\"https:\\\/\\\/energisaprev.com.br\\\/relatorioanual2024\\\/#website\",\"url\":\"https:\\\/\\\/energisaprev.com.br\\\/relatorioanual2024\\\/\",\"name\":\"Relat\u00f3rio Anual\",\"description\":\"\",\"potentialAction\":[{\"@type\":\"SearchAction\",\"target\":{\"@type\":\"EntryPoint\",\"urlTemplate\":\"https:\\\/\\\/energisaprev.com.br\\\/relatorioanual2024\\\/?s={search_term_string}\"},\"query-input\":{\"@type\":\"PropertyValueSpecification\",\"valueRequired\":true,\"valueName\":\"search_term_string\"}}],\"inLanguage\":\"pt-BR\"}]}<\/script>\n<!-- \/ Yoast SEO plugin. -->","yoast_head_json":{"title":"Princ\u00edpios Socioambientais e Lei Anticorrup\u00e7\u00e3o - Relat\u00f3rio Anual","robots":{"index":"index","follow":"follow","max-snippet":"max-snippet:-1","max-image-preview":"max-image-preview:large","max-video-preview":"max-video-preview:-1"},"canonical":"https:\/\/energisaprev.com.br\/relatorioanual2024\/investimento\/principios-socioambientais-e-lei-anticorrupcao\/","og_locale":"pt_BR","og_type":"article","og_title":"Princ\u00edpios Socioambientais e Lei Anticorrup\u00e7\u00e3o - Relat\u00f3rio Anual","og_description":"De acordo com as pol\u00edticas de investimentos da EnergisaPrev, os princ\u00edpios relacionados \u00e0 sustentabilidade ser\u00e3o monitorados por meio dos fatores ESG (Environmental, Social &amp; Governance). Esses fatores representam as dimens\u00f5es n\u00e3o financeiras associadas \u00e0 sustentabilidade que devem ser consideradas na an\u00e1lise de investimentos, abrangendo aspectos ambientais, sociais e de governan\u00e7a. Para avaliar o impacto desses [&hellip;]","og_url":"https:\/\/energisaprev.com.br\/relatorioanual2024\/investimento\/principios-socioambientais-e-lei-anticorrupcao\/","og_site_name":"Relat\u00f3rio Anual","article_modified_time":"2025-04-28T15:10:28+00:00","og_image":[{"width":756,"height":300,"url":"https:\/\/energisaprev.com.br\/relatorioanual2024\/wp-content\/uploads\/2025\/04\/capa-principios-socioambientais.jpg","type":"image\/jpeg"}],"twitter_card":"summary_large_image","twitter_misc":{"Est. tempo de leitura":"2 minutos"},"schema":{"@context":"https:\/\/schema.org","@graph":[{"@type":"WebPage","@id":"https:\/\/energisaprev.com.br\/relatorioanual2024\/investimento\/principios-socioambientais-e-lei-anticorrupcao\/","url":"https:\/\/energisaprev.com.br\/relatorioanual2024\/investimento\/principios-socioambientais-e-lei-anticorrupcao\/","name":"Princ\u00edpios Socioambientais e Lei Anticorrup\u00e7\u00e3o - Relat\u00f3rio Anual","isPartOf":{"@id":"https:\/\/energisaprev.com.br\/relatorioanual2024\/#website"},"primaryImageOfPage":{"@id":"https:\/\/energisaprev.com.br\/relatorioanual2024\/investimento\/principios-socioambientais-e-lei-anticorrupcao\/#primaryimage"},"image":{"@id":"https:\/\/energisaprev.com.br\/relatorioanual2024\/investimento\/principios-socioambientais-e-lei-anticorrupcao\/#primaryimage"},"thumbnailUrl":"https:\/\/energisaprev.com.br\/relatorioanual2024\/wp-content\/uploads\/2025\/04\/capa-principios-socioambientais.jpg","datePublished":"2024-04-29T18:45:54+00:00","dateModified":"2025-04-28T15:10:28+00:00","breadcrumb":{"@id":"https:\/\/energisaprev.com.br\/relatorioanual2024\/investimento\/principios-socioambientais-e-lei-anticorrupcao\/#breadcrumb"},"inLanguage":"pt-BR","potentialAction":[{"@type":"ReadAction","target":["https:\/\/energisaprev.com.br\/relatorioanual2024\/investimento\/principios-socioambientais-e-lei-anticorrupcao\/"]}]},{"@type":"ImageObject","inLanguage":"pt-BR","@id":"https:\/\/energisaprev.com.br\/relatorioanual2024\/investimento\/principios-socioambientais-e-lei-anticorrupcao\/#primaryimage","url":"https:\/\/energisaprev.com.br\/relatorioanual2024\/wp-content\/uploads\/2025\/04\/capa-principios-socioambientais.jpg","contentUrl":"https:\/\/energisaprev.com.br\/relatorioanual2024\/wp-content\/uploads\/2025\/04\/capa-principios-socioambientais.jpg","width":756,"height":300},{"@type":"BreadcrumbList","@id":"https:\/\/energisaprev.com.br\/relatorioanual2024\/investimento\/principios-socioambientais-e-lei-anticorrupcao\/#breadcrumb","itemListElement":[{"@type":"ListItem","position":1,"name":"In\u00edcio","item":"https:\/\/energisaprev.com.br\/relatorioanual2024\/"},{"@type":"ListItem","position":2,"name":"Gest\u00e3o de Investimento","item":"https:\/\/energisaprev.com.br\/relatorioanual2024\/investimento\/"},{"@type":"ListItem","position":3,"name":"Princ\u00edpios Socioambientais e Lei Anticorrup\u00e7\u00e3o"}]},{"@type":"WebSite","@id":"https:\/\/energisaprev.com.br\/relatorioanual2024\/#website","url":"https:\/\/energisaprev.com.br\/relatorioanual2024\/","name":"Relat\u00f3rio Anual","description":"","potentialAction":[{"@type":"SearchAction","target":{"@type":"EntryPoint","urlTemplate":"https:\/\/energisaprev.com.br\/relatorioanual2024\/?s={search_term_string}"},"query-input":{"@type":"PropertyValueSpecification","valueRequired":true,"valueName":"search_term_string"}}],"inLanguage":"pt-BR"}]}},"_links":{"self":[{"href":"https:\/\/energisaprev.com.br\/relatorioanual2024\/wp-json\/wp\/v2\/pages\/4060","targetHints":{"allow":["GET"]}}],"collection":[{"href":"https:\/\/energisaprev.com.br\/relatorioanual2024\/wp-json\/wp\/v2\/pages"}],"about":[{"href":"https:\/\/energisaprev.com.br\/relatorioanual2024\/wp-json\/wp\/v2\/types\/page"}],"author":[{"embeddable":true,"href":"https:\/\/energisaprev.com.br\/relatorioanual2024\/wp-json\/wp\/v2\/users\/1"}],"replies":[{"embeddable":true,"href":"https:\/\/energisaprev.com.br\/relatorioanual2024\/wp-json\/wp\/v2\/comments?post=4060"}],"version-history":[{"count":4,"href":"https:\/\/energisaprev.com.br\/relatorioanual2024\/wp-json\/wp\/v2\/pages\/4060\/revisions"}],"predecessor-version":[{"id":4495,"href":"https:\/\/energisaprev.com.br\/relatorioanual2024\/wp-json\/wp\/v2\/pages\/4060\/revisions\/4495"}],"up":[{"embeddable":true,"href":"https:\/\/energisaprev.com.br\/relatorioanual2024\/wp-json\/wp\/v2\/pages\/4035"}],"wp:featuredmedia":[{"embeddable":true,"href":"https:\/\/energisaprev.com.br\/relatorioanual2024\/wp-json\/wp\/v2\/media\/4494"}],"wp:attachment":[{"href":"https:\/\/energisaprev.com.br\/relatorioanual2024\/wp-json\/wp\/v2\/media?parent=4060"}],"curies":[{"name":"wp","href":"https:\/\/api.w.org\/{rel}","templated":true}]}}