{"id":4038,"date":"2024-04-29T15:31:35","date_gmt":"2024-04-29T18:31:35","guid":{"rendered":"https:\/\/energisaprev.com.br\/relatorioanual2023\/?page_id=4038"},"modified":"2025-04-30T05:31:05","modified_gmt":"2025-04-30T08:31:05","slug":"contexto-do-mercado-financeiro","status":"publish","type":"page","link":"https:\/\/energisaprev.com.br\/relatorioanual2024\/investimento\/contexto-do-mercado-financeiro\/","title":{"rendered":"Contexto Do Mercado Financeiro"},"content":{"rendered":"\t\t<div data-elementor-type=\"wp-page\" data-elementor-id=\"4038\" class=\"elementor elementor-4038\">\n\t\t\t\t\t\t<section data-particle_enable=\"false\" data-particle-mobile-disabled=\"false\" class=\"elementor-section elementor-top-section elementor-element elementor-element-a3e1492 elementor-section-boxed elementor-section-height-default elementor-section-height-default\" data-id=\"a3e1492\" data-element_type=\"section\" data-e-type=\"section\">\n\t\t\t\t\t\t<div class=\"elementor-container elementor-column-gap-default\">\n\t\t\t\t\t<div class=\"elementor-column elementor-col-100 elementor-top-column elementor-element elementor-element-a2c62cd\" data-id=\"a2c62cd\" data-element_type=\"column\" data-e-type=\"column\">\n\t\t\t<div class=\"elementor-widget-wrap elementor-element-populated\">\n\t\t\t\t\t\t<div class=\"elementor-element elementor-element-5d00bb6 elementor-widget elementor-widget-text-editor\" data-id=\"5d00bb6\" data-element_type=\"widget\" data-e-type=\"widget\" data-widget_type=\"text-editor.default\">\n\t\t\t\t<div class=\"elementor-widget-container\">\n\t\t\t\t\t\t\t\t\t<p>O principal destaque do cen\u00e1rio econ\u00f4mico global em 2024 foi marcado pela diverg\u00eancia entre as pol\u00edticas monet\u00e1rias das grandes economias, combinada \u00e0 intensa volatilidade gerada por eventos pol\u00edticos. Nos Estados Unidos, a elei\u00e7\u00e3o presidencial com vit\u00f3ria de Donald Trump e a maioria republicana no Congresso resultaram em significativa valoriza\u00e7\u00e3o do d\u00f3lar, refletindo a expectativa por pol\u00edticas econ\u00f4micas mais expansionistas e protecionistas. Por outro lado, a Europa adotou uma abordagem monet\u00e1ria mais cautelosa, iniciando cortes moderados nas taxas de juros diante de sinais mais brandos de infla\u00e7\u00e3o e menor crescimento econ\u00f4mico. J\u00e1 na China, persistiram as dificuldades relacionadas \u00e0 desacelera\u00e7\u00e3o do setor imobili\u00e1rio, com efeitos limitados das medidas de est\u00edmulo implementadas pelo governo.<\/p><p>No mercado acion\u00e1rio global, o \u00edndice S&amp;P 500 encerrou o ano com forte valoriza\u00e7\u00e3o, com retorno acumulado de 23,31% impulsionado principalmente pelas perspectivas otimistas ap\u00f3s a elei\u00e7\u00e3o presidencial americana, fechando 2024 com ganho expressivo. Em contrapartida, o Ibovespa registrou um desempenho negativo, acumulando queda de -10,36%no ano, refletindo principalmente o cen\u00e1rio dom\u00e9stico desafiador marcado pela preocupa\u00e7\u00e3o com a deteriora\u00e7\u00e3o fiscal e aumento acelerado das taxas de juros. A retirada l\u00edquida de aproximadamente R$ 36 bilh\u00f5es por investidores estrangeiros da bolsa brasileira contribuiu significativamente para a queda do \u00edndice, contrastando fortemente com o desempenho positivo das bolsas internacionais.<\/p><p>No mercado de c\u00e2mbio, o d\u00f3lar apresentou forte valoriza\u00e7\u00e3o frente ao real, encerrando o ano com cota\u00e7\u00e3o recorde de R$ 6,18. A deprecia\u00e7\u00e3o do real foi impulsionada pelo ambiente fiscal inst\u00e1vel e pela inseguran\u00e7a dos investidores quanto \u00e0s pol\u00edticas econ\u00f4micas adotadas no Brasil, mesmo com diversas interven\u00e7\u00f5es realizadas pelo Banco Central no mercado cambial para conter a volatilidade.<\/p><p>A renda fixa brasileira sofreu fortes press\u00f5es ao longo do ano, refletindo as incertezas fiscais e a eleva\u00e7\u00e3o cont\u00ednua da taxa Selic pelo Copom, que terminou o ano em 12,25% ao ano, com indica\u00e7\u00e3o de novos aumentos no in\u00edcio de 2025. T\u00edtulos p\u00fablicos de longo prazo, como as NTN-Bs, apresentaram desempenho negativo em fun\u00e7\u00e3o das oscila\u00e7\u00f5es nas curvas de juros.<\/p><p>Em rela\u00e7\u00e3o \u00e0 infla\u00e7\u00e3o dom\u00e9stica, apesar da atividade econ\u00f4mica aquecida e do mercado de trabalho robusto, o \u00cdndice Nacional de Pre\u00e7os ao Consumidor Amplo (IPCA) encerrou o ano pressionado por pre\u00e7os de alimentos, despesas pessoais e transporte, mantendo-se acima das expectativas e contribuindo para a revis\u00e3o ascendente das proje\u00e7\u00f5es de juros futuros. Nesse contexto o PIB cresceu em 3,4%, totalizando 11,7 trilh\u00f5es, no entanto as preocupa\u00e7\u00f5es com a sustentabilidade fiscal prevaleceram, destacando a necessidade urgente de ajustes estruturais para a retomada da confian\u00e7a econ\u00f4mica ao longo dos pr\u00f3ximos anos.<\/p>\t\t\t\t\t\t\t\t<\/div>\n\t\t\t\t<\/div>\n\t\t\t\t<div class=\"elementor-element elementor-element-6b07b4f table_gestao eael-table-align-left elementor-hidden-desktop elementor-hidden-tablet elementor-hidden-mobile eael-dt-th-align-left elementor-widget elementor-widget-eael-data-table\" data-id=\"6b07b4f\" data-element_type=\"widget\" data-e-type=\"widget\" data-widget_type=\"eael-data-table.default\">\n\t\t\t\t<div class=\"elementor-widget-container\">\n\t\t\t\t\t\t\t<div class=\"eael-data-table-wrap\" data-table_id=\"6b07b4f\" id=\"eael-data-table-wrapper-6b07b4f\" data-custom_responsive=\"false\">\n\t\t\t<table class=\"tablesorter eael-data-table left\" id=\"eael-data-table-6b07b4f\">\n\t\t\t    <thead>\n\t\t\t        <tr class=\"table-header\">\n\t\t\t\t\t\t\t\t\t            <th class=\" sorting\" id=\"\" colspan=\"1\">\n\t\t\t\t\t\t\t\t\t\t\t\t\t\t<span class=\"data-table-header-text\">\u00cdNDICE<\/span><\/th>\n\t\t\t        \t\t\t\t            <th class=\" sorting\" id=\"\" colspan=\"1\">\n\t\t\t\t\t\t\t\t\t\t\t\t\t\t<span class=\"data-table-header-text\">RETORNO 2023<\/span><\/th>\n\t\t\t        \t\t\t\t        <\/tr>\n\t\t\t    <\/thead>\n\t\t\t  \t<tbody>\n\t\t\t\t\t\t\t\t\t\t\t<tr>\n\t\t\t\t\t\t\t\t\t\t\t\t\t\t\t\t   \t\t\t\t\t\t\t\t\t\t\t<td colspan=\"\" rowspan=\"\" class=\"\" id=\"\">\n\t\t\t\t\t\t\t\t\t\t\t\t<div class=\"td-content-wrapper\"><div class=\"td-content\">\n\t\t\t\t\t\t\t\t\t\t\t\t\tIPCA\t\t\t\t\t\t\t\t\t\t\t\t<\/div><\/div>\n\t\t\t\t\t\t\t\t\t\t\t<\/td>\n\t\t\t\t\t\t\t\t\t\t\t\t\t\t\t\t\t\t\t\t\t\t\t\t\t\t\t\t\t   \t\t\t\t\t\t\t\t\t\t\t<td colspan=\"\" rowspan=\"\" class=\"\" id=\"\">\n\t\t\t\t\t\t\t\t\t\t\t\t<div class=\"td-content-wrapper\"><div class=\"td-content\">\n\t\t\t\t\t\t\t\t\t\t\t\t\t4,62%\t\t\t\t\t\t\t\t\t\t\t\t<\/div><\/div>\n\t\t\t\t\t\t\t\t\t\t\t<\/td>\n\t\t\t\t\t\t\t\t\t\t\t\t\t\t\t\t\t\t\t\t\t\t\t\t\t\t<\/tr>\n\t\t\t        \t\t\t\t\t\t<tr>\n\t\t\t\t\t\t\t\t\t\t\t\t\t\t\t\t   \t\t\t\t\t\t\t\t\t\t\t<td colspan=\"\" rowspan=\"\" class=\"\" id=\"\">\n\t\t\t\t\t\t\t\t\t\t\t\t<div class=\"td-content-wrapper\"><div class=\"td-content\">\n\t\t\t\t\t\t\t\t\t\t\t\t\tIBOVESPA\t\t\t\t\t\t\t\t\t\t\t\t<\/div><\/div>\n\t\t\t\t\t\t\t\t\t\t\t<\/td>\n\t\t\t\t\t\t\t\t\t\t\t\t\t\t\t\t\t\t\t\t\t\t\t\t\t\t\t\t\t   \t\t\t\t\t\t\t\t\t\t\t<td colspan=\"\" rowspan=\"\" class=\"\" id=\"\">\n\t\t\t\t\t\t\t\t\t\t\t\t<div class=\"td-content-wrapper\"><div class=\"td-content\">\n\t\t\t\t\t\t\t\t\t\t\t\t\t22,28%\t\t\t\t\t\t\t\t\t\t\t\t<\/div><\/div>\n\t\t\t\t\t\t\t\t\t\t\t<\/td>\n\t\t\t\t\t\t\t\t\t\t\t\t\t\t\t\t\t\t\t\t\t\t\t\t\t\t<\/tr>\n\t\t\t        \t\t\t\t\t\t<tr>\n\t\t\t\t\t\t\t\t\t\t\t\t\t\t\t\t   \t\t\t\t\t\t\t\t\t\t\t<td colspan=\"\" rowspan=\"\" class=\"\" id=\"\">\n\t\t\t\t\t\t\t\t\t\t\t\t<div class=\"td-content-wrapper\"><div class=\"td-content\">\n\t\t\t\t\t\t\t\t\t\t\t\t\tS&amp;P 500\t\t\t\t\t\t\t\t\t\t\t\t<\/div><\/div>\n\t\t\t\t\t\t\t\t\t\t\t<\/td>\n\t\t\t\t\t\t\t\t\t\t\t\t\t\t\t\t\t\t\t\t\t\t\t\t\t\t\t\t\t   \t\t\t\t\t\t\t\t\t\t\t<td colspan=\"\" rowspan=\"\" class=\"\" id=\"\">\n\t\t\t\t\t\t\t\t\t\t\t\t<div class=\"td-content-wrapper\"><div class=\"td-content\">\n\t\t\t\t\t\t\t\t\t\t\t\t\t24,40%\t\t\t\t\t\t\t\t\t\t\t\t<\/div><\/div>\n\t\t\t\t\t\t\t\t\t\t\t<\/td>\n\t\t\t\t\t\t\t\t\t\t\t\t\t\t\t\t\t\t\t\t\t\t\t\t\t\t<\/tr>\n\t\t\t        \t\t\t\t\t\t<tr>\n\t\t\t\t\t\t\t\t\t\t\t\t\t\t\t\t   \t\t\t\t\t\t\t\t\t\t\t<td colspan=\"\" rowspan=\"\" class=\"\" id=\"\">\n\t\t\t\t\t\t\t\t\t\t\t\t<div class=\"td-content-wrapper\"><div class=\"td-content\">\n\t\t\t\t\t\t\t\t\t\t\t\t\tTAXA SELIC\t\t\t\t\t\t\t\t\t\t\t\t<\/div><\/div>\n\t\t\t\t\t\t\t\t\t\t\t<\/td>\n\t\t\t\t\t\t\t\t\t\t\t\t\t\t\t\t\t\t\t\t\t\t\t\t\t\t\t\t\t   \t\t\t\t\t\t\t\t\t\t\t<td colspan=\"\" rowspan=\"\" class=\"\" id=\"\">\n\t\t\t\t\t\t\t\t\t\t\t\t<div class=\"td-content-wrapper\"><div class=\"td-content\">\n\t\t\t\t\t\t\t\t\t\t\t\t\t11,75%\t\t\t\t\t\t\t\t\t\t\t\t<\/div><\/div>\n\t\t\t\t\t\t\t\t\t\t\t<\/td>\n\t\t\t\t\t\t\t\t\t\t\t\t\t\t\t\t\t\t\t\t\t\t\t\t\t\t<\/tr>\n\t\t\t        \t\t\t\t\t\t<tr>\n\t\t\t\t\t\t\t\t\t\t\t\t\t\t\t\t   \t\t\t\t\t\t\t\t\t\t\t<td colspan=\"\" rowspan=\"\" class=\"\" id=\"\">\n\t\t\t\t\t\t\t\t\t\t\t\t<div class=\"td-content-wrapper\"><div class=\"td-content\">\n\t\t\t\t\t\t\t\t\t\t\t\t\tPIB\t\t\t\t\t\t\t\t\t\t\t\t<\/div><\/div>\n\t\t\t\t\t\t\t\t\t\t\t<\/td>\n\t\t\t\t\t\t\t\t\t\t\t\t\t\t\t\t\t\t\t\t\t\t\t\t\t\t\t\t\t   \t\t\t\t\t\t\t\t\t\t\t<td colspan=\"\" rowspan=\"\" class=\"\" id=\"\">\n\t\t\t\t\t\t\t\t\t\t\t\t<div class=\"td-content-wrapper\"><div class=\"td-content\">\n\t\t\t\t\t\t\t\t\t\t\t\t\t2,90%\t\t\t\t\t\t\t\t\t\t\t\t<\/div><\/div>\n\t\t\t\t\t\t\t\t\t\t\t<\/td>\n\t\t\t\t\t\t\t\t\t\t\t\t\t\t\t\t\t\t\t\t\t\t\t\t\t\t<\/tr>\n\t\t\t        \t\t\t\t\t\t<tr>\n\t\t\t\t\t\t\t\t\t\t\t\t\t\t\t\t   \t\t\t\t\t\t\t\t\t\t\t<td colspan=\"\" rowspan=\"\" class=\"\" id=\"\">\n\t\t\t\t\t\t\t\t\t\t\t\t<div class=\"td-content-wrapper\"><div class=\"td-content\">\n\t\t\t\t\t\t\t\t\t\t\t\t\tDESEMPREGO\t\t\t\t\t\t\t\t\t\t\t\t<\/div><\/div>\n\t\t\t\t\t\t\t\t\t\t\t<\/td>\n\t\t\t\t\t\t\t\t\t\t\t\t\t\t\t\t\t\t\t\t\t\t\t\t\t\t\t\t\t   \t\t\t\t\t\t\t\t\t\t\t<td colspan=\"\" rowspan=\"\" class=\"\" id=\"\">\n\t\t\t\t\t\t\t\t\t\t\t\t<div class=\"td-content-wrapper\"><div class=\"td-content\">\n\t\t\t\t\t\t\t\t\t\t\t\t\t7,80%\t\t\t\t\t\t\t\t\t\t\t\t<\/div><\/div>\n\t\t\t\t\t\t\t\t\t\t\t<\/td>\n\t\t\t\t\t\t\t\t\t\t\t\t\t\t\t\t\t\t\t\t\t\t\t\t\t\t<\/tr>\n\t\t\t        \t\t\t    <\/tbody>\n\t\t\t<\/table>\n\t\t<\/div>\n\t  \t\t\t\t\t<\/div>\n\t\t\t\t<\/div>\n\t\t\t\t\t<\/div>\n\t\t<\/div>\n\t\t\t\t\t<\/div>\n\t\t<\/section>\n\t\t<div data-particle_enable=\"false\" data-particle-mobile-disabled=\"false\" class=\"elementor-element elementor-element-8f80475 e-flex e-con-boxed e-con e-parent\" data-id=\"8f80475\" data-element_type=\"container\" data-e-type=\"container\">\n\t\t\t\t\t<div class=\"e-con-inner\">\n\t\t\t\t<div class=\"elementor-element elementor-element-b37526b elementor-widget__width-initial elementor-widget elementor-widget-html\" data-id=\"b37526b\" data-element_type=\"widget\" data-e-type=\"widget\" data-widget_type=\"html.default\">\n\t\t\t\t<div class=\"elementor-widget-container\">\n\t\t\t\t\t<div class=\"overflow-auto table_capsulediv\">\r\n    <table class=\"table padrao_table\">\r\n    <thead>\r\n        <tr>\r\n            <th>\u00cdNDICE<\/th>\r\n            <th>RETORNO 2024<\/th>\r\n        <\/tr>\r\n    <\/thead>\r\n    <tbody>\r\n        <tr>\r\n            <td>IPCA<\/td>\r\n            <td>4,83%<\/td>\r\n        <\/tr>\r\n        <tr>\r\n            <td>IBOVESPA<\/td>\r\n            <td>-10,36%<\/td>\r\n        <\/tr>\r\n        <tr>\r\n            <td>S&amp;P 500<\/td>\r\n            <td>3,31%<\/td>\r\n        <\/tr>\r\n        <tr>\r\n            <td>TAXA SELIC<\/td>\r\n            <td>12,25%<\/td>\r\n        <\/tr>\r\n        <tr>\r\n            <td>PIB<\/td>\r\n            <td>3,40%<\/td>\r\n        <\/tr>\r\n        <tr>\r\n            <td>DESEMPREGO<\/td>\r\n            <td>6,60%<\/td>\r\n        <\/tr>\r\n        <tr>\r\n            <td>RECURSO GARANTIDOR<\/td>\r\n            <td>R$ 1.684.317.530,29<\/td>\r\n        <\/tr>\r\n    <\/tbody>\r\n<\/table>\r\n<\/div>\t\t\t\t<\/div>\n\t\t\t\t<\/div>\n\t\t\t\t\t<\/div>\n\t\t\t\t<\/div>\n\t\t\t\t<\/div>\n\t\t","protected":false},"excerpt":{"rendered":"<p>O principal destaque do cen\u00e1rio econ\u00f4mico global em 2024 foi marcado pela diverg\u00eancia entre as pol\u00edticas monet\u00e1rias das grandes economias, combinada \u00e0 intensa volatilidade gerada por eventos pol\u00edticos. Nos Estados Unidos, a elei\u00e7\u00e3o presidencial com vit\u00f3ria de Donald Trump e a maioria republicana no Congresso resultaram em significativa valoriza\u00e7\u00e3o do d\u00f3lar, refletindo a expectativa por [&hellip;]<\/p>\n","protected":false},"author":1,"featured_media":4500,"parent":4035,"menu_order":0,"comment_status":"closed","ping_status":"closed","template":"","meta":{"footnotes":""},"class_list":["post-4038","page","type-page","status-publish","has-post-thumbnail","hentry"],"acf":[],"yoast_head":"<!-- This site is optimized with the Yoast SEO plugin v27.4 - https:\/\/yoast.com\/product\/yoast-seo-wordpress\/ -->\n<title>Contexto Do Mercado Financeiro - Relat\u00f3rio Anual<\/title>\n<meta name=\"robots\" content=\"index, follow, max-snippet:-1, max-image-preview:large, max-video-preview:-1\" \/>\n<link rel=\"canonical\" href=\"https:\/\/energisaprev.com.br\/relatorioanual2024\/investimento\/contexto-do-mercado-financeiro\/\" \/>\n<meta property=\"og:locale\" content=\"pt_BR\" \/>\n<meta property=\"og:type\" content=\"article\" \/>\n<meta property=\"og:title\" content=\"Contexto Do Mercado Financeiro - Relat\u00f3rio Anual\" \/>\n<meta property=\"og:description\" content=\"O principal destaque do cen\u00e1rio econ\u00f4mico global em 2024 foi marcado pela diverg\u00eancia entre as pol\u00edticas monet\u00e1rias das grandes economias, combinada \u00e0 intensa volatilidade gerada por eventos pol\u00edticos. Nos Estados Unidos, a elei\u00e7\u00e3o presidencial com vit\u00f3ria de Donald Trump e a maioria republicana no Congresso resultaram em significativa valoriza\u00e7\u00e3o do d\u00f3lar, refletindo a expectativa por [&hellip;]\" \/>\n<meta property=\"og:url\" content=\"https:\/\/energisaprev.com.br\/relatorioanual2024\/investimento\/contexto-do-mercado-financeiro\/\" \/>\n<meta property=\"og:site_name\" content=\"Relat\u00f3rio Anual\" \/>\n<meta property=\"article:modified_time\" content=\"2025-04-30T08:31:05+00:00\" \/>\n<meta property=\"og:image\" content=\"https:\/\/energisaprev.com.br\/relatorioanual2024\/wp-content\/uploads\/2025\/04\/capa-contexto-mercado-financeiro.jpg\" \/>\n\t<meta property=\"og:image:width\" content=\"756\" \/>\n\t<meta property=\"og:image:height\" content=\"300\" \/>\n\t<meta property=\"og:image:type\" content=\"image\/jpeg\" \/>\n<meta name=\"twitter:card\" content=\"summary_large_image\" \/>\n<meta name=\"twitter:label1\" content=\"Est. tempo de leitura\" \/>\n\t<meta name=\"twitter:data1\" content=\"3 minutos\" \/>\n<script type=\"application\/ld+json\" class=\"yoast-schema-graph\">{\"@context\":\"https:\\\/\\\/schema.org\",\"@graph\":[{\"@type\":\"WebPage\",\"@id\":\"https:\\\/\\\/energisaprev.com.br\\\/relatorioanual2024\\\/investimento\\\/contexto-do-mercado-financeiro\\\/\",\"url\":\"https:\\\/\\\/energisaprev.com.br\\\/relatorioanual2024\\\/investimento\\\/contexto-do-mercado-financeiro\\\/\",\"name\":\"Contexto Do Mercado Financeiro - Relat\u00f3rio Anual\",\"isPartOf\":{\"@id\":\"https:\\\/\\\/energisaprev.com.br\\\/relatorioanual2024\\\/#website\"},\"primaryImageOfPage\":{\"@id\":\"https:\\\/\\\/energisaprev.com.br\\\/relatorioanual2024\\\/investimento\\\/contexto-do-mercado-financeiro\\\/#primaryimage\"},\"image\":{\"@id\":\"https:\\\/\\\/energisaprev.com.br\\\/relatorioanual2024\\\/investimento\\\/contexto-do-mercado-financeiro\\\/#primaryimage\"},\"thumbnailUrl\":\"https:\\\/\\\/energisaprev.com.br\\\/relatorioanual2024\\\/wp-content\\\/uploads\\\/2025\\\/04\\\/capa-contexto-mercado-financeiro.jpg\",\"datePublished\":\"2024-04-29T18:31:35+00:00\",\"dateModified\":\"2025-04-30T08:31:05+00:00\",\"breadcrumb\":{\"@id\":\"https:\\\/\\\/energisaprev.com.br\\\/relatorioanual2024\\\/investimento\\\/contexto-do-mercado-financeiro\\\/#breadcrumb\"},\"inLanguage\":\"pt-BR\",\"potentialAction\":[{\"@type\":\"ReadAction\",\"target\":[\"https:\\\/\\\/energisaprev.com.br\\\/relatorioanual2024\\\/investimento\\\/contexto-do-mercado-financeiro\\\/\"]}]},{\"@type\":\"ImageObject\",\"inLanguage\":\"pt-BR\",\"@id\":\"https:\\\/\\\/energisaprev.com.br\\\/relatorioanual2024\\\/investimento\\\/contexto-do-mercado-financeiro\\\/#primaryimage\",\"url\":\"https:\\\/\\\/energisaprev.com.br\\\/relatorioanual2024\\\/wp-content\\\/uploads\\\/2025\\\/04\\\/capa-contexto-mercado-financeiro.jpg\",\"contentUrl\":\"https:\\\/\\\/energisaprev.com.br\\\/relatorioanual2024\\\/wp-content\\\/uploads\\\/2025\\\/04\\\/capa-contexto-mercado-financeiro.jpg\",\"width\":756,\"height\":300},{\"@type\":\"BreadcrumbList\",\"@id\":\"https:\\\/\\\/energisaprev.com.br\\\/relatorioanual2024\\\/investimento\\\/contexto-do-mercado-financeiro\\\/#breadcrumb\",\"itemListElement\":[{\"@type\":\"ListItem\",\"position\":1,\"name\":\"In\u00edcio\",\"item\":\"https:\\\/\\\/energisaprev.com.br\\\/relatorioanual2024\\\/\"},{\"@type\":\"ListItem\",\"position\":2,\"name\":\"Gest\u00e3o de Investimento\",\"item\":\"https:\\\/\\\/energisaprev.com.br\\\/relatorioanual2024\\\/investimento\\\/\"},{\"@type\":\"ListItem\",\"position\":3,\"name\":\"Contexto Do Mercado Financeiro\"}]},{\"@type\":\"WebSite\",\"@id\":\"https:\\\/\\\/energisaprev.com.br\\\/relatorioanual2024\\\/#website\",\"url\":\"https:\\\/\\\/energisaprev.com.br\\\/relatorioanual2024\\\/\",\"name\":\"Relat\u00f3rio Anual\",\"description\":\"\",\"potentialAction\":[{\"@type\":\"SearchAction\",\"target\":{\"@type\":\"EntryPoint\",\"urlTemplate\":\"https:\\\/\\\/energisaprev.com.br\\\/relatorioanual2024\\\/?s={search_term_string}\"},\"query-input\":{\"@type\":\"PropertyValueSpecification\",\"valueRequired\":true,\"valueName\":\"search_term_string\"}}],\"inLanguage\":\"pt-BR\"}]}<\/script>\n<!-- \/ Yoast SEO plugin. -->","yoast_head_json":{"title":"Contexto Do Mercado Financeiro - Relat\u00f3rio Anual","robots":{"index":"index","follow":"follow","max-snippet":"max-snippet:-1","max-image-preview":"max-image-preview:large","max-video-preview":"max-video-preview:-1"},"canonical":"https:\/\/energisaprev.com.br\/relatorioanual2024\/investimento\/contexto-do-mercado-financeiro\/","og_locale":"pt_BR","og_type":"article","og_title":"Contexto Do Mercado Financeiro - Relat\u00f3rio Anual","og_description":"O principal destaque do cen\u00e1rio econ\u00f4mico global em 2024 foi marcado pela diverg\u00eancia entre as pol\u00edticas monet\u00e1rias das grandes economias, combinada \u00e0 intensa volatilidade gerada por eventos pol\u00edticos. Nos Estados Unidos, a elei\u00e7\u00e3o presidencial com vit\u00f3ria de Donald Trump e a maioria republicana no Congresso resultaram em significativa valoriza\u00e7\u00e3o do d\u00f3lar, refletindo a expectativa por [&hellip;]","og_url":"https:\/\/energisaprev.com.br\/relatorioanual2024\/investimento\/contexto-do-mercado-financeiro\/","og_site_name":"Relat\u00f3rio Anual","article_modified_time":"2025-04-30T08:31:05+00:00","og_image":[{"width":756,"height":300,"url":"https:\/\/energisaprev.com.br\/relatorioanual2024\/wp-content\/uploads\/2025\/04\/capa-contexto-mercado-financeiro.jpg","type":"image\/jpeg"}],"twitter_card":"summary_large_image","twitter_misc":{"Est. tempo de leitura":"3 minutos"},"schema":{"@context":"https:\/\/schema.org","@graph":[{"@type":"WebPage","@id":"https:\/\/energisaprev.com.br\/relatorioanual2024\/investimento\/contexto-do-mercado-financeiro\/","url":"https:\/\/energisaprev.com.br\/relatorioanual2024\/investimento\/contexto-do-mercado-financeiro\/","name":"Contexto Do Mercado Financeiro - Relat\u00f3rio Anual","isPartOf":{"@id":"https:\/\/energisaprev.com.br\/relatorioanual2024\/#website"},"primaryImageOfPage":{"@id":"https:\/\/energisaprev.com.br\/relatorioanual2024\/investimento\/contexto-do-mercado-financeiro\/#primaryimage"},"image":{"@id":"https:\/\/energisaprev.com.br\/relatorioanual2024\/investimento\/contexto-do-mercado-financeiro\/#primaryimage"},"thumbnailUrl":"https:\/\/energisaprev.com.br\/relatorioanual2024\/wp-content\/uploads\/2025\/04\/capa-contexto-mercado-financeiro.jpg","datePublished":"2024-04-29T18:31:35+00:00","dateModified":"2025-04-30T08:31:05+00:00","breadcrumb":{"@id":"https:\/\/energisaprev.com.br\/relatorioanual2024\/investimento\/contexto-do-mercado-financeiro\/#breadcrumb"},"inLanguage":"pt-BR","potentialAction":[{"@type":"ReadAction","target":["https:\/\/energisaprev.com.br\/relatorioanual2024\/investimento\/contexto-do-mercado-financeiro\/"]}]},{"@type":"ImageObject","inLanguage":"pt-BR","@id":"https:\/\/energisaprev.com.br\/relatorioanual2024\/investimento\/contexto-do-mercado-financeiro\/#primaryimage","url":"https:\/\/energisaprev.com.br\/relatorioanual2024\/wp-content\/uploads\/2025\/04\/capa-contexto-mercado-financeiro.jpg","contentUrl":"https:\/\/energisaprev.com.br\/relatorioanual2024\/wp-content\/uploads\/2025\/04\/capa-contexto-mercado-financeiro.jpg","width":756,"height":300},{"@type":"BreadcrumbList","@id":"https:\/\/energisaprev.com.br\/relatorioanual2024\/investimento\/contexto-do-mercado-financeiro\/#breadcrumb","itemListElement":[{"@type":"ListItem","position":1,"name":"In\u00edcio","item":"https:\/\/energisaprev.com.br\/relatorioanual2024\/"},{"@type":"ListItem","position":2,"name":"Gest\u00e3o de Investimento","item":"https:\/\/energisaprev.com.br\/relatorioanual2024\/investimento\/"},{"@type":"ListItem","position":3,"name":"Contexto Do Mercado Financeiro"}]},{"@type":"WebSite","@id":"https:\/\/energisaprev.com.br\/relatorioanual2024\/#website","url":"https:\/\/energisaprev.com.br\/relatorioanual2024\/","name":"Relat\u00f3rio Anual","description":"","potentialAction":[{"@type":"SearchAction","target":{"@type":"EntryPoint","urlTemplate":"https:\/\/energisaprev.com.br\/relatorioanual2024\/?s={search_term_string}"},"query-input":{"@type":"PropertyValueSpecification","valueRequired":true,"valueName":"search_term_string"}}],"inLanguage":"pt-BR"}]}},"_links":{"self":[{"href":"https:\/\/energisaprev.com.br\/relatorioanual2024\/wp-json\/wp\/v2\/pages\/4038","targetHints":{"allow":["GET"]}}],"collection":[{"href":"https:\/\/energisaprev.com.br\/relatorioanual2024\/wp-json\/wp\/v2\/pages"}],"about":[{"href":"https:\/\/energisaprev.com.br\/relatorioanual2024\/wp-json\/wp\/v2\/types\/page"}],"author":[{"embeddable":true,"href":"https:\/\/energisaprev.com.br\/relatorioanual2024\/wp-json\/wp\/v2\/users\/1"}],"replies":[{"embeddable":true,"href":"https:\/\/energisaprev.com.br\/relatorioanual2024\/wp-json\/wp\/v2\/comments?post=4038"}],"version-history":[{"count":13,"href":"https:\/\/energisaprev.com.br\/relatorioanual2024\/wp-json\/wp\/v2\/pages\/4038\/revisions"}],"predecessor-version":[{"id":5182,"href":"https:\/\/energisaprev.com.br\/relatorioanual2024\/wp-json\/wp\/v2\/pages\/4038\/revisions\/5182"}],"up":[{"embeddable":true,"href":"https:\/\/energisaprev.com.br\/relatorioanual2024\/wp-json\/wp\/v2\/pages\/4035"}],"wp:featuredmedia":[{"embeddable":true,"href":"https:\/\/energisaprev.com.br\/relatorioanual2024\/wp-json\/wp\/v2\/media\/4500"}],"wp:attachment":[{"href":"https:\/\/energisaprev.com.br\/relatorioanual2024\/wp-json\/wp\/v2\/media?parent=4038"}],"curies":[{"name":"wp","href":"https:\/\/api.w.org\/{rel}","templated":true}]}}