{"id":2741,"date":"2024-04-09T09:54:21","date_gmt":"2024-04-09T12:54:21","guid":{"rendered":"https:\/\/crtcomunicacao.com.br\/rai_energisa\/?page_id=2741"},"modified":"2025-04-28T12:14:14","modified_gmt":"2025-04-28T15:14:14","slug":"gestao-de-risco","status":"publish","type":"page","link":"https:\/\/energisaprev.com.br\/relatorioanual2024\/institucional\/gestao-de-risco\/","title":{"rendered":"Gest\u00e3o de Risco"},"content":{"rendered":"\t\t<div data-elementor-type=\"wp-page\" data-elementor-id=\"2741\" class=\"elementor elementor-2741\">\n\t\t\t\t\t\t<section data-particle_enable=\"false\" data-particle-mobile-disabled=\"false\" class=\"elementor-section elementor-top-section elementor-element elementor-element-19392a3 elementor-section-boxed elementor-section-height-default elementor-section-height-default\" data-id=\"19392a3\" data-element_type=\"section\" data-e-type=\"section\">\n\t\t\t\t\t\t<div class=\"elementor-container elementor-column-gap-default\">\n\t\t\t\t\t<div class=\"elementor-column elementor-col-100 elementor-top-column elementor-element elementor-element-8698703\" data-id=\"8698703\" data-element_type=\"column\" data-e-type=\"column\">\n\t\t\t<div class=\"elementor-widget-wrap elementor-element-populated\">\n\t\t\t\t\t\t<div class=\"elementor-element elementor-element-1f28b7b elementor-widget elementor-widget-heading\" data-id=\"1f28b7b\" data-element_type=\"widget\" data-e-type=\"widget\" data-widget_type=\"heading.default\">\n\t\t\t\t<div class=\"elementor-widget-container\">\n\t\t\t\t\t<h2 class=\"elementor-heading-title elementor-size-default\">Consolida\u00e7\u00e3o da Gest\u00e3o de Riscos <\/h2>\t\t\t\t<\/div>\n\t\t\t\t<\/div>\n\t\t\t\t<div class=\"elementor-element elementor-element-5d373ca elementor-widget elementor-widget-text-editor\" data-id=\"5d373ca\" data-element_type=\"widget\" data-e-type=\"widget\" data-widget_type=\"text-editor.default\">\n\t\t\t\t<div class=\"elementor-widget-container\">\n\t\t\t\t\t\t\t\t\t<p>Este foi o terceiro ano de efetiva implanta\u00e7\u00e3o do plano de Gest\u00e3o de Riscos, o chamado <strong>Ciclo de Autoavalia\u00e7\u00e3o \u00c1gil<\/strong>. Nele se avalia os resultados do acompanhamento das \u00e1reas que forneceram as informa\u00e7\u00f5es solicitadas. Eles retratam, de forma geral, a evolu\u00e7\u00e3o nos riscos identificados e os controles existentes.<\/p><p>A gest\u00e3o de riscos est\u00e1 entre as prioridades da EnergisaPrev para que possamos fortalecer a governan\u00e7a na Entidade. A medida visa o fortalecimento da Dire\u00e7\u00e3o, que define princ\u00edpios, pap\u00e9is e responsabilidades, de modo que a Entidade cumpra os objetivos estrat\u00e9gicos norteadores da gest\u00e3o.<\/p><p>Com o objetivo de identificar os impactos na EnergisaPrev, s\u00e3o realizados avalia\u00e7\u00f5es e monitoramentos dos riscos que afetam a imagem reputacional e o impacto financeiro da Entidade.<\/p><p>Em 2024, realizamos o segundo ciclo de avalia\u00e7\u00e3o de riscos na entidade, dando sequ\u00eancia ao ciclo conclu\u00eddo em 2022 e 2023. Essas avalia\u00e7\u00f5es foram essenciais para identificar e acompanhar os riscos, permitindo-nos definir planos de a\u00e7\u00e3o com prazos e responsabilidades claras.<\/p><p>A gest\u00e3o de riscos da EnergisaPrev considera em sua tomada de decis\u00e3o alguns conceitos e par\u00e2metros: riscos de falha em processos, riscos provenientes do n\u00e3o pagamento de suas obriga\u00e7\u00f5es assumidas por contrapartes, riscos decorrentes dos ativos, convertendo em dinheiro; riscos de perdas de credibilidade de imagem e impacto financeiro, dentre outros.<\/p><p>A EnergisaPrev \u00e9 apoiada por uma estrutura organizacional mesclada pelo Conselho Deliberativo, Conselho Fiscal e Diretoria Executiva, assessorado pela c\u00e9lula de riscos, com atribui\u00e7\u00f5es e responsabilidades formalizadas e em conformidade com as normas em vigor da Entidade.<\/p><p>Em 2024, foram desenhados 113 processos nas \u00e1reas de\u00a0<strong>Seguridade, Administrativo, Empr\u00e9stimos, Tecnologia da Informa\u00e7\u00e3o, GJRC, SAC, Gest\u00e3o de Pessoas<\/strong>, al\u00e9m da conclus\u00e3o dos processos das \u00e1reas de\u00a0<strong>Investimentos<\/strong>\u00a0e\u00a0<strong>Comunica\u00e7\u00e3o<\/strong>, com a participa\u00e7\u00e3o de 25 (vinte e cinco) colaboradores respons\u00e1veis e correspons\u00e1veis pelas atividades e controles.\u00a0<\/p>\t\t\t\t\t\t\t\t<\/div>\n\t\t\t\t<\/div>\n\t\t\t\t\t<\/div>\n\t\t<\/div>\n\t\t\t\t\t<\/div>\n\t\t<\/section>\n\t\t\t\t<section data-particle_enable=\"false\" data-particle-mobile-disabled=\"false\" class=\"elementor-section elementor-top-section elementor-element elementor-element-5b0e925 elementor-section-boxed elementor-section-height-default elementor-section-height-default\" data-id=\"5b0e925\" data-element_type=\"section\" data-e-type=\"section\">\n\t\t\t\t\t\t<div class=\"elementor-container elementor-column-gap-default\">\n\t\t\t\t\t<div class=\"elementor-column elementor-col-100 elementor-top-column elementor-element elementor-element-32839a8\" data-id=\"32839a8\" data-element_type=\"column\" data-e-type=\"column\">\n\t\t\t<div class=\"elementor-widget-wrap elementor-element-populated\">\n\t\t\t\t\t\t<div class=\"elementor-element elementor-element-f3292f3 elementor-widget elementor-widget-heading\" data-id=\"f3292f3\" data-element_type=\"widget\" data-e-type=\"widget\" data-widget_type=\"heading.default\">\n\t\t\t\t<div class=\"elementor-widget-container\">\n\t\t\t\t\t<h2 class=\"elementor-heading-title elementor-size-default\">Fortalecer a Governan\u00e7a e a Integridade<\/h2>\t\t\t\t<\/div>\n\t\t\t\t<\/div>\n\t\t\t\t<div class=\"elementor-element elementor-element-331a31e elementor-widget elementor-widget-text-editor\" data-id=\"331a31e\" data-element_type=\"widget\" data-e-type=\"widget\" data-widget_type=\"text-editor.default\">\n\t\t\t\t<div class=\"elementor-widget-container\">\n\t\t\t\t\t\t\t\t\t<p>Em rela\u00e7\u00e3o ao pilar de Compliance, tem o objetivo de prevenir, detectar e corrigir qualquer desvio \u00e9tico e blindar a Entidade de eventuais pr\u00e1ticas il\u00edcitas e irregularidades. E ainda, com as novas rotinas e regras de conformidade, para avaliar o cumprimento dos normativos internos. As medidas visam resguardar o patrim\u00f4nio da EnergisaPrev, proteger sua reputa\u00e7\u00e3o e minimizar riscos \u00e0 Entidade.<\/p><p>Para fortalecer as pr\u00e1ticas de governan\u00e7a e de integridade na EnergisaPrev, as a\u00e7\u00f5es internas e a elabora\u00e7\u00e3o dos normativos internos, s\u00e3o desenvolvidos a partir do guia de boas pr\u00e1ticas da Associa\u00e7\u00e3o Brasileira das Entidades Fechadas de Previd\u00eancia Complementar (Abrapp) e sob o assessoramento da nossa \u00e1rea de Compliance e Jur\u00eddica.<\/p>\t\t\t\t\t\t\t\t<\/div>\n\t\t\t\t<\/div>\n\t\t\t\t\t<\/div>\n\t\t<\/div>\n\t\t\t\t\t<\/div>\n\t\t<\/section>\n\t\t\t\t<section data-particle_enable=\"false\" data-particle-mobile-disabled=\"false\" class=\"elementor-section elementor-top-section elementor-element elementor-element-a2ac689 elementor-section-boxed elementor-section-height-default elementor-section-height-default\" data-id=\"a2ac689\" data-element_type=\"section\" data-e-type=\"section\">\n\t\t\t\t\t\t<div class=\"elementor-container elementor-column-gap-default\">\n\t\t\t\t\t<div class=\"elementor-column elementor-col-100 elementor-top-column elementor-element elementor-element-d3ec595\" data-id=\"d3ec595\" data-element_type=\"column\" data-e-type=\"column\">\n\t\t\t<div class=\"elementor-widget-wrap elementor-element-populated\">\n\t\t\t\t\t\t<div class=\"elementor-element elementor-element-d568f74 elementor-widget elementor-widget-heading\" data-id=\"d568f74\" data-element_type=\"widget\" data-e-type=\"widget\" data-widget_type=\"heading.default\">\n\t\t\t\t<div class=\"elementor-widget-container\">\n\t\t\t\t\t<h2 class=\"elementor-heading-title elementor-size-default\">A exist\u00eancia do Escrit\u00f3rio de Projetos<\/h2>\t\t\t\t<\/div>\n\t\t\t\t<\/div>\n\t\t\t\t<div class=\"elementor-element elementor-element-3666646 elementor-widget elementor-widget-text-editor\" data-id=\"3666646\" data-element_type=\"widget\" data-e-type=\"widget\" data-widget_type=\"text-editor.default\">\n\t\t\t\t<div class=\"elementor-widget-container\">\n\t\t\t\t\t\t\t\t\t<p>E por fim, devemos enfatizar a exist\u00eancia do Escrit\u00f3rio de Projetos, o qual passa a ser o respons\u00e1vel pelo gerenciamento de todos os projetos, buscando melhorar a efici\u00eancia dos processos relativos a seus gerenciamentos, conforme prioridades e defini\u00e7\u00f5es constantes no plano estrat\u00e9gico da Entidade.<\/p>\t\t\t\t\t\t\t\t<\/div>\n\t\t\t\t<\/div>\n\t\t\t\t\t<\/div>\n\t\t<\/div>\n\t\t\t\t\t<\/div>\n\t\t<\/section>\n\t\t\t\t<section data-particle_enable=\"false\" data-particle-mobile-disabled=\"false\" class=\"elementor-section elementor-top-section elementor-element elementor-element-6e33869 elementor-section-boxed elementor-section-height-default elementor-section-height-default\" data-id=\"6e33869\" data-element_type=\"section\" data-e-type=\"section\">\n\t\t\t\t\t\t<div class=\"elementor-container elementor-column-gap-default\">\n\t\t\t\t\t<div class=\"elementor-column elementor-col-100 elementor-top-column elementor-element elementor-element-2c1b5ea\" data-id=\"2c1b5ea\" data-element_type=\"column\" data-e-type=\"column\">\n\t\t\t<div class=\"elementor-widget-wrap elementor-element-populated\">\n\t\t\t\t\t\t<div class=\"elementor-element elementor-element-369d0ee elementor-widget elementor-widget-heading\" data-id=\"369d0ee\" data-element_type=\"widget\" data-e-type=\"widget\" data-widget_type=\"heading.default\">\n\t\t\t\t<div class=\"elementor-widget-container\">\n\t\t\t\t\t<h2 class=\"elementor-heading-title elementor-size-default\">Not\u00edcias da LGPD <\/h2>\t\t\t\t<\/div>\n\t\t\t\t<\/div>\n\t\t\t\t<div class=\"elementor-element elementor-element-af9f7a5 elementor-widget elementor-widget-text-editor\" data-id=\"af9f7a5\" data-element_type=\"widget\" data-e-type=\"widget\" data-widget_type=\"text-editor.default\">\n\t\t\t\t<div class=\"elementor-widget-container\">\n\t\t\t\t\t\t\t\t\t<p>A EnergisaPrev, se preocupa com a adequa\u00e7\u00e3o \u00e0s obriga\u00e7\u00f5es originadas pela LGPD, o novo marco legal sobre prote\u00e7\u00e3o de dados pessoais, busca oferecer mais seguran\u00e7a e transpar\u00eancia em nossos servi\u00e7os e aos nossos clientes.<\/p><p>A seguran\u00e7a da informa\u00e7\u00e3o e a prote\u00e7\u00e3o de dados s\u00e3o tratadas como prioridade na EnergisaPrev. Com a entrada em vigor da Lei Geral de Prote\u00e7\u00e3o de Dados (LGPD), refor\u00e7amos nossas a\u00e7\u00f5es para garantir a seguran\u00e7a dos processos e as informa\u00e7\u00f5es que devemos tratar diariamente, em especial os dados pessoais dos nossos clientes, prestadores de servi\u00e7os, colaboradores e dentre outros.<\/p><p>Em 2024 o objetivo foi disseminar conhecimento e fortalecer a cultura de seguran\u00e7a da informa\u00e7\u00e3o e privacidade entre os colaboradores, com a realiza\u00e7\u00e3o de treinamento e disponibilidade das p\u00edlulas do conhecimento. Foi realizada a revis\u00e3o do mapeamento dos processos da EnergisaPrev, no que tange \u00e0 prote\u00e7\u00e3o de dados pessoais \u00e0 luz da LGPD.<\/p>\t\t\t\t\t\t\t\t<\/div>\n\t\t\t\t<\/div>\n\t\t\t\t\t<\/div>\n\t\t<\/div>\n\t\t\t\t\t<\/div>\n\t\t<\/section>\n\t\t\t\t<\/div>\n\t\t","protected":false},"excerpt":{"rendered":"<p>Consolida\u00e7\u00e3o da Gest\u00e3o de Riscos Este foi o terceiro ano de efetiva implanta\u00e7\u00e3o do plano de Gest\u00e3o de Riscos, o chamado Ciclo de Autoavalia\u00e7\u00e3o \u00c1gil. Nele se avalia os resultados do acompanhamento das \u00e1reas que forneceram as informa\u00e7\u00f5es solicitadas. Eles retratam, de forma geral, a evolu\u00e7\u00e3o nos riscos identificados e os controles existentes. A gest\u00e3o [&hellip;]<\/p>\n","protected":false},"author":1,"featured_media":4516,"parent":184,"menu_order":0,"comment_status":"closed","ping_status":"closed","template":"","meta":{"footnotes":""},"class_list":["post-2741","page","type-page","status-publish","has-post-thumbnail","hentry"],"acf":[],"yoast_head":"<!-- This site is optimized with the Yoast SEO plugin v27.4 - https:\/\/yoast.com\/product\/yoast-seo-wordpress\/ -->\n<title>Gest\u00e3o de Risco - Relat\u00f3rio Anual<\/title>\n<meta name=\"robots\" content=\"index, follow, max-snippet:-1, max-image-preview:large, max-video-preview:-1\" \/>\n<link rel=\"canonical\" href=\"https:\/\/energisaprev.com.br\/relatorioanual2024\/institucional\/gestao-de-risco\/\" \/>\n<meta property=\"og:locale\" content=\"pt_BR\" \/>\n<meta property=\"og:type\" content=\"article\" \/>\n<meta property=\"og:title\" content=\"Gest\u00e3o de Risco - Relat\u00f3rio Anual\" \/>\n<meta property=\"og:description\" content=\"Consolida\u00e7\u00e3o da Gest\u00e3o de Riscos Este foi o terceiro ano de efetiva implanta\u00e7\u00e3o do plano de Gest\u00e3o de Riscos, o chamado Ciclo de Autoavalia\u00e7\u00e3o \u00c1gil. Nele se avalia os resultados do acompanhamento das \u00e1reas que forneceram as informa\u00e7\u00f5es solicitadas. Eles retratam, de forma geral, a evolu\u00e7\u00e3o nos riscos identificados e os controles existentes. A gest\u00e3o [&hellip;]\" \/>\n<meta property=\"og:url\" content=\"https:\/\/energisaprev.com.br\/relatorioanual2024\/institucional\/gestao-de-risco\/\" \/>\n<meta property=\"og:site_name\" content=\"Relat\u00f3rio Anual\" \/>\n<meta property=\"article:modified_time\" content=\"2025-04-28T15:14:14+00:00\" \/>\n<meta property=\"og:image\" content=\"https:\/\/energisaprev.com.br\/relatorioanual2024\/wp-content\/uploads\/2025\/04\/capa-gestao-de-risco.jpg\" \/>\n\t<meta property=\"og:image:width\" content=\"756\" \/>\n\t<meta property=\"og:image:height\" content=\"300\" \/>\n\t<meta property=\"og:image:type\" content=\"image\/jpeg\" \/>\n<meta name=\"twitter:card\" content=\"summary_large_image\" \/>\n<meta name=\"twitter:label1\" content=\"Est. tempo de leitura\" \/>\n\t<meta name=\"twitter:data1\" content=\"4 minutos\" \/>\n<script type=\"application\/ld+json\" class=\"yoast-schema-graph\">{\"@context\":\"https:\\\/\\\/schema.org\",\"@graph\":[{\"@type\":\"WebPage\",\"@id\":\"https:\\\/\\\/energisaprev.com.br\\\/relatorioanual2024\\\/institucional\\\/gestao-de-risco\\\/\",\"url\":\"https:\\\/\\\/energisaprev.com.br\\\/relatorioanual2024\\\/institucional\\\/gestao-de-risco\\\/\",\"name\":\"Gest\u00e3o de Risco - Relat\u00f3rio Anual\",\"isPartOf\":{\"@id\":\"https:\\\/\\\/energisaprev.com.br\\\/relatorioanual2024\\\/#website\"},\"primaryImageOfPage\":{\"@id\":\"https:\\\/\\\/energisaprev.com.br\\\/relatorioanual2024\\\/institucional\\\/gestao-de-risco\\\/#primaryimage\"},\"image\":{\"@id\":\"https:\\\/\\\/energisaprev.com.br\\\/relatorioanual2024\\\/institucional\\\/gestao-de-risco\\\/#primaryimage\"},\"thumbnailUrl\":\"https:\\\/\\\/energisaprev.com.br\\\/relatorioanual2024\\\/wp-content\\\/uploads\\\/2025\\\/04\\\/capa-gestao-de-risco.jpg\",\"datePublished\":\"2024-04-09T12:54:21+00:00\",\"dateModified\":\"2025-04-28T15:14:14+00:00\",\"breadcrumb\":{\"@id\":\"https:\\\/\\\/energisaprev.com.br\\\/relatorioanual2024\\\/institucional\\\/gestao-de-risco\\\/#breadcrumb\"},\"inLanguage\":\"pt-BR\",\"potentialAction\":[{\"@type\":\"ReadAction\",\"target\":[\"https:\\\/\\\/energisaprev.com.br\\\/relatorioanual2024\\\/institucional\\\/gestao-de-risco\\\/\"]}]},{\"@type\":\"ImageObject\",\"inLanguage\":\"pt-BR\",\"@id\":\"https:\\\/\\\/energisaprev.com.br\\\/relatorioanual2024\\\/institucional\\\/gestao-de-risco\\\/#primaryimage\",\"url\":\"https:\\\/\\\/energisaprev.com.br\\\/relatorioanual2024\\\/wp-content\\\/uploads\\\/2025\\\/04\\\/capa-gestao-de-risco.jpg\",\"contentUrl\":\"https:\\\/\\\/energisaprev.com.br\\\/relatorioanual2024\\\/wp-content\\\/uploads\\\/2025\\\/04\\\/capa-gestao-de-risco.jpg\",\"width\":756,\"height\":300},{\"@type\":\"BreadcrumbList\",\"@id\":\"https:\\\/\\\/energisaprev.com.br\\\/relatorioanual2024\\\/institucional\\\/gestao-de-risco\\\/#breadcrumb\",\"itemListElement\":[{\"@type\":\"ListItem\",\"position\":1,\"name\":\"In\u00edcio\",\"item\":\"https:\\\/\\\/energisaprev.com.br\\\/relatorioanual2024\\\/\"},{\"@type\":\"ListItem\",\"position\":2,\"name\":\"Institucional\",\"item\":\"https:\\\/\\\/energisaprev.com.br\\\/relatorioanual2024\\\/institucional\\\/\"},{\"@type\":\"ListItem\",\"position\":3,\"name\":\"Gest\u00e3o de Risco\"}]},{\"@type\":\"WebSite\",\"@id\":\"https:\\\/\\\/energisaprev.com.br\\\/relatorioanual2024\\\/#website\",\"url\":\"https:\\\/\\\/energisaprev.com.br\\\/relatorioanual2024\\\/\",\"name\":\"Relat\u00f3rio Anual\",\"description\":\"\",\"potentialAction\":[{\"@type\":\"SearchAction\",\"target\":{\"@type\":\"EntryPoint\",\"urlTemplate\":\"https:\\\/\\\/energisaprev.com.br\\\/relatorioanual2024\\\/?s={search_term_string}\"},\"query-input\":{\"@type\":\"PropertyValueSpecification\",\"valueRequired\":true,\"valueName\":\"search_term_string\"}}],\"inLanguage\":\"pt-BR\"}]}<\/script>\n<!-- \/ Yoast SEO plugin. -->","yoast_head_json":{"title":"Gest\u00e3o de Risco - Relat\u00f3rio Anual","robots":{"index":"index","follow":"follow","max-snippet":"max-snippet:-1","max-image-preview":"max-image-preview:large","max-video-preview":"max-video-preview:-1"},"canonical":"https:\/\/energisaprev.com.br\/relatorioanual2024\/institucional\/gestao-de-risco\/","og_locale":"pt_BR","og_type":"article","og_title":"Gest\u00e3o de Risco - Relat\u00f3rio Anual","og_description":"Consolida\u00e7\u00e3o da Gest\u00e3o de Riscos Este foi o terceiro ano de efetiva implanta\u00e7\u00e3o do plano de Gest\u00e3o de Riscos, o chamado Ciclo de Autoavalia\u00e7\u00e3o \u00c1gil. Nele se avalia os resultados do acompanhamento das \u00e1reas que forneceram as informa\u00e7\u00f5es solicitadas. Eles retratam, de forma geral, a evolu\u00e7\u00e3o nos riscos identificados e os controles existentes. A gest\u00e3o [&hellip;]","og_url":"https:\/\/energisaprev.com.br\/relatorioanual2024\/institucional\/gestao-de-risco\/","og_site_name":"Relat\u00f3rio Anual","article_modified_time":"2025-04-28T15:14:14+00:00","og_image":[{"width":756,"height":300,"url":"https:\/\/energisaprev.com.br\/relatorioanual2024\/wp-content\/uploads\/2025\/04\/capa-gestao-de-risco.jpg","type":"image\/jpeg"}],"twitter_card":"summary_large_image","twitter_misc":{"Est. tempo de leitura":"4 minutos"},"schema":{"@context":"https:\/\/schema.org","@graph":[{"@type":"WebPage","@id":"https:\/\/energisaprev.com.br\/relatorioanual2024\/institucional\/gestao-de-risco\/","url":"https:\/\/energisaprev.com.br\/relatorioanual2024\/institucional\/gestao-de-risco\/","name":"Gest\u00e3o de Risco - Relat\u00f3rio Anual","isPartOf":{"@id":"https:\/\/energisaprev.com.br\/relatorioanual2024\/#website"},"primaryImageOfPage":{"@id":"https:\/\/energisaprev.com.br\/relatorioanual2024\/institucional\/gestao-de-risco\/#primaryimage"},"image":{"@id":"https:\/\/energisaprev.com.br\/relatorioanual2024\/institucional\/gestao-de-risco\/#primaryimage"},"thumbnailUrl":"https:\/\/energisaprev.com.br\/relatorioanual2024\/wp-content\/uploads\/2025\/04\/capa-gestao-de-risco.jpg","datePublished":"2024-04-09T12:54:21+00:00","dateModified":"2025-04-28T15:14:14+00:00","breadcrumb":{"@id":"https:\/\/energisaprev.com.br\/relatorioanual2024\/institucional\/gestao-de-risco\/#breadcrumb"},"inLanguage":"pt-BR","potentialAction":[{"@type":"ReadAction","target":["https:\/\/energisaprev.com.br\/relatorioanual2024\/institucional\/gestao-de-risco\/"]}]},{"@type":"ImageObject","inLanguage":"pt-BR","@id":"https:\/\/energisaprev.com.br\/relatorioanual2024\/institucional\/gestao-de-risco\/#primaryimage","url":"https:\/\/energisaprev.com.br\/relatorioanual2024\/wp-content\/uploads\/2025\/04\/capa-gestao-de-risco.jpg","contentUrl":"https:\/\/energisaprev.com.br\/relatorioanual2024\/wp-content\/uploads\/2025\/04\/capa-gestao-de-risco.jpg","width":756,"height":300},{"@type":"BreadcrumbList","@id":"https:\/\/energisaprev.com.br\/relatorioanual2024\/institucional\/gestao-de-risco\/#breadcrumb","itemListElement":[{"@type":"ListItem","position":1,"name":"In\u00edcio","item":"https:\/\/energisaprev.com.br\/relatorioanual2024\/"},{"@type":"ListItem","position":2,"name":"Institucional","item":"https:\/\/energisaprev.com.br\/relatorioanual2024\/institucional\/"},{"@type":"ListItem","position":3,"name":"Gest\u00e3o de Risco"}]},{"@type":"WebSite","@id":"https:\/\/energisaprev.com.br\/relatorioanual2024\/#website","url":"https:\/\/energisaprev.com.br\/relatorioanual2024\/","name":"Relat\u00f3rio Anual","description":"","potentialAction":[{"@type":"SearchAction","target":{"@type":"EntryPoint","urlTemplate":"https:\/\/energisaprev.com.br\/relatorioanual2024\/?s={search_term_string}"},"query-input":{"@type":"PropertyValueSpecification","valueRequired":true,"valueName":"search_term_string"}}],"inLanguage":"pt-BR"}]}},"_links":{"self":[{"href":"https:\/\/energisaprev.com.br\/relatorioanual2024\/wp-json\/wp\/v2\/pages\/2741","targetHints":{"allow":["GET"]}}],"collection":[{"href":"https:\/\/energisaprev.com.br\/relatorioanual2024\/wp-json\/wp\/v2\/pages"}],"about":[{"href":"https:\/\/energisaprev.com.br\/relatorioanual2024\/wp-json\/wp\/v2\/types\/page"}],"author":[{"embeddable":true,"href":"https:\/\/energisaprev.com.br\/relatorioanual2024\/wp-json\/wp\/v2\/users\/1"}],"replies":[{"embeddable":true,"href":"https:\/\/energisaprev.com.br\/relatorioanual2024\/wp-json\/wp\/v2\/comments?post=2741"}],"version-history":[{"count":4,"href":"https:\/\/energisaprev.com.br\/relatorioanual2024\/wp-json\/wp\/v2\/pages\/2741\/revisions"}],"predecessor-version":[{"id":4521,"href":"https:\/\/energisaprev.com.br\/relatorioanual2024\/wp-json\/wp\/v2\/pages\/2741\/revisions\/4521"}],"up":[{"embeddable":true,"href":"https:\/\/energisaprev.com.br\/relatorioanual2024\/wp-json\/wp\/v2\/pages\/184"}],"wp:featuredmedia":[{"embeddable":true,"href":"https:\/\/energisaprev.com.br\/relatorioanual2024\/wp-json\/wp\/v2\/media\/4516"}],"wp:attachment":[{"href":"https:\/\/energisaprev.com.br\/relatorioanual2024\/wp-json\/wp\/v2\/media?parent=2741"}],"curies":[{"name":"wp","href":"https:\/\/api.w.org\/{rel}","templated":true}]}}