{"id":2071,"date":"2024-04-04T14:43:33","date_gmt":"2024-04-04T17:43:33","guid":{"rendered":"https:\/\/crtcomunicacao.com.br\/rai_energisa\/?page_id=2071"},"modified":"2025-05-12T09:36:19","modified_gmt":"2025-05-12T12:36:19","slug":"contribuicao","status":"publish","type":"page","link":"https:\/\/energisaprev.com.br\/relatorioanual2024\/previdencia\/contribuicao\/","title":{"rendered":"Contribui\u00e7\u00e3o"},"content":{"rendered":"\t\t<div data-elementor-type=\"wp-page\" data-elementor-id=\"2071\" class=\"elementor elementor-2071\">\n\t\t\t\t\t\t<section data-particle_enable=\"false\" data-particle-mobile-disabled=\"false\" class=\"elementor-section elementor-top-section elementor-element elementor-element-dacd686 elementor-section-boxed elementor-section-height-default elementor-section-height-default\" data-id=\"dacd686\" data-element_type=\"section\" data-e-type=\"section\">\n\t\t\t\t\t\t<div class=\"elementor-container elementor-column-gap-default\">\n\t\t\t\t\t<div class=\"elementor-column elementor-col-100 elementor-top-column elementor-element elementor-element-cb95051\" data-id=\"cb95051\" data-element_type=\"column\" data-e-type=\"column\">\n\t\t\t<div class=\"elementor-widget-wrap elementor-element-populated\">\n\t\t\t\t\t\t<div class=\"elementor-element elementor-element-f131ee6 elementor-widget elementor-widget-text-editor\" data-id=\"f131ee6\" data-element_type=\"widget\" data-e-type=\"widget\" data-widget_type=\"text-editor.default\">\n\t\t\t\t<div class=\"elementor-widget-container\">\n\t\t\t\t\t\t\t\t\t<p>A an\u00e1lise comparativa das contribui\u00e7\u00f5es de 2023 e 2024 revela um panorama detalhado das varia\u00e7\u00f5es nas diferentes categorias de contribui\u00e7\u00f5es recebidas pela EnergisaPrev. Observa-se um aumento geral nas contribui\u00e7\u00f5es normais, adicionais e espor\u00e1dicas, tanto dos participantes quanto dos patrocinadores, o que indica uma maior ades\u00e3o e confian\u00e7a dos participantes nos planos oferecidos pela Funda\u00e7\u00e3o.<\/p>\t\t\t\t\t\t\t\t<\/div>\n\t\t\t\t<\/div>\n\t\t\t\t<div class=\"elementor-element elementor-element-23590df td-min-width elementor-widget elementor-widget-html\" data-id=\"23590df\" data-element_type=\"widget\" data-e-type=\"widget\" data-widget_type=\"html.default\">\n\t\t\t\t<div class=\"elementor-widget-container\">\n\t\t\t\t\t<div class=\"overflow-auto table_capsulediv\">\r\n    <table class=\"table padrao_table\">\r\n        <thead>\r\n            <tr>\r\n                <th colspan=\"18\">CONTRIBUI\u00c7\u00d5ES RECEBIDAS - ACUMULADO <\/th>\r\n            <\/tr>\r\n        <\/thead>\r\n        <tbody>\r\n            <tr>\r\n                <td>CONTRIBUI\u00c7\u00d5ES E CUSTEIO ADM PREVIDENCIAL<\/td>\r\n                <td>Energisa CD<\/td>\r\n                <td>Sudeste<\/td>\r\n                <td>Cemat BDI<\/td>\r\n                <td>Cemat OP<\/td>\r\n                <td>El\u00e9tricas BDI<\/td>\r\n                <td>El\u00e9tricas OP<\/td>\r\n                <td>Plano I<\/td>\r\n                <td>Plano II<\/td>\r\n                <td>Funasa CD<\/td>\r\n                <td>Plano  Risco<\/td>\r\n                <td>Funasa BD<\/td>\r\n                <td>Funasa  Saldado<\/td>\r\n                <td>Sergipe CD<\/td>\r\n                <td>Sergipe  Saldado<\/td>\r\n                <td>Assistencial<\/td>\r\n                <td>2024<\/td>\r\n                <td>2023<\/td>\r\n            <\/tr>\r\n            <tr>\r\n                <td>Participantes<\/td>\r\n                <td><\/td>\r\n                <td><\/td>\r\n                <td><\/td>\r\n                <td><\/td>\r\n                <td><\/td>\r\n                <td><\/td>\r\n                <td><\/td>\r\n                <td><\/td>\r\n                <td><\/td>\r\n                <td><\/td>\r\n                <td><\/td>\r\n                <td><\/td>\r\n                <td><\/td>\r\n                <td><\/td>\r\n                <td><\/td>\r\n                <td><\/td>\r\n                <td><\/td>\r\n            <\/tr>\r\n            <tr>\r\n                <td>Normal e Adicional<\/td>\r\n                <td>34.912<\/td>\r\n                <td>5.343<\/td>\r\n                <td><\/td>\r\n                <td>98<\/td>\r\n                <td><\/td>\r\n                <td>137<\/td>\r\n                <td>68<\/td>\r\n                <td>40<\/td>\r\n                <td>8<\/td>\r\n                <td><\/td>\r\n                <td>651<\/td>\r\n                <td><\/td>\r\n                <td>4<\/td>\r\n                <td><\/td>\r\n                <td><\/td>\r\n                <td>41.261<\/td>\r\n                <td>36.590<\/td>\r\n            <\/tr>\r\n            <tr>\r\n                <td>Espor\u00e1dica<\/td>\r\n                <td>203<\/td>\r\n                <td>184<\/td>\r\n                <td> - <\/td>\r\n                <td> - <\/td>\r\n                <td> - <\/td>\r\n                <td> - <\/td>\r\n                <td> - <\/td>\r\n                <td> - <\/td>\r\n                <td> - <\/td>\r\n                <td> - <\/td>\r\n                <td> - <\/td>\r\n                <td> - <\/td>\r\n                <td> - <\/td>\r\n                <td> - <\/td>\r\n                <td> - <\/td>\r\n                <td>387<\/td>\r\n                <td>240<\/td>\r\n            <\/tr>\r\n            <tr>\r\n                <td>Extraordin\u00e1ria<\/td>\r\n                <td>532<\/td>\r\n                <td> - <\/td>\r\n                <td>75<\/td>\r\n                <td> - <\/td>\r\n                <td>303<\/td>\r\n                <td>152<\/td>\r\n                <td> - <\/td>\r\n                <td> - <\/td>\r\n                <td> - <\/td>\r\n                <td>13<\/td>\r\n                <td>769<\/td>\r\n                <td> - <\/td>\r\n                <td> - <\/td>\r\n                <td> - <\/td>\r\n                <td> - <\/td>\r\n                <td>1.844<\/td>\r\n                <td>1.973<\/td>\r\n            <\/tr>\r\n            <tr>\r\n                <td>Portabilidade<\/td>\r\n                <td>293<\/td>\r\n                <td> - <\/td>\r\n                <td> - <\/td>\r\n                <td> - <\/td>\r\n                <td> - <\/td>\r\n                <td> - <\/td>\r\n                <td> - <\/td>\r\n                <td> - <\/td>\r\n                <td> - <\/td>\r\n                <td> - <\/td>\r\n                <td> - <\/td>\r\n                <td> - <\/td>\r\n                <td> - <\/td>\r\n                <td> - <\/td>\r\n                <td> - <\/td>\r\n                <td>293<\/td>\r\n                <td>279<\/td>\r\n            <\/tr>\r\n            <tr>\r\n                <td>Administrativas<\/td>\r\n                <td>1.683<\/td>\r\n                <td>84<\/td>\r\n                <td>92<\/td>\r\n                <td>169<\/td>\r\n                <td>169<\/td>\r\n                <td>43<\/td>\r\n                <td>260<\/td>\r\n                <td>63<\/td>\r\n                <td>19<\/td>\r\n                <td>73<\/td>\r\n                <td>837<\/td>\r\n                <td> - <\/td>\r\n                <td>90<\/td>\r\n                <td> - <\/td>\r\n                <td>132<\/td>\r\n                <td>3.714<\/td>\r\n                <td>3.150<\/td>\r\n            <\/tr>\r\n            <tr>\r\n                <td>Total<\/td>\r\n                <td>37.623<\/td>\r\n                <td>5.611<\/td>\r\n                <td>167<\/td>\r\n                <td>267<\/td>\r\n                <td>472<\/td>\r\n                <td>332<\/td>\r\n                <td>328<\/td>\r\n                <td>103<\/td>\r\n                <td>27<\/td>\r\n                <td>86<\/td>\r\n                <td>2.257<\/td>\r\n                <td>0<\/td>\r\n                <td>94<\/td>\r\n                <td>0<\/td>\r\n                <td>132<\/td>\r\n                <td>47.499<\/td>\r\n                <td>42.232<\/td>\r\n            <\/tr>\r\n            <tr>\r\n                <td>Patrocinador<\/td>\r\n                <td><\/td>\r\n                <td><\/td>\r\n                <td><\/td>\r\n                <td><\/td>\r\n                <td><\/td>\r\n                <td><\/td>\r\n                <td><\/td>\r\n                <td><\/td>\r\n                <td><\/td>\r\n                <td><\/td>\r\n                <td><\/td>\r\n                <td><\/td>\r\n                <td><\/td>\r\n                <td><\/td>\r\n                <td><\/td>\r\n                <td><\/td>\r\n                <td><\/td>\r\n            <\/tr>\r\n            <tr>\r\n                <td>Patrocinador<\/td>\r\n                <td>31.767<\/td>\r\n                <td>5.329<\/td>\r\n                <td><\/td>\r\n                <td>10<\/td>\r\n                <td><\/td>\r\n                <td>14<\/td>\r\n                <td><\/td>\r\n                <td>22<\/td>\r\n                <td>5<\/td>\r\n                <td>74<\/td>\r\n                <td>8<\/td>\r\n                <td><\/td>\r\n                <td><\/td>\r\n                <td>0<\/td>\r\n                <td><\/td>\r\n                <td>37.228<\/td>\r\n                <td>32.542<\/td>\r\n            <\/tr>\r\n            <tr>\r\n                <td>Contribui\u00e7\u00e3o Extraord<\/td>\r\n                <td>532<\/td>\r\n                <td><\/td>\r\n                <td><\/td>\r\n                <td><\/td>\r\n                <td><\/td>\r\n                <td><\/td>\r\n                <td><\/td>\r\n                <td><\/td>\r\n                <td><\/td>\r\n                <td><\/td>\r\n                <td><\/td>\r\n                <td><\/td>\r\n                <td><\/td>\r\n                <td><\/td>\r\n                <td><\/td>\r\n                <td>532<\/td>\r\n                <td>713<\/td>\r\n            <\/tr>\r\n            <tr>\r\n                <td>Contribui\u00e7\u00e3o Esper\u00e1dica <\/td>\r\n                <td><\/td>\r\n                <td>184<\/td>\r\n                <td><\/td>\r\n                <td><\/td>\r\n                <td><\/td>\r\n                <td><\/td>\r\n                <td><\/td>\r\n                <td><\/td>\r\n                <td><\/td>\r\n                <td><\/td>\r\n                <td><\/td>\r\n                <td><\/td>\r\n                <td><\/td>\r\n                <td><\/td>\r\n                <td><\/td>\r\n                <td>184<\/td>\r\n                <td>79<\/td>\r\n            <\/tr>\r\n            <tr>\r\n                <td>Administrativas<\/td>\r\n                <td>5.952<\/td>\r\n                <td>268<\/td>\r\n                <td><\/td>\r\n                <td>53<\/td>\r\n                <td><\/td>\r\n                <td>31<\/td>\r\n                <td><\/td>\r\n                <td>61<\/td>\r\n                <td>21<\/td>\r\n                <td>78<\/td>\r\n                <td>10<\/td>\r\n                <td>240<\/td>\r\n                <td><\/td>\r\n                <td>336<\/td>\r\n                <td><\/td>\r\n                <td>7.051<\/td>\r\n                <td>6.785<\/td>\r\n            <\/tr>\r\n            <tr>\r\n                <td>Patrocinador<\/td>\r\n                <td>38.251<\/td>\r\n                <td>5.781<\/td>\r\n                <td>0<\/td>\r\n                <td>63<\/td>\r\n                <td>0<\/td>\r\n                <td>44<\/td>\r\n                <td>0<\/td>\r\n                <td>83<\/td>\r\n                <td>26<\/td>\r\n                <td>151<\/td>\r\n                <td>19<\/td>\r\n                <td>240<\/td>\r\n                <td>0<\/td>\r\n                <td>336<\/td>\r\n                <td>0<\/td>\r\n                <td>44.994<\/td>\r\n                <td>40.119<\/td>\r\n            <\/tr>\r\n            <tr>\r\n                <td>Total Particpante  e Total Patrocinador <\/td>\r\n                <td>75.874<\/td>\r\n                <td>11.392<\/td>\r\n                <td>167<\/td>\r\n                <td>330<\/td>\r\n                <td>472<\/td>\r\n                <td>376<\/td>\r\n                <td>328<\/td>\r\n                <td>186<\/td>\r\n                <td>53<\/td>\r\n                <td>237<\/td>\r\n                <td>2.276<\/td>\r\n                <td>240<\/td>\r\n                <td>94<\/td>\r\n                <td>336<\/td>\r\n                <td>132<\/td>\r\n                <td>92.493<\/td>\r\n                <td>82.351<\/td>\r\n            <\/tr>\r\n            <tr>\r\n                <td>OP Contratadas<\/td>\r\n                <td>11.407<\/td>\r\n                <td><\/td>\r\n                <td><\/td>\r\n                <td><\/td>\r\n                <td>206<\/td>\r\n                <td>52<\/td>\r\n                <td><\/td>\r\n                <td><\/td>\r\n                <td><\/td>\r\n                <td>1.379<\/td>\r\n                <td>6.875<\/td>\r\n                <td>207<\/td>\r\n                <td>276<\/td>\r\n                <td>2.740<\/td>\r\n                <td><\/td>\r\n                <td>23.140<\/td>\r\n                <td>24.878<\/td>\r\n            <\/tr>\r\n            <tr>\r\n                <td>Custeio Adm Investimentos+Receitas Diretas<\/td>\r\n                <td>6.599<\/td>\r\n                <td>907<\/td>\r\n                <td>19<\/td>\r\n                <td>159<\/td>\r\n                <td>114<\/td>\r\n                <td>74<\/td>\r\n                <td>249<\/td>\r\n                <td>215<\/td>\r\n                <td>4<\/td>\r\n                <td>100<\/td>\r\n                <td>645<\/td>\r\n                <td>237<\/td>\r\n                <td>41<\/td>\r\n                <td>277<\/td>\r\n                <td>0<\/td>\r\n                <td>9.641<\/td>\r\n                <td>10.598<\/td>\r\n            <\/tr>\r\n            <tr>\r\n                <td>Total Contribui\u00e7\u00f5es + Op Contratadas + Custeio Adm + Receitas Diretas <\/td>\r\n                <td>87.281<\/td>\r\n                <td>11.392<\/td>\r\n                <td>167<\/td>\r\n                <td>330<\/td>\r\n                <td>678<\/td>\r\n                <td>428<\/td>\r\n                <td>328<\/td>\r\n                <td>186<\/td>\r\n                <td>53<\/td>\r\n                <td>1.616<\/td>\r\n                <td>9.151<\/td>\r\n                <td>447<\/td>\r\n                <td>370<\/td>\r\n                <td>3.076<\/td>\r\n                <td>132<\/td>\r\n                <td>115.634<\/td>\r\n                <td>107.229<\/td>\r\n            <\/tr>\r\n        <\/tbody>\r\n    <\/table>\r\n<\/div>\r\n\t\t\t\t<\/div>\n\t\t\t\t<\/div>\n\t\t\t\t<div class=\"elementor-element elementor-element-2200f42 elementor-widget elementor-widget-heading\" data-id=\"2200f42\" data-element_type=\"widget\" data-e-type=\"widget\" data-widget_type=\"heading.default\">\n\t\t\t\t<div class=\"elementor-widget-container\">\n\t\t\t\t\t<h2 class=\"elementor-heading-title elementor-size-default\">Contribui\u00e7\u00f5es dos Participantes: <\/h2>\t\t\t\t<\/div>\n\t\t\t\t<\/div>\n\t\t\t\t<div class=\"elementor-element elementor-element-6bfecfb elementor-widget elementor-widget-text-editor\" data-id=\"6bfecfb\" data-element_type=\"widget\" data-e-type=\"widget\" data-widget_type=\"text-editor.default\">\n\t\t\t\t<div class=\"elementor-widget-container\">\n\t\t\t\t\t\t\t\t\t<p>As contribui\u00e7\u00f5es normais e adicionais dos participantes aumentaram significadamente em 2024, passando de R$ 36.590.000 em 2023 para R$ 41.261.000 em 2024. Esse aumento de aproximadamente 12,76% \u00e9 atribu\u00eddo a uma maior conscientiza\u00e7\u00e3o dos participantes sobre a import\u00e2ncia de contribuir regularmente para garantir um futuro financeiro mais seguro.<\/p><p>As contribui\u00e7\u00f5es espor\u00e1dicas tamb\u00e9m apresentaram um crescimento expressivo de cerca de 61,25%, passando de R$240.000 em 2023 para R$387.000 em 2024.<\/p><p>Esse aumento reflete o resultado de campanhas de incentivo e na facilidade de nossas aplica\u00e7\u00f5es digitais.<\/p><p>J\u00e1 as contribui\u00e7\u00f5es extraordin\u00e1rias dos participantes diminu\u00edram aproximadamente 6,49%, passando de R$ 1.973.000 em 2023 para R$ 1.844.000 em 2024. Essa redu\u00e7\u00e3o indica uma menor necessidade de contribui\u00e7\u00e3o extraordin\u00e1ria devido ao d\u00e9ficit dos planos no ano de 2024.<\/p>\t\t\t\t\t\t\t\t<\/div>\n\t\t\t\t<\/div>\n\t\t\t\t\t<\/div>\n\t\t<\/div>\n\t\t\t\t\t<\/div>\n\t\t<\/section>\n\t\t\t\t<\/div>\n\t\t","protected":false},"excerpt":{"rendered":"<p>A an\u00e1lise comparativa das contribui\u00e7\u00f5es de 2023 e 2024 revela um panorama detalhado das varia\u00e7\u00f5es nas diferentes categorias de contribui\u00e7\u00f5es recebidas pela EnergisaPrev. Observa-se um aumento geral nas contribui\u00e7\u00f5es normais, adicionais e espor\u00e1dicas, tanto dos participantes quanto dos patrocinadores, o que indica uma maior ades\u00e3o e confian\u00e7a dos participantes nos planos oferecidos pela Funda\u00e7\u00e3o. CONTRIBUI\u00c7\u00d5ES [&hellip;]<\/p>\n","protected":false},"author":1,"featured_media":4506,"parent":61,"menu_order":8,"comment_status":"closed","ping_status":"closed","template":"","meta":{"footnotes":""},"class_list":["post-2071","page","type-page","status-publish","has-post-thumbnail","hentry"],"acf":[],"yoast_head":"<!-- This site is optimized with the Yoast SEO plugin v27.4 - https:\/\/yoast.com\/product\/yoast-seo-wordpress\/ -->\n<title>Contribui\u00e7\u00e3o - Relat\u00f3rio Anual<\/title>\n<meta name=\"robots\" content=\"index, follow, max-snippet:-1, max-image-preview:large, max-video-preview:-1\" \/>\n<link rel=\"canonical\" href=\"https:\/\/energisaprev.com.br\/relatorioanual2024\/previdencia\/contribuicao\/\" \/>\n<meta property=\"og:locale\" content=\"pt_BR\" \/>\n<meta property=\"og:type\" content=\"article\" \/>\n<meta property=\"og:title\" content=\"Contribui\u00e7\u00e3o - Relat\u00f3rio Anual\" \/>\n<meta property=\"og:description\" content=\"A an\u00e1lise comparativa das contribui\u00e7\u00f5es de 2023 e 2024 revela um panorama detalhado das varia\u00e7\u00f5es nas diferentes categorias de contribui\u00e7\u00f5es recebidas pela EnergisaPrev. Observa-se um aumento geral nas contribui\u00e7\u00f5es normais, adicionais e espor\u00e1dicas, tanto dos participantes quanto dos patrocinadores, o que indica uma maior ades\u00e3o e confian\u00e7a dos participantes nos planos oferecidos pela Funda\u00e7\u00e3o. CONTRIBUI\u00c7\u00d5ES [&hellip;]\" \/>\n<meta property=\"og:url\" content=\"https:\/\/energisaprev.com.br\/relatorioanual2024\/previdencia\/contribuicao\/\" \/>\n<meta property=\"og:site_name\" content=\"Relat\u00f3rio Anual\" \/>\n<meta property=\"article:modified_time\" content=\"2025-05-12T12:36:19+00:00\" \/>\n<meta property=\"og:image\" content=\"https:\/\/energisaprev.com.br\/relatorioanual2024\/wp-content\/uploads\/2025\/04\/capa-contribuicao.jpg\" \/>\n\t<meta property=\"og:image:width\" content=\"756\" \/>\n\t<meta property=\"og:image:height\" content=\"300\" \/>\n\t<meta property=\"og:image:type\" content=\"image\/jpeg\" \/>\n<meta name=\"twitter:card\" content=\"summary_large_image\" \/>\n<meta name=\"twitter:label1\" content=\"Est. tempo de leitura\" \/>\n\t<meta name=\"twitter:data1\" content=\"3 minutos\" \/>\n<script type=\"application\/ld+json\" class=\"yoast-schema-graph\">{\"@context\":\"https:\\\/\\\/schema.org\",\"@graph\":[{\"@type\":\"WebPage\",\"@id\":\"https:\\\/\\\/energisaprev.com.br\\\/relatorioanual2024\\\/previdencia\\\/contribuicao\\\/\",\"url\":\"https:\\\/\\\/energisaprev.com.br\\\/relatorioanual2024\\\/previdencia\\\/contribuicao\\\/\",\"name\":\"Contribui\u00e7\u00e3o - Relat\u00f3rio Anual\",\"isPartOf\":{\"@id\":\"https:\\\/\\\/energisaprev.com.br\\\/relatorioanual2024\\\/#website\"},\"primaryImageOfPage\":{\"@id\":\"https:\\\/\\\/energisaprev.com.br\\\/relatorioanual2024\\\/previdencia\\\/contribuicao\\\/#primaryimage\"},\"image\":{\"@id\":\"https:\\\/\\\/energisaprev.com.br\\\/relatorioanual2024\\\/previdencia\\\/contribuicao\\\/#primaryimage\"},\"thumbnailUrl\":\"https:\\\/\\\/energisaprev.com.br\\\/relatorioanual2024\\\/wp-content\\\/uploads\\\/2025\\\/04\\\/capa-contribuicao.jpg\",\"datePublished\":\"2024-04-04T17:43:33+00:00\",\"dateModified\":\"2025-05-12T12:36:19+00:00\",\"breadcrumb\":{\"@id\":\"https:\\\/\\\/energisaprev.com.br\\\/relatorioanual2024\\\/previdencia\\\/contribuicao\\\/#breadcrumb\"},\"inLanguage\":\"pt-BR\",\"potentialAction\":[{\"@type\":\"ReadAction\",\"target\":[\"https:\\\/\\\/energisaprev.com.br\\\/relatorioanual2024\\\/previdencia\\\/contribuicao\\\/\"]}]},{\"@type\":\"ImageObject\",\"inLanguage\":\"pt-BR\",\"@id\":\"https:\\\/\\\/energisaprev.com.br\\\/relatorioanual2024\\\/previdencia\\\/contribuicao\\\/#primaryimage\",\"url\":\"https:\\\/\\\/energisaprev.com.br\\\/relatorioanual2024\\\/wp-content\\\/uploads\\\/2025\\\/04\\\/capa-contribuicao.jpg\",\"contentUrl\":\"https:\\\/\\\/energisaprev.com.br\\\/relatorioanual2024\\\/wp-content\\\/uploads\\\/2025\\\/04\\\/capa-contribuicao.jpg\",\"width\":756,\"height\":300},{\"@type\":\"BreadcrumbList\",\"@id\":\"https:\\\/\\\/energisaprev.com.br\\\/relatorioanual2024\\\/previdencia\\\/contribuicao\\\/#breadcrumb\",\"itemListElement\":[{\"@type\":\"ListItem\",\"position\":1,\"name\":\"In\u00edcio\",\"item\":\"https:\\\/\\\/energisaprev.com.br\\\/relatorioanual2024\\\/\"},{\"@type\":\"ListItem\",\"position\":2,\"name\":\"Previd\u00eancia\",\"item\":\"https:\\\/\\\/energisaprev.com.br\\\/relatorioanual2024\\\/previdencia\\\/\"},{\"@type\":\"ListItem\",\"position\":3,\"name\":\"Contribui\u00e7\u00e3o\"}]},{\"@type\":\"WebSite\",\"@id\":\"https:\\\/\\\/energisaprev.com.br\\\/relatorioanual2024\\\/#website\",\"url\":\"https:\\\/\\\/energisaprev.com.br\\\/relatorioanual2024\\\/\",\"name\":\"Relat\u00f3rio Anual\",\"description\":\"\",\"potentialAction\":[{\"@type\":\"SearchAction\",\"target\":{\"@type\":\"EntryPoint\",\"urlTemplate\":\"https:\\\/\\\/energisaprev.com.br\\\/relatorioanual2024\\\/?s={search_term_string}\"},\"query-input\":{\"@type\":\"PropertyValueSpecification\",\"valueRequired\":true,\"valueName\":\"search_term_string\"}}],\"inLanguage\":\"pt-BR\"}]}<\/script>\n<!-- \/ Yoast SEO plugin. -->","yoast_head_json":{"title":"Contribui\u00e7\u00e3o - Relat\u00f3rio Anual","robots":{"index":"index","follow":"follow","max-snippet":"max-snippet:-1","max-image-preview":"max-image-preview:large","max-video-preview":"max-video-preview:-1"},"canonical":"https:\/\/energisaprev.com.br\/relatorioanual2024\/previdencia\/contribuicao\/","og_locale":"pt_BR","og_type":"article","og_title":"Contribui\u00e7\u00e3o - Relat\u00f3rio Anual","og_description":"A an\u00e1lise comparativa das contribui\u00e7\u00f5es de 2023 e 2024 revela um panorama detalhado das varia\u00e7\u00f5es nas diferentes categorias de contribui\u00e7\u00f5es recebidas pela EnergisaPrev. Observa-se um aumento geral nas contribui\u00e7\u00f5es normais, adicionais e espor\u00e1dicas, tanto dos participantes quanto dos patrocinadores, o que indica uma maior ades\u00e3o e confian\u00e7a dos participantes nos planos oferecidos pela Funda\u00e7\u00e3o. CONTRIBUI\u00c7\u00d5ES [&hellip;]","og_url":"https:\/\/energisaprev.com.br\/relatorioanual2024\/previdencia\/contribuicao\/","og_site_name":"Relat\u00f3rio Anual","article_modified_time":"2025-05-12T12:36:19+00:00","og_image":[{"width":756,"height":300,"url":"https:\/\/energisaprev.com.br\/relatorioanual2024\/wp-content\/uploads\/2025\/04\/capa-contribuicao.jpg","type":"image\/jpeg"}],"twitter_card":"summary_large_image","twitter_misc":{"Est. tempo de leitura":"3 minutos"},"schema":{"@context":"https:\/\/schema.org","@graph":[{"@type":"WebPage","@id":"https:\/\/energisaprev.com.br\/relatorioanual2024\/previdencia\/contribuicao\/","url":"https:\/\/energisaprev.com.br\/relatorioanual2024\/previdencia\/contribuicao\/","name":"Contribui\u00e7\u00e3o - Relat\u00f3rio Anual","isPartOf":{"@id":"https:\/\/energisaprev.com.br\/relatorioanual2024\/#website"},"primaryImageOfPage":{"@id":"https:\/\/energisaprev.com.br\/relatorioanual2024\/previdencia\/contribuicao\/#primaryimage"},"image":{"@id":"https:\/\/energisaprev.com.br\/relatorioanual2024\/previdencia\/contribuicao\/#primaryimage"},"thumbnailUrl":"https:\/\/energisaprev.com.br\/relatorioanual2024\/wp-content\/uploads\/2025\/04\/capa-contribuicao.jpg","datePublished":"2024-04-04T17:43:33+00:00","dateModified":"2025-05-12T12:36:19+00:00","breadcrumb":{"@id":"https:\/\/energisaprev.com.br\/relatorioanual2024\/previdencia\/contribuicao\/#breadcrumb"},"inLanguage":"pt-BR","potentialAction":[{"@type":"ReadAction","target":["https:\/\/energisaprev.com.br\/relatorioanual2024\/previdencia\/contribuicao\/"]}]},{"@type":"ImageObject","inLanguage":"pt-BR","@id":"https:\/\/energisaprev.com.br\/relatorioanual2024\/previdencia\/contribuicao\/#primaryimage","url":"https:\/\/energisaprev.com.br\/relatorioanual2024\/wp-content\/uploads\/2025\/04\/capa-contribuicao.jpg","contentUrl":"https:\/\/energisaprev.com.br\/relatorioanual2024\/wp-content\/uploads\/2025\/04\/capa-contribuicao.jpg","width":756,"height":300},{"@type":"BreadcrumbList","@id":"https:\/\/energisaprev.com.br\/relatorioanual2024\/previdencia\/contribuicao\/#breadcrumb","itemListElement":[{"@type":"ListItem","position":1,"name":"In\u00edcio","item":"https:\/\/energisaprev.com.br\/relatorioanual2024\/"},{"@type":"ListItem","position":2,"name":"Previd\u00eancia","item":"https:\/\/energisaprev.com.br\/relatorioanual2024\/previdencia\/"},{"@type":"ListItem","position":3,"name":"Contribui\u00e7\u00e3o"}]},{"@type":"WebSite","@id":"https:\/\/energisaprev.com.br\/relatorioanual2024\/#website","url":"https:\/\/energisaprev.com.br\/relatorioanual2024\/","name":"Relat\u00f3rio Anual","description":"","potentialAction":[{"@type":"SearchAction","target":{"@type":"EntryPoint","urlTemplate":"https:\/\/energisaprev.com.br\/relatorioanual2024\/?s={search_term_string}"},"query-input":{"@type":"PropertyValueSpecification","valueRequired":true,"valueName":"search_term_string"}}],"inLanguage":"pt-BR"}]}},"_links":{"self":[{"href":"https:\/\/energisaprev.com.br\/relatorioanual2024\/wp-json\/wp\/v2\/pages\/2071","targetHints":{"allow":["GET"]}}],"collection":[{"href":"https:\/\/energisaprev.com.br\/relatorioanual2024\/wp-json\/wp\/v2\/pages"}],"about":[{"href":"https:\/\/energisaprev.com.br\/relatorioanual2024\/wp-json\/wp\/v2\/types\/page"}],"author":[{"embeddable":true,"href":"https:\/\/energisaprev.com.br\/relatorioanual2024\/wp-json\/wp\/v2\/users\/1"}],"replies":[{"embeddable":true,"href":"https:\/\/energisaprev.com.br\/relatorioanual2024\/wp-json\/wp\/v2\/comments?post=2071"}],"version-history":[{"count":16,"href":"https:\/\/energisaprev.com.br\/relatorioanual2024\/wp-json\/wp\/v2\/pages\/2071\/revisions"}],"predecessor-version":[{"id":5287,"href":"https:\/\/energisaprev.com.br\/relatorioanual2024\/wp-json\/wp\/v2\/pages\/2071\/revisions\/5287"}],"up":[{"embeddable":true,"href":"https:\/\/energisaprev.com.br\/relatorioanual2024\/wp-json\/wp\/v2\/pages\/61"}],"wp:featuredmedia":[{"embeddable":true,"href":"https:\/\/energisaprev.com.br\/relatorioanual2024\/wp-json\/wp\/v2\/media\/4506"}],"wp:attachment":[{"href":"https:\/\/energisaprev.com.br\/relatorioanual2024\/wp-json\/wp\/v2\/media?parent=2071"}],"curies":[{"name":"wp","href":"https:\/\/api.w.org\/{rel}","templated":true}]}}