{"id":2064,"date":"2024-04-04T14:36:28","date_gmt":"2024-04-04T17:36:28","guid":{"rendered":"https:\/\/crtcomunicacao.com.br\/rai_energisa\/?page_id=2064"},"modified":"2025-04-30T05:27:56","modified_gmt":"2025-04-30T08:27:56","slug":"patrocinadores","status":"publish","type":"page","link":"https:\/\/energisaprev.com.br\/relatorioanual2024\/previdencia\/patrocinadores\/","title":{"rendered":"Patrocinadores"},"content":{"rendered":"\t\t<div data-elementor-type=\"wp-page\" data-elementor-id=\"2064\" class=\"elementor elementor-2064\">\n\t\t\t\t\t\t<section data-particle_enable=\"false\" data-particle-mobile-disabled=\"false\" class=\"elementor-section elementor-top-section elementor-element elementor-element-0c3efa8 elementor-section-boxed elementor-section-height-default elementor-section-height-default\" data-id=\"0c3efa8\" data-element_type=\"section\" data-e-type=\"section\">\n\t\t\t\t\t\t<div class=\"elementor-container elementor-column-gap-default\">\n\t\t\t\t\t<div class=\"elementor-column elementor-col-100 elementor-top-column elementor-element elementor-element-7e8422e\" data-id=\"7e8422e\" data-element_type=\"column\" data-e-type=\"column\">\n\t\t\t<div class=\"elementor-widget-wrap elementor-element-populated\">\n\t\t\t\t\t\t<div class=\"elementor-element elementor-element-de1c491 elementor-widget elementor-widget-text-editor\" data-id=\"de1c491\" data-element_type=\"widget\" data-e-type=\"widget\" data-widget_type=\"text-editor.default\">\n\t\t\t\t<div class=\"elementor-widget-container\">\n\t\t\t\t\t\t\t\t\t<div title=\"Page 8\"><p>A tabela abaixo demonstra as empresas que a EnergisaPrev tem como patrocinadoras e seus respectivos planos de benef\u00edcios:<\/p><\/div>\t\t\t\t\t\t\t\t<\/div>\n\t\t\t\t<\/div>\n\t\t\t\t<div class=\"elementor-element elementor-element-4fe455e elementor-widget elementor-widget-html\" data-id=\"4fe455e\" data-element_type=\"widget\" data-e-type=\"widget\" data-widget_type=\"html.default\">\n\t\t\t\t<div class=\"elementor-widget-container\">\n\t\t\t\t\t<div class=\"overflow-auto table_capsulediv\">\r\n    <table class=\"table padrao_table\">\r\n    <thead>\r\n            <tr>\r\n                <th>PATROCINADORAS<\/th>\r\n                <th>PLANOS<\/th>\r\n            <\/tr>\r\n        <\/thead>\r\n    <tbody>\r\n        <tr>\r\n            <td>ENERGISA MATO GROSSO DISTRIBUIDORA DE ENERGIA S\/A<\/td>\r\n            <td class=\"text-center\">Energisa CD, Cemat BD, Cemat OP, Plano Risco e Energisa Sudeste<\/td>\r\n        <\/tr>\r\n        <tr>\r\n            <td>ENERGISA TOCANTINS DISTRIBUIDORA DE ENERGIA S\/A<\/td>\r\n            <td class=\"text-center\">Energisa CD, El\u00e9tricas OP, Plano Risco e Energisa Sudeste<\/td>\r\n        <\/tr>\r\n        <tr>\r\n            <td>ENERGISA SUL SUDESTE DISTRIBUIDORA DE ENERGIA S\/A<\/td>\r\n            <td class=\"text-center\">Energisa CD, El\u00e9tricas BDI, El\u00e9tricas OP, Plano Risco e Energisa Sudeste<\/td>\r\n        <\/tr>\r\n        <tr>\r\n            <td>ENERGISA MATO GROSSO DO SUL DISTRIBUIDORA DE ENERGIA S\/A<\/td>\r\n            <td class=\"text-center\">Energisa CD, El\u00e9tricas OP, Plano Risco, Plano I, Plano II e Energisa Sudeste<\/td>\r\n        <\/tr>\r\n        <tr>\r\n            <td>ENERGISA MINAS RIO - DISTRIBUI\u00c7\u00c3O DE ENERGIA S\/A<\/td>\r\n            <td class=\"text-center\">Energisa CD e Energisa Sudeste<\/td>\r\n        <\/tr>\r\n        <tr>\r\n            <td>ENERGISA RONDONIA DISTRIBUIDORA DE ENERGIA S\/A<\/td>\r\n            <td class=\"text-center\">Energisa CD, Energisa Sudeste e Energisa Rond\u00f4nia<\/td>\r\n        <\/tr>\r\n        <tr>\r\n            <td>ENERGISA ACRE DISTRIBUIDORA DE ENERGISA S\/A<\/td>\r\n            <td class=\"text-center\">Energisa CD, Energisa Sudeste e Energisa Acre<\/td>\r\n        <\/tr>\r\n        <tr>\r\n            <td>TOCANTINS ENERG\u00c9TICA S\/A<\/td>\r\n            <td class=\"text-center\">El\u00e9tricas OP e Plano Risco<\/td>\r\n        <\/tr>\r\n        <tr>\r\n            <td>ENERGISA SERGIPE DISTRIBUIDORA DE ENERGIA S\/A<\/td>\r\n            <td class=\"text-center\">Energisa CD, Energisa Sudeste, Sergipe CD e Sergipe Saldado<\/td>\r\n        <\/tr>\r\n        <tr>\r\n            <td>ENERGISA PARA\u00cdBA DISTRIBUIDORA DE ENERGIA S\/A<\/td>\r\n            <td class=\"text-center\">Energisa CD, Energisa Sudeste, Funasa PO, Funasa Saldado e Funasa PCD<\/td>\r\n        <\/tr>\r\n        <tr>\r\n            <td>ENERGISA TOCANTINS TRANSMISSORA DE ENERGIA S\/A<\/td>\r\n            <td class=\"text-center\">Energisa CD<\/td>\r\n        <\/tr>\r\n        <tr>\r\n            <td>ENERGISA GOIAS TRANSMISSORA DE ENERGIA S\/A<\/td>\r\n            <td class=\"text-center\">Energisa CD<\/td>\r\n        <\/tr>\r\n        <tr>\r\n            <td>ENERGISA PARA TRANSMISSORA DE ENERGIA S\/A<\/td>\r\n            <td class=\"text-center\">Energisa CD<\/td>\r\n        <\/tr>\r\n        <tr>\r\n            <td>GEMINI ENERGY S.A.<\/td>\r\n            <td class=\"text-center\">Energisa CD<\/td>\r\n        <\/tr>\r\n        <tr>\r\n            <td>ENERGISA AMAZONAS TRANSMISSORA DE ENERGIA S\/A<\/td>\r\n            <td class=\"text-center\">Energisa CD<\/td>\r\n        <\/tr>\r\n        <tr>\r\n            <td>ENERGISA S\/A<\/td>\r\n            <td class=\"text-center\">Energisa CD e Energisa Sudeste<\/td>\r\n        <\/tr>\r\n        <tr>\r\n            <td>ENERGISA SOLU\u00c7\u00d5ES S\/A<\/td>\r\n            <td class=\"text-center\">Energisa CD e Energisa Sudeste<\/td>\r\n        <\/tr>\r\n        <tr>\r\n            <td>ENERGISA PLANEJAMENTO E CORRETAGEM DE SEGUROS LTDA<\/td>\r\n            <td class=\"text-center\">Energisa CD e Energisa Sudeste<\/td>\r\n        <\/tr>\r\n        <tr>\r\n            <td>ENERGISA SOLU\u00c7\u00d5ES CONSTRU\u00c7\u00d5ES E SERVI\u00c7OS EM LINHAS E REDES S\/A<\/td>\r\n            <td class=\"text-center\">Energisa CD e Energisa Sudeste<\/td>\r\n        <\/tr>\r\n        <tr>\r\n            <td>ALSOL ENERGIAS RENOV\u00c1VEIS S\/A<\/td>\r\n            <td class=\"text-center\">Energisa CD<\/td>\r\n        <\/tr>\r\n        <tr>\r\n            <td>MULTI ENERGISA SERVI\u00c7OS S\/A<\/td>\r\n            <td class=\"text-center\">Energisa CD<\/td>\r\n        <\/tr>\r\n        <tr>\r\n            <td>ENERGISA SERVI\u00c7OS A\u00c9REOS DE AEROINSPE\u00c7\u00c3O S\/A<\/td>\r\n            <td class=\"text-center\">Energisa CD e Energisa Sudeste<\/td>\r\n        <\/tr>\r\n<\/tbody>\r\n<\/table>\r\n<\/div>\t\t\t\t<\/div>\n\t\t\t\t<\/div>\n\t\t\t\t\t<\/div>\n\t\t<\/div>\n\t\t\t\t\t<\/div>\n\t\t<\/section>\n\t\t<div data-particle_enable=\"false\" data-particle-mobile-disabled=\"false\" class=\"elementor-element elementor-element-4d88b70 e-flex e-con-boxed e-con e-parent\" data-id=\"4d88b70\" data-element_type=\"container\" data-e-type=\"container\">\n\t\t\t\t\t<div class=\"e-con-inner\">\n\t\t\t\t<div class=\"elementor-element elementor-element-aa9142a elementor-widget elementor-widget-heading\" data-id=\"aa9142a\" data-element_type=\"widget\" data-e-type=\"widget\" data-widget_type=\"heading.default\">\n\t\t\t\t<div class=\"elementor-widget-container\">\n\t\t\t\t\t<h2 class=\"elementor-heading-title elementor-size-default\">Retirada Tocantins Energ\u00e9tica 2025 <\/h2>\t\t\t\t<\/div>\n\t\t\t\t<\/div>\n\t\t\t\t\t<\/div>\n\t\t\t\t<\/div>\n\t\t<div data-particle_enable=\"false\" data-particle-mobile-disabled=\"false\" class=\"elementor-element elementor-element-e8be118 e-flex e-con-boxed e-con e-parent\" data-id=\"e8be118\" data-element_type=\"container\" data-e-type=\"container\">\n\t\t\t\t\t<div class=\"e-con-inner\">\n\t\t\t\t<div class=\"elementor-element elementor-element-5c559ff elementor-widget elementor-widget-text-editor\" data-id=\"5c559ff\" data-element_type=\"widget\" data-e-type=\"widget\" data-widget_type=\"text-editor.default\">\n\t\t\t\t<div class=\"elementor-widget-container\">\n\t\t\t\t\t\t\t\t\t<p>No dia 25\/09\/2024, a EnergisaPrev recebeu a companhia Tocantins Energ\u00e9tica S\/A, inscrita no CNPJ\/ME n\u00ba 01.673.025\/0001-19, o requerimento para a retirada de patroc\u00ednio em rela\u00e7\u00e3o ao Plano de Benef\u00edcios El\u00e9tricas OP e Plano de Benef\u00edcios R.<\/p><p>A solicita\u00e7\u00e3o fundamenta-se no conv\u00eanio de ades\u00e3o firmado e o encerramento deve-se ao fato de que a empresa n\u00e3o mais integra o grupo econ\u00f4mico Energisa.<\/p><p>Essa a\u00e7\u00e3o n\u00e3o implicar\u00e1 qualquer \u00f4nus aos participantes: os direitos e benef\u00edcios previstos em regulamento permanecem inalterados.<\/p><p>Em 13 de dezembro, a EnergisaPrev protocolou junto \u00e0 PREVIC o pedido de retirada parcial de Patroc\u00ednio pela Tocantins Energ\u00e9tica dos Planos R e El\u00e9tricas OP.<\/p>\t\t\t\t\t\t\t\t<\/div>\n\t\t\t\t<\/div>\n\t\t\t\t\t<\/div>\n\t\t\t\t<\/div>\n\t\t\t\t<\/div>\n\t\t","protected":false},"excerpt":{"rendered":"<p>A tabela abaixo demonstra as empresas que a EnergisaPrev tem como patrocinadoras e seus respectivos planos de benef\u00edcios: PATROCINADORAS PLANOS ENERGISA MATO GROSSO DISTRIBUIDORA DE ENERGIA S\/A Energisa CD, Cemat BD, Cemat OP, Plano Risco e Energisa Sudeste ENERGISA TOCANTINS DISTRIBUIDORA DE ENERGIA S\/A Energisa CD, El\u00e9tricas OP, Plano Risco e Energisa Sudeste ENERGISA SUL [&hellip;]<\/p>\n","protected":false},"author":1,"featured_media":4508,"parent":61,"menu_order":9,"comment_status":"closed","ping_status":"closed","template":"","meta":{"footnotes":""},"class_list":["post-2064","page","type-page","status-publish","has-post-thumbnail","hentry"],"acf":[],"yoast_head":"<!-- This site is optimized with the Yoast SEO plugin v27.4 - https:\/\/yoast.com\/product\/yoast-seo-wordpress\/ -->\n<title>Patrocinadores - Relat\u00f3rio Anual<\/title>\n<meta name=\"robots\" content=\"index, follow, max-snippet:-1, max-image-preview:large, max-video-preview:-1\" \/>\n<link rel=\"canonical\" href=\"https:\/\/energisaprev.com.br\/relatorioanual2024\/previdencia\/patrocinadores\/\" \/>\n<meta property=\"og:locale\" content=\"pt_BR\" \/>\n<meta property=\"og:type\" content=\"article\" \/>\n<meta property=\"og:title\" content=\"Patrocinadores - Relat\u00f3rio Anual\" \/>\n<meta property=\"og:description\" content=\"A tabela abaixo demonstra as empresas que a EnergisaPrev tem como patrocinadoras e seus respectivos planos de benef\u00edcios: PATROCINADORAS PLANOS ENERGISA MATO GROSSO DISTRIBUIDORA DE ENERGIA S\/A Energisa CD, Cemat BD, Cemat OP, Plano Risco e Energisa Sudeste ENERGISA TOCANTINS DISTRIBUIDORA DE ENERGIA S\/A Energisa CD, El\u00e9tricas OP, Plano Risco e Energisa Sudeste ENERGISA SUL [&hellip;]\" \/>\n<meta property=\"og:url\" content=\"https:\/\/energisaprev.com.br\/relatorioanual2024\/previdencia\/patrocinadores\/\" \/>\n<meta property=\"og:site_name\" content=\"Relat\u00f3rio Anual\" \/>\n<meta property=\"article:modified_time\" content=\"2025-04-30T08:27:56+00:00\" \/>\n<meta property=\"og:image\" content=\"https:\/\/energisaprev.com.br\/relatorioanual2024\/wp-content\/uploads\/2025\/04\/capa-patrocinadores.jpg\" \/>\n\t<meta property=\"og:image:width\" content=\"756\" \/>\n\t<meta property=\"og:image:height\" content=\"300\" \/>\n\t<meta property=\"og:image:type\" content=\"image\/jpeg\" \/>\n<meta name=\"twitter:card\" content=\"summary_large_image\" \/>\n<meta name=\"twitter:label1\" content=\"Est. tempo de leitura\" \/>\n\t<meta name=\"twitter:data1\" content=\"3 minutos\" \/>\n<script type=\"application\/ld+json\" class=\"yoast-schema-graph\">{\"@context\":\"https:\\\/\\\/schema.org\",\"@graph\":[{\"@type\":\"WebPage\",\"@id\":\"https:\\\/\\\/energisaprev.com.br\\\/relatorioanual2024\\\/previdencia\\\/patrocinadores\\\/\",\"url\":\"https:\\\/\\\/energisaprev.com.br\\\/relatorioanual2024\\\/previdencia\\\/patrocinadores\\\/\",\"name\":\"Patrocinadores - Relat\u00f3rio Anual\",\"isPartOf\":{\"@id\":\"https:\\\/\\\/energisaprev.com.br\\\/relatorioanual2024\\\/#website\"},\"primaryImageOfPage\":{\"@id\":\"https:\\\/\\\/energisaprev.com.br\\\/relatorioanual2024\\\/previdencia\\\/patrocinadores\\\/#primaryimage\"},\"image\":{\"@id\":\"https:\\\/\\\/energisaprev.com.br\\\/relatorioanual2024\\\/previdencia\\\/patrocinadores\\\/#primaryimage\"},\"thumbnailUrl\":\"https:\\\/\\\/energisaprev.com.br\\\/relatorioanual2024\\\/wp-content\\\/uploads\\\/2025\\\/04\\\/capa-patrocinadores.jpg\",\"datePublished\":\"2024-04-04T17:36:28+00:00\",\"dateModified\":\"2025-04-30T08:27:56+00:00\",\"breadcrumb\":{\"@id\":\"https:\\\/\\\/energisaprev.com.br\\\/relatorioanual2024\\\/previdencia\\\/patrocinadores\\\/#breadcrumb\"},\"inLanguage\":\"pt-BR\",\"potentialAction\":[{\"@type\":\"ReadAction\",\"target\":[\"https:\\\/\\\/energisaprev.com.br\\\/relatorioanual2024\\\/previdencia\\\/patrocinadores\\\/\"]}]},{\"@type\":\"ImageObject\",\"inLanguage\":\"pt-BR\",\"@id\":\"https:\\\/\\\/energisaprev.com.br\\\/relatorioanual2024\\\/previdencia\\\/patrocinadores\\\/#primaryimage\",\"url\":\"https:\\\/\\\/energisaprev.com.br\\\/relatorioanual2024\\\/wp-content\\\/uploads\\\/2025\\\/04\\\/capa-patrocinadores.jpg\",\"contentUrl\":\"https:\\\/\\\/energisaprev.com.br\\\/relatorioanual2024\\\/wp-content\\\/uploads\\\/2025\\\/04\\\/capa-patrocinadores.jpg\",\"width\":756,\"height\":300},{\"@type\":\"BreadcrumbList\",\"@id\":\"https:\\\/\\\/energisaprev.com.br\\\/relatorioanual2024\\\/previdencia\\\/patrocinadores\\\/#breadcrumb\",\"itemListElement\":[{\"@type\":\"ListItem\",\"position\":1,\"name\":\"In\u00edcio\",\"item\":\"https:\\\/\\\/energisaprev.com.br\\\/relatorioanual2024\\\/\"},{\"@type\":\"ListItem\",\"position\":2,\"name\":\"Previd\u00eancia\",\"item\":\"https:\\\/\\\/energisaprev.com.br\\\/relatorioanual2024\\\/previdencia\\\/\"},{\"@type\":\"ListItem\",\"position\":3,\"name\":\"Patrocinadores\"}]},{\"@type\":\"WebSite\",\"@id\":\"https:\\\/\\\/energisaprev.com.br\\\/relatorioanual2024\\\/#website\",\"url\":\"https:\\\/\\\/energisaprev.com.br\\\/relatorioanual2024\\\/\",\"name\":\"Relat\u00f3rio Anual\",\"description\":\"\",\"potentialAction\":[{\"@type\":\"SearchAction\",\"target\":{\"@type\":\"EntryPoint\",\"urlTemplate\":\"https:\\\/\\\/energisaprev.com.br\\\/relatorioanual2024\\\/?s={search_term_string}\"},\"query-input\":{\"@type\":\"PropertyValueSpecification\",\"valueRequired\":true,\"valueName\":\"search_term_string\"}}],\"inLanguage\":\"pt-BR\"}]}<\/script>\n<!-- \/ Yoast SEO plugin. -->","yoast_head_json":{"title":"Patrocinadores - Relat\u00f3rio Anual","robots":{"index":"index","follow":"follow","max-snippet":"max-snippet:-1","max-image-preview":"max-image-preview:large","max-video-preview":"max-video-preview:-1"},"canonical":"https:\/\/energisaprev.com.br\/relatorioanual2024\/previdencia\/patrocinadores\/","og_locale":"pt_BR","og_type":"article","og_title":"Patrocinadores - Relat\u00f3rio Anual","og_description":"A tabela abaixo demonstra as empresas que a EnergisaPrev tem como patrocinadoras e seus respectivos planos de benef\u00edcios: PATROCINADORAS PLANOS ENERGISA MATO GROSSO DISTRIBUIDORA DE ENERGIA S\/A Energisa CD, Cemat BD, Cemat OP, Plano Risco e Energisa Sudeste ENERGISA TOCANTINS DISTRIBUIDORA DE ENERGIA S\/A Energisa CD, El\u00e9tricas OP, Plano Risco e Energisa Sudeste ENERGISA SUL [&hellip;]","og_url":"https:\/\/energisaprev.com.br\/relatorioanual2024\/previdencia\/patrocinadores\/","og_site_name":"Relat\u00f3rio Anual","article_modified_time":"2025-04-30T08:27:56+00:00","og_image":[{"width":756,"height":300,"url":"https:\/\/energisaprev.com.br\/relatorioanual2024\/wp-content\/uploads\/2025\/04\/capa-patrocinadores.jpg","type":"image\/jpeg"}],"twitter_card":"summary_large_image","twitter_misc":{"Est. tempo de leitura":"3 minutos"},"schema":{"@context":"https:\/\/schema.org","@graph":[{"@type":"WebPage","@id":"https:\/\/energisaprev.com.br\/relatorioanual2024\/previdencia\/patrocinadores\/","url":"https:\/\/energisaprev.com.br\/relatorioanual2024\/previdencia\/patrocinadores\/","name":"Patrocinadores - Relat\u00f3rio Anual","isPartOf":{"@id":"https:\/\/energisaprev.com.br\/relatorioanual2024\/#website"},"primaryImageOfPage":{"@id":"https:\/\/energisaprev.com.br\/relatorioanual2024\/previdencia\/patrocinadores\/#primaryimage"},"image":{"@id":"https:\/\/energisaprev.com.br\/relatorioanual2024\/previdencia\/patrocinadores\/#primaryimage"},"thumbnailUrl":"https:\/\/energisaprev.com.br\/relatorioanual2024\/wp-content\/uploads\/2025\/04\/capa-patrocinadores.jpg","datePublished":"2024-04-04T17:36:28+00:00","dateModified":"2025-04-30T08:27:56+00:00","breadcrumb":{"@id":"https:\/\/energisaprev.com.br\/relatorioanual2024\/previdencia\/patrocinadores\/#breadcrumb"},"inLanguage":"pt-BR","potentialAction":[{"@type":"ReadAction","target":["https:\/\/energisaprev.com.br\/relatorioanual2024\/previdencia\/patrocinadores\/"]}]},{"@type":"ImageObject","inLanguage":"pt-BR","@id":"https:\/\/energisaprev.com.br\/relatorioanual2024\/previdencia\/patrocinadores\/#primaryimage","url":"https:\/\/energisaprev.com.br\/relatorioanual2024\/wp-content\/uploads\/2025\/04\/capa-patrocinadores.jpg","contentUrl":"https:\/\/energisaprev.com.br\/relatorioanual2024\/wp-content\/uploads\/2025\/04\/capa-patrocinadores.jpg","width":756,"height":300},{"@type":"BreadcrumbList","@id":"https:\/\/energisaprev.com.br\/relatorioanual2024\/previdencia\/patrocinadores\/#breadcrumb","itemListElement":[{"@type":"ListItem","position":1,"name":"In\u00edcio","item":"https:\/\/energisaprev.com.br\/relatorioanual2024\/"},{"@type":"ListItem","position":2,"name":"Previd\u00eancia","item":"https:\/\/energisaprev.com.br\/relatorioanual2024\/previdencia\/"},{"@type":"ListItem","position":3,"name":"Patrocinadores"}]},{"@type":"WebSite","@id":"https:\/\/energisaprev.com.br\/relatorioanual2024\/#website","url":"https:\/\/energisaprev.com.br\/relatorioanual2024\/","name":"Relat\u00f3rio Anual","description":"","potentialAction":[{"@type":"SearchAction","target":{"@type":"EntryPoint","urlTemplate":"https:\/\/energisaprev.com.br\/relatorioanual2024\/?s={search_term_string}"},"query-input":{"@type":"PropertyValueSpecification","valueRequired":true,"valueName":"search_term_string"}}],"inLanguage":"pt-BR"}]}},"_links":{"self":[{"href":"https:\/\/energisaprev.com.br\/relatorioanual2024\/wp-json\/wp\/v2\/pages\/2064","targetHints":{"allow":["GET"]}}],"collection":[{"href":"https:\/\/energisaprev.com.br\/relatorioanual2024\/wp-json\/wp\/v2\/pages"}],"about":[{"href":"https:\/\/energisaprev.com.br\/relatorioanual2024\/wp-json\/wp\/v2\/types\/page"}],"author":[{"embeddable":true,"href":"https:\/\/energisaprev.com.br\/relatorioanual2024\/wp-json\/wp\/v2\/users\/1"}],"replies":[{"embeddable":true,"href":"https:\/\/energisaprev.com.br\/relatorioanual2024\/wp-json\/wp\/v2\/comments?post=2064"}],"version-history":[{"count":13,"href":"https:\/\/energisaprev.com.br\/relatorioanual2024\/wp-json\/wp\/v2\/pages\/2064\/revisions"}],"predecessor-version":[{"id":5170,"href":"https:\/\/energisaprev.com.br\/relatorioanual2024\/wp-json\/wp\/v2\/pages\/2064\/revisions\/5170"}],"up":[{"embeddable":true,"href":"https:\/\/energisaprev.com.br\/relatorioanual2024\/wp-json\/wp\/v2\/pages\/61"}],"wp:featuredmedia":[{"embeddable":true,"href":"https:\/\/energisaprev.com.br\/relatorioanual2024\/wp-json\/wp\/v2\/media\/4508"}],"wp:attachment":[{"href":"https:\/\/energisaprev.com.br\/relatorioanual2024\/wp-json\/wp\/v2\/media?parent=2064"}],"curies":[{"name":"wp","href":"https:\/\/api.w.org\/{rel}","templated":true}]}}